{"id":15062,"date":"2024-05-19T15:09:41","date_gmt":"2024-05-19T15:09:41","guid":{"rendered":"https:\/\/gourmandpastries.com\/?page_id=15062"},"modified":"2026-02-03T15:44:16","modified_gmt":"2026-02-03T15:44:16","slug":"odrzivost","status":"publish","type":"page","link":"https:\/\/gourmandpastries.com\/hr\/o-gourmand-pastries-bake-off-pecivima\/odrzivost\/","title":{"rendered":"Odr\u017eivost"},"content":{"rendered":"<h1 class=\"text-left\">Na\u0161a predanost odr\u017eivosti<\/h1>\n<p>Poduzimamo mnogo inicijativa kako bismo smanjili na\u0161 ekolo\u0161ki otisak. <a href=\"https:\/\/gourmandpastries.com\/hr\/o-gourmand-pastries-bake-off-pecivima\/\">Gourmand Pastries<\/a> sna\u017eno vjeruje da je potrebno ve\u0107 danas poduzeti radnje kako bismo zajam\u010dili uspjeh u budu\u0107nosti. Stoga sura\u0111ujemo s na\u0161im kupcima, dobavlja\u010dima i tre\u0107im stranama na pobolj\u0161anju odr\u017eivosti u cijelom lancu vrijednosti.<\/p>\n<p>Kako bismo ostvarili ovu predanost, usredoto\u010deni smo na tri klju\u010dna stupa:<\/p>\n<ul>\n<li><a href=\"#waste\">Otpad<\/a><\/li>\n<li><a href=\"#energy\">Energija<\/a><\/li>\n<li><a href=\"#sourcing\">Porijeklo<\/a><\/li>\n<li><a href=\"#people\">Ljudi<\/a><\/li>\n<\/ul>\n<p>&nbsp;<\/p>\n","protected":false},"excerpt":{"rendered":"<p>Na\u0161a predanost odr\u017eivosti Poduzimamo mnogo inicijativa kako bismo smanjili na\u0161 ekolo\u0161ki otisak. Gourmand Pastries sna\u017eno vjeruje da je potrebno ve\u0107 danas poduzeti radnje kako bismo zajam\u010dili uspjeh u budu\u0107nosti. Stoga sura\u0111ujemo s na\u0161im kupcima, dobavlja\u010dima i tre\u0107im stranama na pobolj\u0161anju odr\u017eivosti u cijelom lancu vrijednosti. Kako bismo ostvarili ovu predanost, usredoto\u010deni smo na tri klju\u010dna [&hellip;]<\/p>\n","protected":false},"author":11,"featured_media":13975,"parent":13963,"menu_order":0,"comment_status":"closed","ping_status":"closed","template":"","meta":{"_acf_changed":false,"footnotes":""},"class_list":["post-15062","page","type-page","status-publish","has-post-thumbnail","hentry"],"acf":[],"yoast_head":"<!-- This site is optimized with the Yoast SEO plugin v27.3 - https:\/\/yoast.com\/product\/yoast-seo-wordpress\/ -->\n<title>Odr\u017eivost - Gourmand Pastries<\/title>\n<meta name=\"description\" content=\"Na\u0161a predanost odr\u017eivosti Poduzimamo mnogo inicijativa kako bismo smanjili na\u0161 ekolo\u0161ki otisak. Gourmand Pastries sna\u017eno vjeruje da je potrebno ve\u0107 danas\" \/>\n<meta name=\"robots\" content=\"index, follow, max-snippet:-1, max-image-preview:large, max-video-preview:-1\" \/>\n<link rel=\"canonical\" href=\"https:\/\/gourmandpastries.com\/hr\/o-gourmand-pastries-bake-off-pecivima\/odrzivost\/\" \/>\n<meta property=\"og:locale\" content=\"hr_HR\" \/>\n<meta property=\"og:type\" content=\"article\" \/>\n<meta property=\"og:title\" content=\"Odr\u017eivost - Gourmand Pastries\" \/>\n<meta property=\"og:description\" content=\"Na\u0161a predanost odr\u017eivosti Poduzimamo mnogo inicijativa kako bismo smanjili na\u0161 ekolo\u0161ki otisak. Gourmand Pastries sna\u017eno vjeruje da je potrebno ve\u0107 danas\" \/>\n<meta property=\"og:url\" content=\"https:\/\/gourmandpastries.com\/hr\/o-gourmand-pastries-bake-off-pecivima\/odrzivost\/\" \/>\n<meta property=\"og:site_name\" content=\"Gourmand Pastries\" \/>\n<meta property=\"article:publisher\" content=\"https:\/\/www.facebook.com\/people\/Gourmand-Pastries\/100068122835291\/\" \/>\n<meta property=\"article:modified_time\" content=\"2026-02-03T15:44:16+00:00\" \/>\n<meta property=\"og:image\" content=\"https:\/\/gourmandpastries.com\/wp-content\/uploads\/2024\/05\/Gourmand_duurzaamheid.jpg\" \/>\n\t<meta property=\"og:image:width\" content=\"960\" \/>\n\t<meta property=\"og:image:height\" content=\"606\" \/>\n\t<meta property=\"og:image:type\" content=\"image\/jpeg\" \/>\n<meta name=\"twitter:card\" content=\"summary_large_image\" \/>\n<meta name=\"twitter:label1\" content=\"Procijenjeno vrijeme \u010ditanja\" \/>\n\t<meta name=\"twitter:data1\" content=\"1 minuta\" \/>\n<script type=\"application\/ld+json\" class=\"yoast-schema-graph\">{\"@context\":\"https:\\\/\\\/schema.org\",\"@graph\":[{\"@type\":\"WebPage\",\"@id\":\"https:\\\/\\\/gourmandpastries.com\\\/hr\\\/o-gourmand-pastries-bake-off-pecivima\\\/odrzivost\\\/\",\"url\":\"https:\\\/\\\/gourmandpastries.com\\\/hr\\\/o-gourmand-pastries-bake-off-pecivima\\\/odrzivost\\\/\",\"name\":\"Odr\u017eivost - Gourmand Pastries\",\"isPartOf\":{\"@id\":\"https:\\\/\\\/gourmandpastries.com\\\/hr\\\/#website\"},\"primaryImageOfPage\":{\"@id\":\"https:\\\/\\\/gourmandpastries.com\\\/hr\\\/o-gourmand-pastries-bake-off-pecivima\\\/odrzivost\\\/#primaryimage\"},\"image\":{\"@id\":\"https:\\\/\\\/gourmandpastries.com\\\/hr\\\/o-gourmand-pastries-bake-off-pecivima\\\/odrzivost\\\/#primaryimage\"},\"thumbnailUrl\":\"https:\\\/\\\/gourmandpastries.com\\\/wp-content\\\/uploads\\\/2024\\\/05\\\/Gourmand_duurzaamheid.jpg\",\"datePublished\":\"2024-05-19T15:09:41+00:00\",\"dateModified\":\"2026-02-03T15:44:16+00:00\",\"description\":\"Na\u0161a predanost odr\u017eivosti Poduzimamo mnogo inicijativa kako bismo smanjili na\u0161 ekolo\u0161ki otisak. Gourmand Pastries sna\u017eno vjeruje da je potrebno ve\u0107 danas\",\"breadcrumb\":{\"@id\":\"https:\\\/\\\/gourmandpastries.com\\\/hr\\\/o-gourmand-pastries-bake-off-pecivima\\\/odrzivost\\\/#breadcrumb\"},\"inLanguage\":\"hr\",\"potentialAction\":[{\"@type\":\"ReadAction\",\"target\":[\"https:\\\/\\\/gourmandpastries.com\\\/hr\\\/o-gourmand-pastries-bake-off-pecivima\\\/odrzivost\\\/\"]}]},{\"@type\":\"ImageObject\",\"inLanguage\":\"hr\",\"@id\":\"https:\\\/\\\/gourmandpastries.com\\\/hr\\\/o-gourmand-pastries-bake-off-pecivima\\\/odrzivost\\\/#primaryimage\",\"url\":\"https:\\\/\\\/gourmandpastries.com\\\/wp-content\\\/uploads\\\/2024\\\/05\\\/Gourmand_duurzaamheid.jpg\",\"contentUrl\":\"https:\\\/\\\/gourmandpastries.com\\\/wp-content\\\/uploads\\\/2024\\\/05\\\/Gourmand_duurzaamheid.jpg\",\"width\":960,\"height\":606,\"caption\":\"over Gourmand Pastries bake-off koffiekoeken duurzaamheid\"},{\"@type\":\"BreadcrumbList\",\"@id\":\"https:\\\/\\\/gourmandpastries.com\\\/hr\\\/o-gourmand-pastries-bake-off-pecivima\\\/odrzivost\\\/#breadcrumb\",\"itemListElement\":[{\"@type\":\"ListItem\",\"position\":1,\"name\":\"Home\",\"item\":\"https:\\\/\\\/gourmandpastries.com\\\/hr\\\/\"},{\"@type\":\"ListItem\",\"position\":2,\"name\":\"O nama\",\"item\":\"https:\\\/\\\/gourmandpastries.com\\\/hr\\\/o-gourmand-pastries-bake-off-pecivima\\\/\"},{\"@type\":\"ListItem\",\"position\":3,\"name\":\"Odr\u017eivost\"}]},{\"@type\":\"WebSite\",\"@id\":\"https:\\\/\\\/gourmandpastries.com\\\/hr\\\/#website\",\"url\":\"https:\\\/\\\/gourmandpastries.com\\\/hr\\\/\",\"name\":\"Gourmand Pastries\",\"description\":\"\",\"publisher\":{\"@id\":\"https:\\\/\\\/gourmandpastries.com\\\/hr\\\/#organization\"},\"potentialAction\":[{\"@type\":\"SearchAction\",\"target\":{\"@type\":\"EntryPoint\",\"urlTemplate\":\"https:\\\/\\\/gourmandpastries.com\\\/hr\\\/?s={search_term_string}\"},\"query-input\":{\"@type\":\"PropertyValueSpecification\",\"valueRequired\":true,\"valueName\":\"search_term_string\"}}],\"inLanguage\":\"hr\"},{\"@type\":\"Organization\",\"@id\":\"https:\\\/\\\/gourmandpastries.com\\\/hr\\\/#organization\",\"name\":\"Gourmand Pastries\",\"url\":\"https:\\\/\\\/gourmandpastries.com\\\/hr\\\/\",\"logo\":{\"@type\":\"ImageObject\",\"inLanguage\":\"hr\",\"@id\":\"https:\\\/\\\/gourmandpastries.com\\\/hr\\\/#\\\/schema\\\/logo\\\/image\\\/\",\"url\":\"https:\\\/\\\/gourmandpastries.com\\\/wp-content\\\/uploads\\\/2024\\\/06\\\/Logo_Gourmand_Pastries-kopie.jpg\",\"contentUrl\":\"https:\\\/\\\/gourmandpastries.com\\\/wp-content\\\/uploads\\\/2024\\\/06\\\/Logo_Gourmand_Pastries-kopie.jpg\",\"width\":591,\"height\":591,\"caption\":\"Gourmand Pastries\"},\"image\":{\"@id\":\"https:\\\/\\\/gourmandpastries.com\\\/hr\\\/#\\\/schema\\\/logo\\\/image\\\/\"},\"sameAs\":[\"https:\\\/\\\/www.facebook.com\\\/people\\\/Gourmand-Pastries\\\/100068122835291\\\/\",\"https:\\\/\\\/www.instagram.com\\\/gourmand__pastries\\\/\",\"https:\\\/\\\/www.linkedin.com\\\/company\\\/gourmandpastries\"]}]}<\/script>\n<!-- \/ Yoast SEO plugin. -->","yoast_head_json":{"title":"Odr\u017eivost - Gourmand Pastries","description":"Na\u0161a predanost odr\u017eivosti Poduzimamo mnogo inicijativa kako bismo smanjili na\u0161 ekolo\u0161ki otisak. Gourmand Pastries sna\u017eno vjeruje da je potrebno ve\u0107 danas","robots":{"index":"index","follow":"follow","max-snippet":"max-snippet:-1","max-image-preview":"max-image-preview:large","max-video-preview":"max-video-preview:-1"},"canonical":"https:\/\/gourmandpastries.com\/hr\/o-gourmand-pastries-bake-off-pecivima\/odrzivost\/","og_locale":"hr_HR","og_type":"article","og_title":"Odr\u017eivost - Gourmand Pastries","og_description":"Na\u0161a predanost odr\u017eivosti Poduzimamo mnogo inicijativa kako bismo smanjili na\u0161 ekolo\u0161ki otisak. Gourmand Pastries sna\u017eno vjeruje da je potrebno ve\u0107 danas","og_url":"https:\/\/gourmandpastries.com\/hr\/o-gourmand-pastries-bake-off-pecivima\/odrzivost\/","og_site_name":"Gourmand Pastries","article_publisher":"https:\/\/www.facebook.com\/people\/Gourmand-Pastries\/100068122835291\/","article_modified_time":"2026-02-03T15:44:16+00:00","og_image":[{"width":960,"height":606,"url":"https:\/\/gourmandpastries.com\/wp-content\/uploads\/2024\/05\/Gourmand_duurzaamheid.jpg","type":"image\/jpeg"}],"twitter_card":"summary_large_image","twitter_misc":{"Procijenjeno vrijeme \u010ditanja":"1 minuta"},"schema":{"@context":"https:\/\/schema.org","@graph":[{"@type":"WebPage","@id":"https:\/\/gourmandpastries.com\/hr\/o-gourmand-pastries-bake-off-pecivima\/odrzivost\/","url":"https:\/\/gourmandpastries.com\/hr\/o-gourmand-pastries-bake-off-pecivima\/odrzivost\/","name":"Odr\u017eivost - Gourmand Pastries","isPartOf":{"@id":"https:\/\/gourmandpastries.com\/hr\/#website"},"primaryImageOfPage":{"@id":"https:\/\/gourmandpastries.com\/hr\/o-gourmand-pastries-bake-off-pecivima\/odrzivost\/#primaryimage"},"image":{"@id":"https:\/\/gourmandpastries.com\/hr\/o-gourmand-pastries-bake-off-pecivima\/odrzivost\/#primaryimage"},"thumbnailUrl":"https:\/\/gourmandpastries.com\/wp-content\/uploads\/2024\/05\/Gourmand_duurzaamheid.jpg","datePublished":"2024-05-19T15:09:41+00:00","dateModified":"2026-02-03T15:44:16+00:00","description":"Na\u0161a predanost odr\u017eivosti Poduzimamo mnogo inicijativa kako bismo smanjili na\u0161 ekolo\u0161ki otisak. Gourmand Pastries sna\u017eno vjeruje da je potrebno ve\u0107 danas","breadcrumb":{"@id":"https:\/\/gourmandpastries.com\/hr\/o-gourmand-pastries-bake-off-pecivima\/odrzivost\/#breadcrumb"},"inLanguage":"hr","potentialAction":[{"@type":"ReadAction","target":["https:\/\/gourmandpastries.com\/hr\/o-gourmand-pastries-bake-off-pecivima\/odrzivost\/"]}]},{"@type":"ImageObject","inLanguage":"hr","@id":"https:\/\/gourmandpastries.com\/hr\/o-gourmand-pastries-bake-off-pecivima\/odrzivost\/#primaryimage","url":"https:\/\/gourmandpastries.com\/wp-content\/uploads\/2024\/05\/Gourmand_duurzaamheid.jpg","contentUrl":"https:\/\/gourmandpastries.com\/wp-content\/uploads\/2024\/05\/Gourmand_duurzaamheid.jpg","width":960,"height":606,"caption":"over Gourmand Pastries bake-off koffiekoeken duurzaamheid"},{"@type":"BreadcrumbList","@id":"https:\/\/gourmandpastries.com\/hr\/o-gourmand-pastries-bake-off-pecivima\/odrzivost\/#breadcrumb","itemListElement":[{"@type":"ListItem","position":1,"name":"Home","item":"https:\/\/gourmandpastries.com\/hr\/"},{"@type":"ListItem","position":2,"name":"O nama","item":"https:\/\/gourmandpastries.com\/hr\/o-gourmand-pastries-bake-off-pecivima\/"},{"@type":"ListItem","position":3,"name":"Odr\u017eivost"}]},{"@type":"WebSite","@id":"https:\/\/gourmandpastries.com\/hr\/#website","url":"https:\/\/gourmandpastries.com\/hr\/","name":"Gourmand Pastries","description":"","publisher":{"@id":"https:\/\/gourmandpastries.com\/hr\/#organization"},"potentialAction":[{"@type":"SearchAction","target":{"@type":"EntryPoint","urlTemplate":"https:\/\/gourmandpastries.com\/hr\/?s={search_term_string}"},"query-input":{"@type":"PropertyValueSpecification","valueRequired":true,"valueName":"search_term_string"}}],"inLanguage":"hr"},{"@type":"Organization","@id":"https:\/\/gourmandpastries.com\/hr\/#organization","name":"Gourmand Pastries","url":"https:\/\/gourmandpastries.com\/hr\/","logo":{"@type":"ImageObject","inLanguage":"hr","@id":"https:\/\/gourmandpastries.com\/hr\/#\/schema\/logo\/image\/","url":"https:\/\/gourmandpastries.com\/wp-content\/uploads\/2024\/06\/Logo_Gourmand_Pastries-kopie.jpg","contentUrl":"https:\/\/gourmandpastries.com\/wp-content\/uploads\/2024\/06\/Logo_Gourmand_Pastries-kopie.jpg","width":591,"height":591,"caption":"Gourmand Pastries"},"image":{"@id":"https:\/\/gourmandpastries.com\/hr\/#\/schema\/logo\/image\/"},"sameAs":["https:\/\/www.facebook.com\/people\/Gourmand-Pastries\/100068122835291\/","https:\/\/www.instagram.com\/gourmand__pastries\/","https:\/\/www.linkedin.com\/company\/gourmandpastries"]}]}},"_links":{"self":[{"href":"https:\/\/gourmandpastries.com\/hr\/wp-json\/wp\/v2\/pages\/15062","targetHints":{"allow":["GET"]}}],"collection":[{"href":"https:\/\/gourmandpastries.com\/hr\/wp-json\/wp\/v2\/pages"}],"about":[{"href":"https:\/\/gourmandpastries.com\/hr\/wp-json\/wp\/v2\/types\/page"}],"author":[{"embeddable":true,"href":"https:\/\/gourmandpastries.com\/hr\/wp-json\/wp\/v2\/users\/11"}],"replies":[{"embeddable":true,"href":"https:\/\/gourmandpastries.com\/hr\/wp-json\/wp\/v2\/comments?post=15062"}],"version-history":[{"count":1,"href":"https:\/\/gourmandpastries.com\/hr\/wp-json\/wp\/v2\/pages\/15062\/revisions"}],"predecessor-version":[{"id":15070,"href":"https:\/\/gourmandpastries.com\/hr\/wp-json\/wp\/v2\/pages\/15062\/revisions\/15070"}],"up":[{"embeddable":true,"href":"https:\/\/gourmandpastries.com\/hr\/wp-json\/wp\/v2\/pages\/13963"}],"wp:featuredmedia":[{"embeddable":true,"href":"https:\/\/gourmandpastries.com\/hr\/wp-json\/wp\/v2\/media\/13975"}],"wp:attachment":[{"href":"https:\/\/gourmandpastries.com\/hr\/wp-json\/wp\/v2\/media?parent=15062"}],"curies":[{"name":"wp","href":"https:\/\/api.w.org\/{rel}","templated":true}]}}