{"id":14298,"date":"2024-05-17T12:28:57","date_gmt":"2024-05-17T12:28:57","guid":{"rendered":"https:\/\/gourmandpastries.com\/?page_id=14298"},"modified":"2026-02-04T10:06:49","modified_gmt":"2026-02-04T10:06:49","slug":"sto-vam-nudimo","status":"publish","type":"page","link":"https:\/\/gourmandpastries.com\/hr\/rad-u-gourmand-pastries\/sto-vam-nudimo\/","title":{"rendered":"\u0160to vam nudimo"},"content":{"rendered":"<h2>\u0160to vam nudi Gourmand Pastries:<\/h2>\n<ul>\n<li><a href=\"#levenslang\">U\u010denje cijeli \u017eivot<\/a><\/li>\n<li><a href=\"#voordelen\">Prednosti<\/a><\/li>\n<li><a href=\"#life@gourmand\">\u017divot u Gourmand Pastries<\/a><\/li>\n<li><a href=\"#Gourmandacademy\">Gourmand akademija<\/a><\/li>\n<\/ul>\n","protected":false},"excerpt":{"rendered":"<p>\u0160to vam nudi Gourmand Pastries: U\u010denje cijeli \u017eivot Prednosti \u017divot u Gourmand Pastries Gourmand akademija<\/p>\n","protected":false},"author":11,"featured_media":14007,"parent":13993,"menu_order":0,"comment_status":"closed","ping_status":"closed","template":"page-aboutus.php","meta":{"_acf_changed":false,"footnotes":""},"class_list":["post-14298","page","type-page","status-publish","has-post-thumbnail","hentry"],"acf":[],"yoast_head":"<!-- This site is optimized with the Yoast SEO plugin v27.3 - https:\/\/yoast.com\/product\/yoast-seo-wordpress\/ -->\n<title>\u0160to vam nudimo - Gourmand Pastries<\/title>\n<meta name=\"description\" content=\"\u0160to vam nudi Gourmand Pastries:   U\u010denje cijeli \u017eivot  Prednosti  \u017divot u Gourmand Pastries  Gourmand akademija\" \/>\n<meta name=\"robots\" content=\"index, follow, max-snippet:-1, max-image-preview:large, max-video-preview:-1\" \/>\n<link rel=\"canonical\" href=\"https:\/\/gourmandpastries.com\/hr\/rad-u-gourmand-pastries\/sto-vam-nudimo\/\" \/>\n<meta property=\"og:locale\" content=\"hr_HR\" \/>\n<meta property=\"og:type\" content=\"article\" \/>\n<meta property=\"og:title\" content=\"\u0160to vam nudimo - Gourmand Pastries\" \/>\n<meta property=\"og:description\" content=\"\u0160to vam nudi Gourmand Pastries:   U\u010denje cijeli \u017eivot  Prednosti  \u017divot u Gourmand Pastries  Gourmand akademija\" \/>\n<meta property=\"og:url\" content=\"https:\/\/gourmandpastries.com\/hr\/rad-u-gourmand-pastries\/sto-vam-nudimo\/\" \/>\n<meta property=\"og:site_name\" content=\"Gourmand Pastries\" \/>\n<meta property=\"article:publisher\" content=\"https:\/\/www.facebook.com\/people\/Gourmand-Pastries\/100068122835291\/\" \/>\n<meta property=\"article:modified_time\" content=\"2026-02-04T10:06:49+00:00\" \/>\n<meta property=\"og:image\" content=\"https:\/\/gourmandpastries.com\/wp-content\/uploads\/2024\/02\/88A1464.jpg\" \/>\n\t<meta property=\"og:image:width\" content=\"1266\" \/>\n\t<meta property=\"og:image:height\" content=\"806\" \/>\n\t<meta property=\"og:image:type\" content=\"image\/jpeg\" \/>\n<meta name=\"twitter:card\" content=\"summary_large_image\" \/>\n<meta name=\"twitter:label1\" content=\"Procijenjeno vrijeme \u010ditanja\" \/>\n\t<meta name=\"twitter:data1\" content=\"1 minuta\" \/>\n<script type=\"application\/ld+json\" class=\"yoast-schema-graph\">{\"@context\":\"https:\\\/\\\/schema.org\",\"@graph\":[{\"@type\":\"WebPage\",\"@id\":\"https:\\\/\\\/gourmandpastries.com\\\/hr\\\/rad-u-gourmand-pastries\\\/sto-vam-nudimo\\\/\",\"url\":\"https:\\\/\\\/gourmandpastries.com\\\/hr\\\/rad-u-gourmand-pastries\\\/sto-vam-nudimo\\\/\",\"name\":\"\u0160to vam nudimo - Gourmand Pastries\",\"isPartOf\":{\"@id\":\"https:\\\/\\\/gourmandpastries.com\\\/hr\\\/#website\"},\"primaryImageOfPage\":{\"@id\":\"https:\\\/\\\/gourmandpastries.com\\\/hr\\\/rad-u-gourmand-pastries\\\/sto-vam-nudimo\\\/#primaryimage\"},\"image\":{\"@id\":\"https:\\\/\\\/gourmandpastries.com\\\/hr\\\/rad-u-gourmand-pastries\\\/sto-vam-nudimo\\\/#primaryimage\"},\"thumbnailUrl\":\"https:\\\/\\\/gourmandpastries.com\\\/wp-content\\\/uploads\\\/2024\\\/02\\\/88A1464.jpg\",\"datePublished\":\"2024-05-17T12:28:57+00:00\",\"dateModified\":\"2026-02-04T10:06:49+00:00\",\"description\":\"\u0160to vam nudi Gourmand Pastries: U\u010denje cijeli \u017eivot Prednosti \u017divot u Gourmand Pastries Gourmand akademija\",\"breadcrumb\":{\"@id\":\"https:\\\/\\\/gourmandpastries.com\\\/hr\\\/rad-u-gourmand-pastries\\\/sto-vam-nudimo\\\/#breadcrumb\"},\"inLanguage\":\"hr\",\"potentialAction\":[{\"@type\":\"ReadAction\",\"target\":[\"https:\\\/\\\/gourmandpastries.com\\\/hr\\\/rad-u-gourmand-pastries\\\/sto-vam-nudimo\\\/\"]}]},{\"@type\":\"ImageObject\",\"inLanguage\":\"hr\",\"@id\":\"https:\\\/\\\/gourmandpastries.com\\\/hr\\\/rad-u-gourmand-pastries\\\/sto-vam-nudimo\\\/#primaryimage\",\"url\":\"https:\\\/\\\/gourmandpastries.com\\\/wp-content\\\/uploads\\\/2024\\\/02\\\/88A1464.jpg\",\"contentUrl\":\"https:\\\/\\\/gourmandpastries.com\\\/wp-content\\\/uploads\\\/2024\\\/02\\\/88A1464.jpg\",\"width\":1266,\"height\":806,\"caption\":\"jobs Gourmand Pastries Moeskroen bake-off koffiekoeken\"},{\"@type\":\"BreadcrumbList\",\"@id\":\"https:\\\/\\\/gourmandpastries.com\\\/hr\\\/rad-u-gourmand-pastries\\\/sto-vam-nudimo\\\/#breadcrumb\",\"itemListElement\":[{\"@type\":\"ListItem\",\"position\":1,\"name\":\"Home\",\"item\":\"https:\\\/\\\/gourmandpastries.com\\\/hr\\\/\"},{\"@type\":\"ListItem\",\"position\":2,\"name\":\"Rad u tvrtki Gourmand Pastries\",\"item\":\"https:\\\/\\\/gourmandpastries.com\\\/hr\\\/rad-u-gourmand-pastries\\\/\"},{\"@type\":\"ListItem\",\"position\":3,\"name\":\"\u0160to vam nudimo\"}]},{\"@type\":\"WebSite\",\"@id\":\"https:\\\/\\\/gourmandpastries.com\\\/hr\\\/#website\",\"url\":\"https:\\\/\\\/gourmandpastries.com\\\/hr\\\/\",\"name\":\"Gourmand Pastries\",\"description\":\"\",\"publisher\":{\"@id\":\"https:\\\/\\\/gourmandpastries.com\\\/hr\\\/#organization\"},\"potentialAction\":[{\"@type\":\"SearchAction\",\"target\":{\"@type\":\"EntryPoint\",\"urlTemplate\":\"https:\\\/\\\/gourmandpastries.com\\\/hr\\\/?s={search_term_string}\"},\"query-input\":{\"@type\":\"PropertyValueSpecification\",\"valueRequired\":true,\"valueName\":\"search_term_string\"}}],\"inLanguage\":\"hr\"},{\"@type\":\"Organization\",\"@id\":\"https:\\\/\\\/gourmandpastries.com\\\/hr\\\/#organization\",\"name\":\"Gourmand Pastries\",\"url\":\"https:\\\/\\\/gourmandpastries.com\\\/hr\\\/\",\"logo\":{\"@type\":\"ImageObject\",\"inLanguage\":\"hr\",\"@id\":\"https:\\\/\\\/gourmandpastries.com\\\/hr\\\/#\\\/schema\\\/logo\\\/image\\\/\",\"url\":\"https:\\\/\\\/gourmandpastries.com\\\/wp-content\\\/uploads\\\/2024\\\/06\\\/Logo_Gourmand_Pastries-kopie.jpg\",\"contentUrl\":\"https:\\\/\\\/gourmandpastries.com\\\/wp-content\\\/uploads\\\/2024\\\/06\\\/Logo_Gourmand_Pastries-kopie.jpg\",\"width\":591,\"height\":591,\"caption\":\"Gourmand Pastries\"},\"image\":{\"@id\":\"https:\\\/\\\/gourmandpastries.com\\\/hr\\\/#\\\/schema\\\/logo\\\/image\\\/\"},\"sameAs\":[\"https:\\\/\\\/www.facebook.com\\\/people\\\/Gourmand-Pastries\\\/100068122835291\\\/\",\"https:\\\/\\\/www.instagram.com\\\/gourmand__pastries\\\/\",\"https:\\\/\\\/www.linkedin.com\\\/company\\\/gourmandpastries\"]}]}<\/script>\n<!-- \/ Yoast SEO plugin. -->","yoast_head_json":{"title":"\u0160to vam nudimo - Gourmand Pastries","description":"\u0160to vam nudi Gourmand Pastries:   U\u010denje cijeli \u017eivot  Prednosti  \u017divot u Gourmand Pastries  Gourmand akademija","robots":{"index":"index","follow":"follow","max-snippet":"max-snippet:-1","max-image-preview":"max-image-preview:large","max-video-preview":"max-video-preview:-1"},"canonical":"https:\/\/gourmandpastries.com\/hr\/rad-u-gourmand-pastries\/sto-vam-nudimo\/","og_locale":"hr_HR","og_type":"article","og_title":"\u0160to vam nudimo - Gourmand Pastries","og_description":"\u0160to vam nudi Gourmand Pastries:   U\u010denje cijeli \u017eivot  Prednosti  \u017divot u Gourmand Pastries  Gourmand akademija","og_url":"https:\/\/gourmandpastries.com\/hr\/rad-u-gourmand-pastries\/sto-vam-nudimo\/","og_site_name":"Gourmand Pastries","article_publisher":"https:\/\/www.facebook.com\/people\/Gourmand-Pastries\/100068122835291\/","article_modified_time":"2026-02-04T10:06:49+00:00","og_image":[{"width":1266,"height":806,"url":"https:\/\/gourmandpastries.com\/wp-content\/uploads\/2024\/02\/88A1464.jpg","type":"image\/jpeg"}],"twitter_card":"summary_large_image","twitter_misc":{"Procijenjeno vrijeme \u010ditanja":"1 minuta"},"schema":{"@context":"https:\/\/schema.org","@graph":[{"@type":"WebPage","@id":"https:\/\/gourmandpastries.com\/hr\/rad-u-gourmand-pastries\/sto-vam-nudimo\/","url":"https:\/\/gourmandpastries.com\/hr\/rad-u-gourmand-pastries\/sto-vam-nudimo\/","name":"\u0160to vam nudimo - Gourmand Pastries","isPartOf":{"@id":"https:\/\/gourmandpastries.com\/hr\/#website"},"primaryImageOfPage":{"@id":"https:\/\/gourmandpastries.com\/hr\/rad-u-gourmand-pastries\/sto-vam-nudimo\/#primaryimage"},"image":{"@id":"https:\/\/gourmandpastries.com\/hr\/rad-u-gourmand-pastries\/sto-vam-nudimo\/#primaryimage"},"thumbnailUrl":"https:\/\/gourmandpastries.com\/wp-content\/uploads\/2024\/02\/88A1464.jpg","datePublished":"2024-05-17T12:28:57+00:00","dateModified":"2026-02-04T10:06:49+00:00","description":"\u0160to vam nudi Gourmand Pastries: U\u010denje cijeli \u017eivot Prednosti \u017divot u Gourmand Pastries Gourmand akademija","breadcrumb":{"@id":"https:\/\/gourmandpastries.com\/hr\/rad-u-gourmand-pastries\/sto-vam-nudimo\/#breadcrumb"},"inLanguage":"hr","potentialAction":[{"@type":"ReadAction","target":["https:\/\/gourmandpastries.com\/hr\/rad-u-gourmand-pastries\/sto-vam-nudimo\/"]}]},{"@type":"ImageObject","inLanguage":"hr","@id":"https:\/\/gourmandpastries.com\/hr\/rad-u-gourmand-pastries\/sto-vam-nudimo\/#primaryimage","url":"https:\/\/gourmandpastries.com\/wp-content\/uploads\/2024\/02\/88A1464.jpg","contentUrl":"https:\/\/gourmandpastries.com\/wp-content\/uploads\/2024\/02\/88A1464.jpg","width":1266,"height":806,"caption":"jobs Gourmand Pastries Moeskroen bake-off koffiekoeken"},{"@type":"BreadcrumbList","@id":"https:\/\/gourmandpastries.com\/hr\/rad-u-gourmand-pastries\/sto-vam-nudimo\/#breadcrumb","itemListElement":[{"@type":"ListItem","position":1,"name":"Home","item":"https:\/\/gourmandpastries.com\/hr\/"},{"@type":"ListItem","position":2,"name":"Rad u tvrtki Gourmand Pastries","item":"https:\/\/gourmandpastries.com\/hr\/rad-u-gourmand-pastries\/"},{"@type":"ListItem","position":3,"name":"\u0160to vam nudimo"}]},{"@type":"WebSite","@id":"https:\/\/gourmandpastries.com\/hr\/#website","url":"https:\/\/gourmandpastries.com\/hr\/","name":"Gourmand Pastries","description":"","publisher":{"@id":"https:\/\/gourmandpastries.com\/hr\/#organization"},"potentialAction":[{"@type":"SearchAction","target":{"@type":"EntryPoint","urlTemplate":"https:\/\/gourmandpastries.com\/hr\/?s={search_term_string}"},"query-input":{"@type":"PropertyValueSpecification","valueRequired":true,"valueName":"search_term_string"}}],"inLanguage":"hr"},{"@type":"Organization","@id":"https:\/\/gourmandpastries.com\/hr\/#organization","name":"Gourmand Pastries","url":"https:\/\/gourmandpastries.com\/hr\/","logo":{"@type":"ImageObject","inLanguage":"hr","@id":"https:\/\/gourmandpastries.com\/hr\/#\/schema\/logo\/image\/","url":"https:\/\/gourmandpastries.com\/wp-content\/uploads\/2024\/06\/Logo_Gourmand_Pastries-kopie.jpg","contentUrl":"https:\/\/gourmandpastries.com\/wp-content\/uploads\/2024\/06\/Logo_Gourmand_Pastries-kopie.jpg","width":591,"height":591,"caption":"Gourmand Pastries"},"image":{"@id":"https:\/\/gourmandpastries.com\/hr\/#\/schema\/logo\/image\/"},"sameAs":["https:\/\/www.facebook.com\/people\/Gourmand-Pastries\/100068122835291\/","https:\/\/www.instagram.com\/gourmand__pastries\/","https:\/\/www.linkedin.com\/company\/gourmandpastries"]}]}},"_links":{"self":[{"href":"https:\/\/gourmandpastries.com\/hr\/wp-json\/wp\/v2\/pages\/14298","targetHints":{"allow":["GET"]}}],"collection":[{"href":"https:\/\/gourmandpastries.com\/hr\/wp-json\/wp\/v2\/pages"}],"about":[{"href":"https:\/\/gourmandpastries.com\/hr\/wp-json\/wp\/v2\/types\/page"}],"author":[{"embeddable":true,"href":"https:\/\/gourmandpastries.com\/hr\/wp-json\/wp\/v2\/users\/11"}],"replies":[{"embeddable":true,"href":"https:\/\/gourmandpastries.com\/hr\/wp-json\/wp\/v2\/comments?post=14298"}],"version-history":[{"count":11,"href":"https:\/\/gourmandpastries.com\/hr\/wp-json\/wp\/v2\/pages\/14298\/revisions"}],"predecessor-version":[{"id":15081,"href":"https:\/\/gourmandpastries.com\/hr\/wp-json\/wp\/v2\/pages\/14298\/revisions\/15081"}],"up":[{"embeddable":true,"href":"https:\/\/gourmandpastries.com\/hr\/wp-json\/wp\/v2\/pages\/13993"}],"wp:featuredmedia":[{"embeddable":true,"href":"https:\/\/gourmandpastries.com\/hr\/wp-json\/wp\/v2\/media\/14007"}],"wp:attachment":[{"href":"https:\/\/gourmandpastries.com\/hr\/wp-json\/wp\/v2\/media?parent=14298"}],"curies":[{"name":"wp","href":"https:\/\/api.w.org\/{rel}","templated":true}]}}