{"id":14115,"date":"2024-06-17T10:52:29","date_gmt":"2024-06-17T10:52:29","guid":{"rendered":"https:\/\/gourmandpastries.com\/?page_id=14115"},"modified":"2026-02-02T15:06:26","modified_gmt":"2026-02-02T15:06:26","slug":"operacije","status":"publish","type":"page","link":"https:\/\/gourmandpastries.com\/hr\/rad-u-gourmand-pastries\/operacije\/","title":{"rendered":"Operacije"},"content":{"rendered":"<p style=\"text-align: justify;\">Sredi\u0161te na\u0161e tvrtke je proizvodna lokacija u Mouscronu. Ondje milijuni kroasana, \u010dokoladnih kola\u010da i drugih delicija svakodnevno prolaze na\u0161im visoko automatiziranim proizvodnim linijama uz pomo\u0107 vi\u0161e od 150 na\u0161ih radnika.<\/p>\n","protected":false},"excerpt":{"rendered":"<p>Sredi\u0161te na\u0161e tvrtke je proizvodna lokacija u Mouscronu. Ondje milijuni kroasana, \u010dokoladnih kola\u010da i drugih delicija svakodnevno prolaze na\u0161im visoko automatiziranim proizvodnim linijama uz pomo\u0107 vi\u0161e od 150 na\u0161ih radnika.<\/p>\n","protected":false},"author":11,"featured_media":14107,"parent":13993,"menu_order":0,"comment_status":"closed","ping_status":"closed","template":"","meta":{"_acf_changed":false,"footnotes":""},"class_list":["post-14115","page","type-page","status-publish","has-post-thumbnail","hentry"],"acf":[],"yoast_head":"<!-- This site is optimized with the Yoast SEO plugin v27.3 - https:\/\/yoast.com\/product\/yoast-seo-wordpress\/ -->\n<title>operacije Gourmand Pastries<\/title>\n<meta name=\"description\" content=\"Sredi\u0161te na\u0161e tvrtke je proizvodna lokacija u Mouscronu. Ondje milijuni kroasana, \u010dokoladnih kola\u010da i drugih delicija svakodnevno prolaze na\u0161im visoko\" \/>\n<meta name=\"robots\" content=\"index, follow, max-snippet:-1, max-image-preview:large, max-video-preview:-1\" \/>\n<link rel=\"canonical\" href=\"https:\/\/gourmandpastries.com\/hr\/rad-u-gourmand-pastries\/operacije\/\" \/>\n<meta property=\"og:locale\" content=\"hr_HR\" \/>\n<meta property=\"og:type\" content=\"article\" \/>\n<meta property=\"og:title\" content=\"operacije Gourmand Pastries\" \/>\n<meta property=\"og:description\" content=\"Sredi\u0161te na\u0161e tvrtke je proizvodna lokacija u Mouscronu. Ondje milijuni kroasana, \u010dokoladnih kola\u010da i drugih delicija svakodnevno prolaze na\u0161im visoko\" \/>\n<meta property=\"og:url\" content=\"https:\/\/gourmandpastries.com\/hr\/rad-u-gourmand-pastries\/operacije\/\" \/>\n<meta property=\"og:site_name\" content=\"Gourmand Pastries\" \/>\n<meta property=\"article:publisher\" content=\"https:\/\/www.facebook.com\/people\/Gourmand-Pastries\/100068122835291\/\" \/>\n<meta property=\"article:modified_time\" content=\"2026-02-02T15:06:26+00:00\" \/>\n<meta property=\"og:image\" content=\"https:\/\/gourmandpastries.com\/wp-content\/uploads\/2024\/02\/IMG_20240430_085538388_PORTRAIT.jpg\" \/>\n\t<meta property=\"og:image:width\" content=\"960\" \/>\n\t<meta property=\"og:image:height\" content=\"606\" \/>\n\t<meta property=\"og:image:type\" content=\"image\/jpeg\" \/>\n<meta name=\"twitter:card\" content=\"summary_large_image\" \/>\n<meta name=\"twitter:label1\" content=\"Procijenjeno vrijeme \u010ditanja\" \/>\n\t<meta name=\"twitter:data1\" content=\"1 minuta\" \/>\n<script type=\"application\/ld+json\" class=\"yoast-schema-graph\">{\"@context\":\"https:\\\/\\\/schema.org\",\"@graph\":[{\"@type\":\"WebPage\",\"@id\":\"https:\\\/\\\/gourmandpastries.com\\\/hr\\\/rad-u-gourmand-pastries\\\/operacije\\\/\",\"url\":\"https:\\\/\\\/gourmandpastries.com\\\/hr\\\/rad-u-gourmand-pastries\\\/operacije\\\/\",\"name\":\"operacije Gourmand Pastries\",\"isPartOf\":{\"@id\":\"https:\\\/\\\/gourmandpastries.com\\\/hr\\\/#website\"},\"primaryImageOfPage\":{\"@id\":\"https:\\\/\\\/gourmandpastries.com\\\/hr\\\/rad-u-gourmand-pastries\\\/operacije\\\/#primaryimage\"},\"image\":{\"@id\":\"https:\\\/\\\/gourmandpastries.com\\\/hr\\\/rad-u-gourmand-pastries\\\/operacije\\\/#primaryimage\"},\"thumbnailUrl\":\"https:\\\/\\\/gourmandpastries.com\\\/wp-content\\\/uploads\\\/2024\\\/02\\\/IMG_20240430_085538388_PORTRAIT.jpg\",\"datePublished\":\"2024-06-17T10:52:29+00:00\",\"dateModified\":\"2026-02-02T15:06:26+00:00\",\"description\":\"Sredi\u0161te na\u0161e tvrtke je proizvodna lokacija u Mouscronu. Ondje milijuni kroasana, \u010dokoladnih kola\u010da i drugih delicija svakodnevno prolaze na\u0161im visoko\",\"breadcrumb\":{\"@id\":\"https:\\\/\\\/gourmandpastries.com\\\/hr\\\/rad-u-gourmand-pastries\\\/operacije\\\/#breadcrumb\"},\"inLanguage\":\"hr\",\"potentialAction\":[{\"@type\":\"ReadAction\",\"target\":[\"https:\\\/\\\/gourmandpastries.com\\\/hr\\\/rad-u-gourmand-pastries\\\/operacije\\\/\"]}]},{\"@type\":\"ImageObject\",\"inLanguage\":\"hr\",\"@id\":\"https:\\\/\\\/gourmandpastries.com\\\/hr\\\/rad-u-gourmand-pastries\\\/operacije\\\/#primaryimage\",\"url\":\"https:\\\/\\\/gourmandpastries.com\\\/wp-content\\\/uploads\\\/2024\\\/02\\\/IMG_20240430_085538388_PORTRAIT.jpg\",\"contentUrl\":\"https:\\\/\\\/gourmandpastries.com\\\/wp-content\\\/uploads\\\/2024\\\/02\\\/IMG_20240430_085538388_PORTRAIT.jpg\",\"width\":960,\"height\":606},{\"@type\":\"BreadcrumbList\",\"@id\":\"https:\\\/\\\/gourmandpastries.com\\\/hr\\\/rad-u-gourmand-pastries\\\/operacije\\\/#breadcrumb\",\"itemListElement\":[{\"@type\":\"ListItem\",\"position\":1,\"name\":\"Home\",\"item\":\"https:\\\/\\\/gourmandpastries.com\\\/hr\\\/\"},{\"@type\":\"ListItem\",\"position\":2,\"name\":\"Rad u tvrtki Gourmand Pastries\",\"item\":\"https:\\\/\\\/gourmandpastries.com\\\/hr\\\/rad-u-gourmand-pastries\\\/\"},{\"@type\":\"ListItem\",\"position\":3,\"name\":\"Operacije\"}]},{\"@type\":\"WebSite\",\"@id\":\"https:\\\/\\\/gourmandpastries.com\\\/hr\\\/#website\",\"url\":\"https:\\\/\\\/gourmandpastries.com\\\/hr\\\/\",\"name\":\"Gourmand Pastries\",\"description\":\"\",\"publisher\":{\"@id\":\"https:\\\/\\\/gourmandpastries.com\\\/hr\\\/#organization\"},\"potentialAction\":[{\"@type\":\"SearchAction\",\"target\":{\"@type\":\"EntryPoint\",\"urlTemplate\":\"https:\\\/\\\/gourmandpastries.com\\\/hr\\\/?s={search_term_string}\"},\"query-input\":{\"@type\":\"PropertyValueSpecification\",\"valueRequired\":true,\"valueName\":\"search_term_string\"}}],\"inLanguage\":\"hr\"},{\"@type\":\"Organization\",\"@id\":\"https:\\\/\\\/gourmandpastries.com\\\/hr\\\/#organization\",\"name\":\"Gourmand Pastries\",\"url\":\"https:\\\/\\\/gourmandpastries.com\\\/hr\\\/\",\"logo\":{\"@type\":\"ImageObject\",\"inLanguage\":\"hr\",\"@id\":\"https:\\\/\\\/gourmandpastries.com\\\/hr\\\/#\\\/schema\\\/logo\\\/image\\\/\",\"url\":\"https:\\\/\\\/gourmandpastries.com\\\/wp-content\\\/uploads\\\/2024\\\/06\\\/Logo_Gourmand_Pastries-kopie.jpg\",\"contentUrl\":\"https:\\\/\\\/gourmandpastries.com\\\/wp-content\\\/uploads\\\/2024\\\/06\\\/Logo_Gourmand_Pastries-kopie.jpg\",\"width\":591,\"height\":591,\"caption\":\"Gourmand Pastries\"},\"image\":{\"@id\":\"https:\\\/\\\/gourmandpastries.com\\\/hr\\\/#\\\/schema\\\/logo\\\/image\\\/\"},\"sameAs\":[\"https:\\\/\\\/www.facebook.com\\\/people\\\/Gourmand-Pastries\\\/100068122835291\\\/\",\"https:\\\/\\\/www.instagram.com\\\/gourmand__pastries\\\/\",\"https:\\\/\\\/www.linkedin.com\\\/company\\\/gourmandpastries\"]}]}<\/script>\n<!-- \/ Yoast SEO plugin. -->","yoast_head_json":{"title":"operacije Gourmand Pastries","description":"Sredi\u0161te na\u0161e tvrtke je proizvodna lokacija u Mouscronu. Ondje milijuni kroasana, \u010dokoladnih kola\u010da i drugih delicija svakodnevno prolaze na\u0161im visoko","robots":{"index":"index","follow":"follow","max-snippet":"max-snippet:-1","max-image-preview":"max-image-preview:large","max-video-preview":"max-video-preview:-1"},"canonical":"https:\/\/gourmandpastries.com\/hr\/rad-u-gourmand-pastries\/operacije\/","og_locale":"hr_HR","og_type":"article","og_title":"operacije Gourmand Pastries","og_description":"Sredi\u0161te na\u0161e tvrtke je proizvodna lokacija u Mouscronu. Ondje milijuni kroasana, \u010dokoladnih kola\u010da i drugih delicija svakodnevno prolaze na\u0161im visoko","og_url":"https:\/\/gourmandpastries.com\/hr\/rad-u-gourmand-pastries\/operacije\/","og_site_name":"Gourmand Pastries","article_publisher":"https:\/\/www.facebook.com\/people\/Gourmand-Pastries\/100068122835291\/","article_modified_time":"2026-02-02T15:06:26+00:00","og_image":[{"width":960,"height":606,"url":"https:\/\/gourmandpastries.com\/wp-content\/uploads\/2024\/02\/IMG_20240430_085538388_PORTRAIT.jpg","type":"image\/jpeg"}],"twitter_card":"summary_large_image","twitter_misc":{"Procijenjeno vrijeme \u010ditanja":"1 minuta"},"schema":{"@context":"https:\/\/schema.org","@graph":[{"@type":"WebPage","@id":"https:\/\/gourmandpastries.com\/hr\/rad-u-gourmand-pastries\/operacije\/","url":"https:\/\/gourmandpastries.com\/hr\/rad-u-gourmand-pastries\/operacije\/","name":"operacije Gourmand Pastries","isPartOf":{"@id":"https:\/\/gourmandpastries.com\/hr\/#website"},"primaryImageOfPage":{"@id":"https:\/\/gourmandpastries.com\/hr\/rad-u-gourmand-pastries\/operacije\/#primaryimage"},"image":{"@id":"https:\/\/gourmandpastries.com\/hr\/rad-u-gourmand-pastries\/operacije\/#primaryimage"},"thumbnailUrl":"https:\/\/gourmandpastries.com\/wp-content\/uploads\/2024\/02\/IMG_20240430_085538388_PORTRAIT.jpg","datePublished":"2024-06-17T10:52:29+00:00","dateModified":"2026-02-02T15:06:26+00:00","description":"Sredi\u0161te na\u0161e tvrtke je proizvodna lokacija u Mouscronu. Ondje milijuni kroasana, \u010dokoladnih kola\u010da i drugih delicija svakodnevno prolaze na\u0161im visoko","breadcrumb":{"@id":"https:\/\/gourmandpastries.com\/hr\/rad-u-gourmand-pastries\/operacije\/#breadcrumb"},"inLanguage":"hr","potentialAction":[{"@type":"ReadAction","target":["https:\/\/gourmandpastries.com\/hr\/rad-u-gourmand-pastries\/operacije\/"]}]},{"@type":"ImageObject","inLanguage":"hr","@id":"https:\/\/gourmandpastries.com\/hr\/rad-u-gourmand-pastries\/operacije\/#primaryimage","url":"https:\/\/gourmandpastries.com\/wp-content\/uploads\/2024\/02\/IMG_20240430_085538388_PORTRAIT.jpg","contentUrl":"https:\/\/gourmandpastries.com\/wp-content\/uploads\/2024\/02\/IMG_20240430_085538388_PORTRAIT.jpg","width":960,"height":606},{"@type":"BreadcrumbList","@id":"https:\/\/gourmandpastries.com\/hr\/rad-u-gourmand-pastries\/operacije\/#breadcrumb","itemListElement":[{"@type":"ListItem","position":1,"name":"Home","item":"https:\/\/gourmandpastries.com\/hr\/"},{"@type":"ListItem","position":2,"name":"Rad u tvrtki Gourmand Pastries","item":"https:\/\/gourmandpastries.com\/hr\/rad-u-gourmand-pastries\/"},{"@type":"ListItem","position":3,"name":"Operacije"}]},{"@type":"WebSite","@id":"https:\/\/gourmandpastries.com\/hr\/#website","url":"https:\/\/gourmandpastries.com\/hr\/","name":"Gourmand Pastries","description":"","publisher":{"@id":"https:\/\/gourmandpastries.com\/hr\/#organization"},"potentialAction":[{"@type":"SearchAction","target":{"@type":"EntryPoint","urlTemplate":"https:\/\/gourmandpastries.com\/hr\/?s={search_term_string}"},"query-input":{"@type":"PropertyValueSpecification","valueRequired":true,"valueName":"search_term_string"}}],"inLanguage":"hr"},{"@type":"Organization","@id":"https:\/\/gourmandpastries.com\/hr\/#organization","name":"Gourmand Pastries","url":"https:\/\/gourmandpastries.com\/hr\/","logo":{"@type":"ImageObject","inLanguage":"hr","@id":"https:\/\/gourmandpastries.com\/hr\/#\/schema\/logo\/image\/","url":"https:\/\/gourmandpastries.com\/wp-content\/uploads\/2024\/06\/Logo_Gourmand_Pastries-kopie.jpg","contentUrl":"https:\/\/gourmandpastries.com\/wp-content\/uploads\/2024\/06\/Logo_Gourmand_Pastries-kopie.jpg","width":591,"height":591,"caption":"Gourmand Pastries"},"image":{"@id":"https:\/\/gourmandpastries.com\/hr\/#\/schema\/logo\/image\/"},"sameAs":["https:\/\/www.facebook.com\/people\/Gourmand-Pastries\/100068122835291\/","https:\/\/www.instagram.com\/gourmand__pastries\/","https:\/\/www.linkedin.com\/company\/gourmandpastries"]}]}},"_links":{"self":[{"href":"https:\/\/gourmandpastries.com\/hr\/wp-json\/wp\/v2\/pages\/14115","targetHints":{"allow":["GET"]}}],"collection":[{"href":"https:\/\/gourmandpastries.com\/hr\/wp-json\/wp\/v2\/pages"}],"about":[{"href":"https:\/\/gourmandpastries.com\/hr\/wp-json\/wp\/v2\/types\/page"}],"author":[{"embeddable":true,"href":"https:\/\/gourmandpastries.com\/hr\/wp-json\/wp\/v2\/users\/11"}],"replies":[{"embeddable":true,"href":"https:\/\/gourmandpastries.com\/hr\/wp-json\/wp\/v2\/comments?post=14115"}],"version-history":[{"count":2,"href":"https:\/\/gourmandpastries.com\/hr\/wp-json\/wp\/v2\/pages\/14115\/revisions"}],"predecessor-version":[{"id":14117,"href":"https:\/\/gourmandpastries.com\/hr\/wp-json\/wp\/v2\/pages\/14115\/revisions\/14117"}],"up":[{"embeddable":true,"href":"https:\/\/gourmandpastries.com\/hr\/wp-json\/wp\/v2\/pages\/13993"}],"wp:featuredmedia":[{"embeddable":true,"href":"https:\/\/gourmandpastries.com\/hr\/wp-json\/wp\/v2\/media\/14107"}],"wp:attachment":[{"href":"https:\/\/gourmandpastries.com\/hr\/wp-json\/wp\/v2\/media?parent=14115"}],"curies":[{"name":"wp","href":"https:\/\/api.w.org\/{rel}","templated":true}]}}