{"id":14091,"date":"2024-05-19T15:06:30","date_gmt":"2024-05-19T15:06:30","guid":{"rendered":"https:\/\/gourmandpastries.com\/?page_id=14091"},"modified":"2026-02-02T14:57:09","modified_gmt":"2026-02-02T14:57:09","slug":"obiteljski-posao","status":"publish","type":"page","link":"https:\/\/gourmandpastries.com\/hr\/o-gourmand-pastries-bake-off-pecivima\/obiteljski-posao\/","title":{"rendered":"Obiteljski posao"},"content":{"rendered":"<h2>Umije\u0107e izrade, inovacija i predanost<\/h2>\n<p><a href=\"https:\/\/gourmandpastries.com\/hr\/o-gourmand-pastries-bake-off-pecivima\/\">Gourmand Pastries<\/a>, vode\u0107a tvrtka u zamrznutim be\u010dkim slasticama, ove godine slavi svoju 40. obljetnicu. Zahvaljuju\u0107i \u010detirima desetlje\u0107ima umije\u0107a izrade, inovacije i predanosti, tvrtka Gourmand Pastries razvila je globalni ugled kao <em>stru\u010dnjak<\/em> u be\u010dkim slasticama.<\/p>\n<p>Zapo\u010dev\u0161i kao skroman tim u Mouscronu, sad je narasla na \u010dvrstu mre\u017eu prodajnih timova diljem Europe i Sjedinjenih Ameri\u010dkih Dr\u017eava.<\/p>\n","protected":false},"excerpt":{"rendered":"<p>Umije\u0107e izrade, inovacija i predanost Gourmand Pastries, vode\u0107a tvrtka u zamrznutim be\u010dkim slasticama, ove godine slavi svoju 40. obljetnicu. Zahvaljuju\u0107i \u010detirima desetlje\u0107ima umije\u0107a izrade, inovacije i predanosti, tvrtka Gourmand Pastries razvila je globalni ugled kao stru\u010dnjak u be\u010dkim slasticama. Zapo\u010dev\u0161i kao skroman tim u Mouscronu, sad je narasla na \u010dvrstu mre\u017eu prodajnih timova diljem Europe [&hellip;]<\/p>\n","protected":false},"author":11,"featured_media":13974,"parent":13963,"menu_order":0,"comment_status":"closed","ping_status":"closed","template":"","meta":{"_acf_changed":false,"footnotes":""},"class_list":["post-14091","page","type-page","status-publish","has-post-thumbnail","hentry"],"acf":[],"yoast_head":"<!-- This site is optimized with the Yoast SEO plugin v27.3 - https:\/\/yoast.com\/product\/yoast-seo-wordpress\/ -->\n<title>Obiteljski posao - Gourmand Pastries<\/title>\n<meta name=\"description\" content=\"Umije\u0107e izrade, inovacija i predanost Gourmand Pastries, vode\u0107a tvrtka u zamrznutim be\u010dkim slasticama, ove godine slavi svoju 40. obljetnicu. Zahvaljuju\u0107i\" \/>\n<meta name=\"robots\" content=\"index, follow, max-snippet:-1, max-image-preview:large, max-video-preview:-1\" \/>\n<link rel=\"canonical\" href=\"https:\/\/gourmandpastries.com\/hr\/o-gourmand-pastries-bake-off-pecivima\/obiteljski-posao\/\" \/>\n<meta property=\"og:locale\" content=\"hr_HR\" \/>\n<meta property=\"og:type\" content=\"article\" \/>\n<meta property=\"og:title\" content=\"Obiteljski posao - Gourmand Pastries\" \/>\n<meta property=\"og:description\" content=\"Umije\u0107e izrade, inovacija i predanost Gourmand Pastries, vode\u0107a tvrtka u zamrznutim be\u010dkim slasticama, ove godine slavi svoju 40. obljetnicu. Zahvaljuju\u0107i\" \/>\n<meta property=\"og:url\" content=\"https:\/\/gourmandpastries.com\/hr\/o-gourmand-pastries-bake-off-pecivima\/obiteljski-posao\/\" \/>\n<meta property=\"og:site_name\" content=\"Gourmand Pastries\" \/>\n<meta property=\"article:publisher\" content=\"https:\/\/www.facebook.com\/people\/Gourmand-Pastries\/100068122835291\/\" \/>\n<meta property=\"article:modified_time\" content=\"2026-02-02T14:57:09+00:00\" \/>\n<meta property=\"og:image\" content=\"https:\/\/gourmandpastries.com\/wp-content\/uploads\/2024\/05\/Gourmand_family.jpg\" \/>\n\t<meta property=\"og:image:width\" content=\"960\" \/>\n\t<meta property=\"og:image:height\" content=\"606\" \/>\n\t<meta property=\"og:image:type\" content=\"image\/jpeg\" \/>\n<meta name=\"twitter:card\" content=\"summary_large_image\" \/>\n<meta name=\"twitter:label1\" content=\"Procijenjeno vrijeme \u010ditanja\" \/>\n\t<meta name=\"twitter:data1\" content=\"1 minuta\" \/>\n<script type=\"application\/ld+json\" class=\"yoast-schema-graph\">{\"@context\":\"https:\\\/\\\/schema.org\",\"@graph\":[{\"@type\":\"WebPage\",\"@id\":\"https:\\\/\\\/gourmandpastries.com\\\/hr\\\/o-gourmand-pastries-bake-off-pecivima\\\/obiteljski-posao\\\/\",\"url\":\"https:\\\/\\\/gourmandpastries.com\\\/hr\\\/o-gourmand-pastries-bake-off-pecivima\\\/obiteljski-posao\\\/\",\"name\":\"Obiteljski posao - Gourmand Pastries\",\"isPartOf\":{\"@id\":\"https:\\\/\\\/gourmandpastries.com\\\/hr\\\/#website\"},\"primaryImageOfPage\":{\"@id\":\"https:\\\/\\\/gourmandpastries.com\\\/hr\\\/o-gourmand-pastries-bake-off-pecivima\\\/obiteljski-posao\\\/#primaryimage\"},\"image\":{\"@id\":\"https:\\\/\\\/gourmandpastries.com\\\/hr\\\/o-gourmand-pastries-bake-off-pecivima\\\/obiteljski-posao\\\/#primaryimage\"},\"thumbnailUrl\":\"https:\\\/\\\/gourmandpastries.com\\\/wp-content\\\/uploads\\\/2024\\\/05\\\/Gourmand_family.jpg\",\"datePublished\":\"2024-05-19T15:06:30+00:00\",\"dateModified\":\"2026-02-02T14:57:09+00:00\",\"description\":\"Umije\u0107e izrade, inovacija i predanost Gourmand Pastries, vode\u0107a tvrtka u zamrznutim be\u010dkim slasticama, ove godine slavi svoju 40. obljetnicu. Zahvaljuju\u0107i\",\"breadcrumb\":{\"@id\":\"https:\\\/\\\/gourmandpastries.com\\\/hr\\\/o-gourmand-pastries-bake-off-pecivima\\\/obiteljski-posao\\\/#breadcrumb\"},\"inLanguage\":\"hr\",\"potentialAction\":[{\"@type\":\"ReadAction\",\"target\":[\"https:\\\/\\\/gourmandpastries.com\\\/hr\\\/o-gourmand-pastries-bake-off-pecivima\\\/obiteljski-posao\\\/\"]}]},{\"@type\":\"ImageObject\",\"inLanguage\":\"hr\",\"@id\":\"https:\\\/\\\/gourmandpastries.com\\\/hr\\\/o-gourmand-pastries-bake-off-pecivima\\\/obiteljski-posao\\\/#primaryimage\",\"url\":\"https:\\\/\\\/gourmandpastries.com\\\/wp-content\\\/uploads\\\/2024\\\/05\\\/Gourmand_family.jpg\",\"contentUrl\":\"https:\\\/\\\/gourmandpastries.com\\\/wp-content\\\/uploads\\\/2024\\\/05\\\/Gourmand_family.jpg\",\"width\":960,\"height\":606,\"caption\":\"over Gourmand Pastries bake-off koffiekoeken familie\"},{\"@type\":\"BreadcrumbList\",\"@id\":\"https:\\\/\\\/gourmandpastries.com\\\/hr\\\/o-gourmand-pastries-bake-off-pecivima\\\/obiteljski-posao\\\/#breadcrumb\",\"itemListElement\":[{\"@type\":\"ListItem\",\"position\":1,\"name\":\"Home\",\"item\":\"https:\\\/\\\/gourmandpastries.com\\\/hr\\\/\"},{\"@type\":\"ListItem\",\"position\":2,\"name\":\"O nama\",\"item\":\"https:\\\/\\\/gourmandpastries.com\\\/hr\\\/o-gourmand-pastries-bake-off-pecivima\\\/\"},{\"@type\":\"ListItem\",\"position\":3,\"name\":\"Obiteljski posao\"}]},{\"@type\":\"WebSite\",\"@id\":\"https:\\\/\\\/gourmandpastries.com\\\/hr\\\/#website\",\"url\":\"https:\\\/\\\/gourmandpastries.com\\\/hr\\\/\",\"name\":\"Gourmand Pastries\",\"description\":\"\",\"publisher\":{\"@id\":\"https:\\\/\\\/gourmandpastries.com\\\/hr\\\/#organization\"},\"potentialAction\":[{\"@type\":\"SearchAction\",\"target\":{\"@type\":\"EntryPoint\",\"urlTemplate\":\"https:\\\/\\\/gourmandpastries.com\\\/hr\\\/?s={search_term_string}\"},\"query-input\":{\"@type\":\"PropertyValueSpecification\",\"valueRequired\":true,\"valueName\":\"search_term_string\"}}],\"inLanguage\":\"hr\"},{\"@type\":\"Organization\",\"@id\":\"https:\\\/\\\/gourmandpastries.com\\\/hr\\\/#organization\",\"name\":\"Gourmand Pastries\",\"url\":\"https:\\\/\\\/gourmandpastries.com\\\/hr\\\/\",\"logo\":{\"@type\":\"ImageObject\",\"inLanguage\":\"hr\",\"@id\":\"https:\\\/\\\/gourmandpastries.com\\\/hr\\\/#\\\/schema\\\/logo\\\/image\\\/\",\"url\":\"https:\\\/\\\/gourmandpastries.com\\\/wp-content\\\/uploads\\\/2024\\\/06\\\/Logo_Gourmand_Pastries-kopie.jpg\",\"contentUrl\":\"https:\\\/\\\/gourmandpastries.com\\\/wp-content\\\/uploads\\\/2024\\\/06\\\/Logo_Gourmand_Pastries-kopie.jpg\",\"width\":591,\"height\":591,\"caption\":\"Gourmand Pastries\"},\"image\":{\"@id\":\"https:\\\/\\\/gourmandpastries.com\\\/hr\\\/#\\\/schema\\\/logo\\\/image\\\/\"},\"sameAs\":[\"https:\\\/\\\/www.facebook.com\\\/people\\\/Gourmand-Pastries\\\/100068122835291\\\/\",\"https:\\\/\\\/www.instagram.com\\\/gourmand__pastries\\\/\",\"https:\\\/\\\/www.linkedin.com\\\/company\\\/gourmandpastries\"]}]}<\/script>\n<!-- \/ Yoast SEO plugin. -->","yoast_head_json":{"title":"Obiteljski posao - Gourmand Pastries","description":"Umije\u0107e izrade, inovacija i predanost Gourmand Pastries, vode\u0107a tvrtka u zamrznutim be\u010dkim slasticama, ove godine slavi svoju 40. obljetnicu. Zahvaljuju\u0107i","robots":{"index":"index","follow":"follow","max-snippet":"max-snippet:-1","max-image-preview":"max-image-preview:large","max-video-preview":"max-video-preview:-1"},"canonical":"https:\/\/gourmandpastries.com\/hr\/o-gourmand-pastries-bake-off-pecivima\/obiteljski-posao\/","og_locale":"hr_HR","og_type":"article","og_title":"Obiteljski posao - Gourmand Pastries","og_description":"Umije\u0107e izrade, inovacija i predanost Gourmand Pastries, vode\u0107a tvrtka u zamrznutim be\u010dkim slasticama, ove godine slavi svoju 40. obljetnicu. Zahvaljuju\u0107i","og_url":"https:\/\/gourmandpastries.com\/hr\/o-gourmand-pastries-bake-off-pecivima\/obiteljski-posao\/","og_site_name":"Gourmand Pastries","article_publisher":"https:\/\/www.facebook.com\/people\/Gourmand-Pastries\/100068122835291\/","article_modified_time":"2026-02-02T14:57:09+00:00","og_image":[{"width":960,"height":606,"url":"https:\/\/gourmandpastries.com\/wp-content\/uploads\/2024\/05\/Gourmand_family.jpg","type":"image\/jpeg"}],"twitter_card":"summary_large_image","twitter_misc":{"Procijenjeno vrijeme \u010ditanja":"1 minuta"},"schema":{"@context":"https:\/\/schema.org","@graph":[{"@type":"WebPage","@id":"https:\/\/gourmandpastries.com\/hr\/o-gourmand-pastries-bake-off-pecivima\/obiteljski-posao\/","url":"https:\/\/gourmandpastries.com\/hr\/o-gourmand-pastries-bake-off-pecivima\/obiteljski-posao\/","name":"Obiteljski posao - Gourmand Pastries","isPartOf":{"@id":"https:\/\/gourmandpastries.com\/hr\/#website"},"primaryImageOfPage":{"@id":"https:\/\/gourmandpastries.com\/hr\/o-gourmand-pastries-bake-off-pecivima\/obiteljski-posao\/#primaryimage"},"image":{"@id":"https:\/\/gourmandpastries.com\/hr\/o-gourmand-pastries-bake-off-pecivima\/obiteljski-posao\/#primaryimage"},"thumbnailUrl":"https:\/\/gourmandpastries.com\/wp-content\/uploads\/2024\/05\/Gourmand_family.jpg","datePublished":"2024-05-19T15:06:30+00:00","dateModified":"2026-02-02T14:57:09+00:00","description":"Umije\u0107e izrade, inovacija i predanost Gourmand Pastries, vode\u0107a tvrtka u zamrznutim be\u010dkim slasticama, ove godine slavi svoju 40. obljetnicu. Zahvaljuju\u0107i","breadcrumb":{"@id":"https:\/\/gourmandpastries.com\/hr\/o-gourmand-pastries-bake-off-pecivima\/obiteljski-posao\/#breadcrumb"},"inLanguage":"hr","potentialAction":[{"@type":"ReadAction","target":["https:\/\/gourmandpastries.com\/hr\/o-gourmand-pastries-bake-off-pecivima\/obiteljski-posao\/"]}]},{"@type":"ImageObject","inLanguage":"hr","@id":"https:\/\/gourmandpastries.com\/hr\/o-gourmand-pastries-bake-off-pecivima\/obiteljski-posao\/#primaryimage","url":"https:\/\/gourmandpastries.com\/wp-content\/uploads\/2024\/05\/Gourmand_family.jpg","contentUrl":"https:\/\/gourmandpastries.com\/wp-content\/uploads\/2024\/05\/Gourmand_family.jpg","width":960,"height":606,"caption":"over Gourmand Pastries bake-off koffiekoeken familie"},{"@type":"BreadcrumbList","@id":"https:\/\/gourmandpastries.com\/hr\/o-gourmand-pastries-bake-off-pecivima\/obiteljski-posao\/#breadcrumb","itemListElement":[{"@type":"ListItem","position":1,"name":"Home","item":"https:\/\/gourmandpastries.com\/hr\/"},{"@type":"ListItem","position":2,"name":"O nama","item":"https:\/\/gourmandpastries.com\/hr\/o-gourmand-pastries-bake-off-pecivima\/"},{"@type":"ListItem","position":3,"name":"Obiteljski posao"}]},{"@type":"WebSite","@id":"https:\/\/gourmandpastries.com\/hr\/#website","url":"https:\/\/gourmandpastries.com\/hr\/","name":"Gourmand Pastries","description":"","publisher":{"@id":"https:\/\/gourmandpastries.com\/hr\/#organization"},"potentialAction":[{"@type":"SearchAction","target":{"@type":"EntryPoint","urlTemplate":"https:\/\/gourmandpastries.com\/hr\/?s={search_term_string}"},"query-input":{"@type":"PropertyValueSpecification","valueRequired":true,"valueName":"search_term_string"}}],"inLanguage":"hr"},{"@type":"Organization","@id":"https:\/\/gourmandpastries.com\/hr\/#organization","name":"Gourmand Pastries","url":"https:\/\/gourmandpastries.com\/hr\/","logo":{"@type":"ImageObject","inLanguage":"hr","@id":"https:\/\/gourmandpastries.com\/hr\/#\/schema\/logo\/image\/","url":"https:\/\/gourmandpastries.com\/wp-content\/uploads\/2024\/06\/Logo_Gourmand_Pastries-kopie.jpg","contentUrl":"https:\/\/gourmandpastries.com\/wp-content\/uploads\/2024\/06\/Logo_Gourmand_Pastries-kopie.jpg","width":591,"height":591,"caption":"Gourmand Pastries"},"image":{"@id":"https:\/\/gourmandpastries.com\/hr\/#\/schema\/logo\/image\/"},"sameAs":["https:\/\/www.facebook.com\/people\/Gourmand-Pastries\/100068122835291\/","https:\/\/www.instagram.com\/gourmand__pastries\/","https:\/\/www.linkedin.com\/company\/gourmandpastries"]}]}},"_links":{"self":[{"href":"https:\/\/gourmandpastries.com\/hr\/wp-json\/wp\/v2\/pages\/14091","targetHints":{"allow":["GET"]}}],"collection":[{"href":"https:\/\/gourmandpastries.com\/hr\/wp-json\/wp\/v2\/pages"}],"about":[{"href":"https:\/\/gourmandpastries.com\/hr\/wp-json\/wp\/v2\/types\/page"}],"author":[{"embeddable":true,"href":"https:\/\/gourmandpastries.com\/hr\/wp-json\/wp\/v2\/users\/11"}],"replies":[{"embeddable":true,"href":"https:\/\/gourmandpastries.com\/hr\/wp-json\/wp\/v2\/comments?post=14091"}],"version-history":[{"count":5,"href":"https:\/\/gourmandpastries.com\/hr\/wp-json\/wp\/v2\/pages\/14091\/revisions"}],"predecessor-version":[{"id":14149,"href":"https:\/\/gourmandpastries.com\/hr\/wp-json\/wp\/v2\/pages\/14091\/revisions\/14149"}],"up":[{"embeddable":true,"href":"https:\/\/gourmandpastries.com\/hr\/wp-json\/wp\/v2\/pages\/13963"}],"wp:featuredmedia":[{"embeddable":true,"href":"https:\/\/gourmandpastries.com\/hr\/wp-json\/wp\/v2\/media\/13974"}],"wp:attachment":[{"href":"https:\/\/gourmandpastries.com\/hr\/wp-json\/wp\/v2\/media?parent=14091"}],"curies":[{"name":"wp","href":"https:\/\/api.w.org\/{rel}","templated":true}]}}