{"id":14047,"date":"2024-05-15T08:25:20","date_gmt":"2024-05-15T08:25:20","guid":{"rendered":"https:\/\/gourmandpastries.com\/?page_id=14047"},"modified":"2026-02-03T12:56:36","modified_gmt":"2026-02-03T12:56:36","slug":"veleprodaja-distribucija","status":"publish","type":"page","link":"https:\/\/gourmandpastries.com\/hr\/veleprodaja-distribucija\/","title":{"rendered":"Veleprodaja\/distribucija:"},"content":{"rendered":"<h1>Zamrznute slastice spremne za pe\u010denje za veleprodaju i distribuciju<\/h1>\n","protected":false},"excerpt":{"rendered":"<p>Zamrznute slastice spremne za pe\u010denje za veleprodaju i distribuciju<\/p>\n","protected":false},"author":11,"featured_media":0,"parent":14024,"menu_order":0,"comment_status":"closed","ping_status":"closed","template":"","meta":{"_acf_changed":false,"footnotes":""},"class_list":["post-14047","page","type-page","status-publish","hentry"],"acf":[],"yoast_head":"<!-- This site is optimized with the Yoast SEO plugin v27.3 - https:\/\/yoast.com\/product\/yoast-seo-wordpress\/ -->\n<title>Zamrznuti kroasani i peciva spremna za pe\u010denje na veliko<\/title>\n<meta name=\"description\" content=\"Zamrznute slastice spremne za pe\u010denje za veleprodaju i distribuciju: Gourmand Pastries nudi kvalitetu, prakti\u010dnost i svestranost.\" \/>\n<meta name=\"robots\" content=\"index, follow, max-snippet:-1, max-image-preview:large, max-video-preview:-1\" \/>\n<link rel=\"canonical\" href=\"https:\/\/gourmandpastries.com\/hr\/veleprodaja-distribucija\/\" \/>\n<meta property=\"og:locale\" content=\"hr_HR\" \/>\n<meta property=\"og:type\" content=\"article\" \/>\n<meta property=\"og:title\" content=\"Zamrznuti kroasani i peciva spremna za pe\u010denje na veliko\" \/>\n<meta property=\"og:description\" content=\"Zamrznute slastice spremne za pe\u010denje za veleprodaju i distribuciju: Gourmand Pastries nudi kvalitetu, prakti\u010dnost i svestranost.\" \/>\n<meta property=\"og:url\" content=\"https:\/\/gourmandpastries.com\/hr\/veleprodaja-distribucija\/\" \/>\n<meta property=\"og:site_name\" content=\"Gourmand Pastries\" \/>\n<meta property=\"article:publisher\" content=\"https:\/\/www.facebook.com\/people\/Gourmand-Pastries\/100068122835291\/\" \/>\n<meta property=\"article:modified_time\" content=\"2026-02-03T12:56:36+00:00\" \/>\n<meta name=\"twitter:card\" content=\"summary_large_image\" \/>\n<meta name=\"twitter:label1\" content=\"Procijenjeno vrijeme \u010ditanja\" \/>\n\t<meta name=\"twitter:data1\" content=\"1 minuta\" \/>\n<script type=\"application\/ld+json\" class=\"yoast-schema-graph\">{\"@context\":\"https:\\\/\\\/schema.org\",\"@graph\":[{\"@type\":\"WebPage\",\"@id\":\"https:\\\/\\\/gourmandpastries.com\\\/hr\\\/veleprodaja-distribucija\\\/\",\"url\":\"https:\\\/\\\/gourmandpastries.com\\\/hr\\\/veleprodaja-distribucija\\\/\",\"name\":\"Zamrznuti kroasani i peciva spremna za pe\u010denje na veliko\",\"isPartOf\":{\"@id\":\"https:\\\/\\\/gourmandpastries.com\\\/hr\\\/#website\"},\"datePublished\":\"2024-05-15T08:25:20+00:00\",\"dateModified\":\"2026-02-03T12:56:36+00:00\",\"description\":\"Zamrznute slastice spremne za pe\u010denje za veleprodaju i distribuciju: Gourmand Pastries nudi kvalitetu, prakti\u010dnost i svestranost.\",\"breadcrumb\":{\"@id\":\"https:\\\/\\\/gourmandpastries.com\\\/hr\\\/veleprodaja-distribucija\\\/#breadcrumb\"},\"inLanguage\":\"hr\",\"potentialAction\":[{\"@type\":\"ReadAction\",\"target\":[\"https:\\\/\\\/gourmandpastries.com\\\/hr\\\/veleprodaja-distribucija\\\/\"]}]},{\"@type\":\"BreadcrumbList\",\"@id\":\"https:\\\/\\\/gourmandpastries.com\\\/hr\\\/veleprodaja-distribucija\\\/#breadcrumb\",\"itemListElement\":[{\"@type\":\"ListItem\",\"position\":1,\"name\":\"Home\",\"item\":\"https:\\\/\\\/gourmandpastries.com\\\/hr\\\/\"},{\"@type\":\"ListItem\",\"position\":2,\"name\":\"Za koga?\",\"item\":\"https:\\\/\\\/gourmandpastries.com\\\/hr\\\/za-koga\\\/\"},{\"@type\":\"ListItem\",\"position\":3,\"name\":\"Veleprodaja\\\/distribucija:\"}]},{\"@type\":\"WebSite\",\"@id\":\"https:\\\/\\\/gourmandpastries.com\\\/hr\\\/#website\",\"url\":\"https:\\\/\\\/gourmandpastries.com\\\/hr\\\/\",\"name\":\"Gourmand Pastries\",\"description\":\"\",\"publisher\":{\"@id\":\"https:\\\/\\\/gourmandpastries.com\\\/hr\\\/#organization\"},\"potentialAction\":[{\"@type\":\"SearchAction\",\"target\":{\"@type\":\"EntryPoint\",\"urlTemplate\":\"https:\\\/\\\/gourmandpastries.com\\\/hr\\\/?s={search_term_string}\"},\"query-input\":{\"@type\":\"PropertyValueSpecification\",\"valueRequired\":true,\"valueName\":\"search_term_string\"}}],\"inLanguage\":\"hr\"},{\"@type\":\"Organization\",\"@id\":\"https:\\\/\\\/gourmandpastries.com\\\/hr\\\/#organization\",\"name\":\"Gourmand Pastries\",\"url\":\"https:\\\/\\\/gourmandpastries.com\\\/hr\\\/\",\"logo\":{\"@type\":\"ImageObject\",\"inLanguage\":\"hr\",\"@id\":\"https:\\\/\\\/gourmandpastries.com\\\/hr\\\/#\\\/schema\\\/logo\\\/image\\\/\",\"url\":\"https:\\\/\\\/gourmandpastries.com\\\/wp-content\\\/uploads\\\/2024\\\/06\\\/Logo_Gourmand_Pastries-kopie.jpg\",\"contentUrl\":\"https:\\\/\\\/gourmandpastries.com\\\/wp-content\\\/uploads\\\/2024\\\/06\\\/Logo_Gourmand_Pastries-kopie.jpg\",\"width\":591,\"height\":591,\"caption\":\"Gourmand Pastries\"},\"image\":{\"@id\":\"https:\\\/\\\/gourmandpastries.com\\\/hr\\\/#\\\/schema\\\/logo\\\/image\\\/\"},\"sameAs\":[\"https:\\\/\\\/www.facebook.com\\\/people\\\/Gourmand-Pastries\\\/100068122835291\\\/\",\"https:\\\/\\\/www.instagram.com\\\/gourmand__pastries\\\/\",\"https:\\\/\\\/www.linkedin.com\\\/company\\\/gourmandpastries\"]}]}<\/script>\n<!-- \/ Yoast SEO plugin. -->","yoast_head_json":{"title":"Zamrznuti kroasani i peciva spremna za pe\u010denje na veliko","description":"Zamrznute slastice spremne za pe\u010denje za veleprodaju i distribuciju: Gourmand Pastries nudi kvalitetu, prakti\u010dnost i svestranost.","robots":{"index":"index","follow":"follow","max-snippet":"max-snippet:-1","max-image-preview":"max-image-preview:large","max-video-preview":"max-video-preview:-1"},"canonical":"https:\/\/gourmandpastries.com\/hr\/veleprodaja-distribucija\/","og_locale":"hr_HR","og_type":"article","og_title":"Zamrznuti kroasani i peciva spremna za pe\u010denje na veliko","og_description":"Zamrznute slastice spremne za pe\u010denje za veleprodaju i distribuciju: Gourmand Pastries nudi kvalitetu, prakti\u010dnost i svestranost.","og_url":"https:\/\/gourmandpastries.com\/hr\/veleprodaja-distribucija\/","og_site_name":"Gourmand Pastries","article_publisher":"https:\/\/www.facebook.com\/people\/Gourmand-Pastries\/100068122835291\/","article_modified_time":"2026-02-03T12:56:36+00:00","twitter_card":"summary_large_image","twitter_misc":{"Procijenjeno vrijeme \u010ditanja":"1 minuta"},"schema":{"@context":"https:\/\/schema.org","@graph":[{"@type":"WebPage","@id":"https:\/\/gourmandpastries.com\/hr\/veleprodaja-distribucija\/","url":"https:\/\/gourmandpastries.com\/hr\/veleprodaja-distribucija\/","name":"Zamrznuti kroasani i peciva spremna za pe\u010denje na veliko","isPartOf":{"@id":"https:\/\/gourmandpastries.com\/hr\/#website"},"datePublished":"2024-05-15T08:25:20+00:00","dateModified":"2026-02-03T12:56:36+00:00","description":"Zamrznute slastice spremne za pe\u010denje za veleprodaju i distribuciju: Gourmand Pastries nudi kvalitetu, prakti\u010dnost i svestranost.","breadcrumb":{"@id":"https:\/\/gourmandpastries.com\/hr\/veleprodaja-distribucija\/#breadcrumb"},"inLanguage":"hr","potentialAction":[{"@type":"ReadAction","target":["https:\/\/gourmandpastries.com\/hr\/veleprodaja-distribucija\/"]}]},{"@type":"BreadcrumbList","@id":"https:\/\/gourmandpastries.com\/hr\/veleprodaja-distribucija\/#breadcrumb","itemListElement":[{"@type":"ListItem","position":1,"name":"Home","item":"https:\/\/gourmandpastries.com\/hr\/"},{"@type":"ListItem","position":2,"name":"Za koga?","item":"https:\/\/gourmandpastries.com\/hr\/za-koga\/"},{"@type":"ListItem","position":3,"name":"Veleprodaja\/distribucija:"}]},{"@type":"WebSite","@id":"https:\/\/gourmandpastries.com\/hr\/#website","url":"https:\/\/gourmandpastries.com\/hr\/","name":"Gourmand Pastries","description":"","publisher":{"@id":"https:\/\/gourmandpastries.com\/hr\/#organization"},"potentialAction":[{"@type":"SearchAction","target":{"@type":"EntryPoint","urlTemplate":"https:\/\/gourmandpastries.com\/hr\/?s={search_term_string}"},"query-input":{"@type":"PropertyValueSpecification","valueRequired":true,"valueName":"search_term_string"}}],"inLanguage":"hr"},{"@type":"Organization","@id":"https:\/\/gourmandpastries.com\/hr\/#organization","name":"Gourmand Pastries","url":"https:\/\/gourmandpastries.com\/hr\/","logo":{"@type":"ImageObject","inLanguage":"hr","@id":"https:\/\/gourmandpastries.com\/hr\/#\/schema\/logo\/image\/","url":"https:\/\/gourmandpastries.com\/wp-content\/uploads\/2024\/06\/Logo_Gourmand_Pastries-kopie.jpg","contentUrl":"https:\/\/gourmandpastries.com\/wp-content\/uploads\/2024\/06\/Logo_Gourmand_Pastries-kopie.jpg","width":591,"height":591,"caption":"Gourmand Pastries"},"image":{"@id":"https:\/\/gourmandpastries.com\/hr\/#\/schema\/logo\/image\/"},"sameAs":["https:\/\/www.facebook.com\/people\/Gourmand-Pastries\/100068122835291\/","https:\/\/www.instagram.com\/gourmand__pastries\/","https:\/\/www.linkedin.com\/company\/gourmandpastries"]}]}},"_links":{"self":[{"href":"https:\/\/gourmandpastries.com\/hr\/wp-json\/wp\/v2\/pages\/14047","targetHints":{"allow":["GET"]}}],"collection":[{"href":"https:\/\/gourmandpastries.com\/hr\/wp-json\/wp\/v2\/pages"}],"about":[{"href":"https:\/\/gourmandpastries.com\/hr\/wp-json\/wp\/v2\/types\/page"}],"author":[{"embeddable":true,"href":"https:\/\/gourmandpastries.com\/hr\/wp-json\/wp\/v2\/users\/11"}],"replies":[{"embeddable":true,"href":"https:\/\/gourmandpastries.com\/hr\/wp-json\/wp\/v2\/comments?post=14047"}],"version-history":[{"count":5,"href":"https:\/\/gourmandpastries.com\/hr\/wp-json\/wp\/v2\/pages\/14047\/revisions"}],"predecessor-version":[{"id":15056,"href":"https:\/\/gourmandpastries.com\/hr\/wp-json\/wp\/v2\/pages\/14047\/revisions\/15056"}],"up":[{"embeddable":true,"href":"https:\/\/gourmandpastries.com\/hr\/wp-json\/wp\/v2\/pages\/14024"}],"wp:attachment":[{"href":"https:\/\/gourmandpastries.com\/hr\/wp-json\/wp\/v2\/media?parent=14047"}],"curies":[{"name":"wp","href":"https:\/\/api.w.org\/{rel}","templated":true}]}}