{"id":14021,"date":"2024-05-05T17:03:24","date_gmt":"2024-05-05T17:03:24","guid":{"rendered":"https:\/\/gourmandpastries.com\/?page_id=14021"},"modified":"2026-02-02T14:31:42","modified_gmt":"2026-02-02T14:31:42","slug":"kontakt","status":"publish","type":"page","link":"https:\/\/gourmandpastries.com\/hr\/kontakt\/","title":{"rendered":"Kontakt"},"content":{"rendered":"<p>Imate pitanje, savjet ili prijedlog? Popunite obrazac za kontakt i uskoro \u0107emo vam se obratiti.<\/p>\n<p>&nbsp;<\/p>\n\n<div class=\"wpcf7 no-js\" id=\"wpcf7-f13864-o1\" lang=\"hr\" dir=\"ltr\" data-wpcf7-id=\"13864\">\n<div class=\"screen-reader-response\"><p role=\"status\" aria-live=\"polite\" aria-atomic=\"true\"><\/p> <ul><\/ul><\/div>\n<form action=\"\/hr\/wp-json\/wp\/v2\/pages\/14021#wpcf7-f13864-o1\" method=\"post\" class=\"wpcf7-form init\" aria-label=\"Kontakt obrazac\" novalidate=\"novalidate\" data-status=\"init\">\n<fieldset class=\"hidden-fields-container\"><input type=\"hidden\" name=\"_wpcf7\" value=\"13864\" \/><input type=\"hidden\" name=\"_wpcf7_version\" value=\"6.1.5\" \/><input type=\"hidden\" name=\"_wpcf7_locale\" value=\"hr\" \/><input type=\"hidden\" name=\"_wpcf7_unit_tag\" value=\"wpcf7-f13864-o1\" \/><input type=\"hidden\" name=\"_wpcf7_container_post\" value=\"0\" \/><input type=\"hidden\" name=\"_wpcf7_posted_data_hash\" value=\"\" \/><input type=\"hidden\" name=\"_wpcf7_recaptcha_response\" value=\"\" \/>\n<\/fieldset>\n<div class=\"contact-form-wrapper\">\n\t<div class=\"form-control-wrapper\">\n\t\t<div class=\"form-control\">\n\t\t\t<p><span class=\"wpcf7-form-control-wrap\" data-name=\"naam\"><input size=\"40\" maxlength=\"400\" class=\"wpcf7-form-control wpcf7-text wpcf7-validates-as-required\" aria-required=\"true\" aria-invalid=\"false\" placeholder=\"prezime\" value=\"\" type=\"text\" name=\"naam\" \/><\/span>\n\t\t\t<\/p>\n\t\t<\/div>\n\t\t<div class=\"form-control\">\n\t\t\t<p><span class=\"wpcf7-form-control-wrap\" data-name=\"voornaam\"><input size=\"40\" maxlength=\"400\" class=\"wpcf7-form-control wpcf7-text wpcf7-validates-as-required\" aria-required=\"true\" aria-invalid=\"false\" placeholder=\"ime\" value=\"\" type=\"text\" name=\"voornaam\" \/><\/span>\n\t\t\t<\/p>\n\t\t<\/div>\n\t<\/div>\n\t<div class=\"form-control-wrapper\">\n\t\t<div class=\"form-control\">\n\t\t\t<p><span class=\"wpcf7-form-control-wrap\" data-name=\"email-address\"><input size=\"40\" maxlength=\"400\" class=\"wpcf7-form-control wpcf7-email wpcf7-validates-as-required wpcf7-text wpcf7-validates-as-email\" aria-required=\"true\" aria-invalid=\"false\" placeholder=\"adresa e-po\u0161te\" value=\"\" type=\"email\" name=\"email-address\" \/><\/span>\n\t\t\t<\/p>\n\t\t<\/div>\n\t\t<div class=\"form-control\">\n\t\t\t<p><span class=\"wpcf7-form-control-wrap\" data-name=\"bedrijf\"><input size=\"40\" maxlength=\"400\" class=\"wpcf7-form-control wpcf7-text wpcf7-validates-as-required\" aria-required=\"true\" aria-invalid=\"false\" placeholder=\"tvrtka\" value=\"\" type=\"text\" name=\"bedrijf\" \/><\/span>\n\t\t\t<\/p>\n\t\t<\/div>\n\t<\/div>\n\t<div class=\"form-control-wrapper\">\n\t\t<div class=\"form-control\">\n\t\t\t<p><span class=\"wpcf7-form-control-wrap\" data-name=\"postcode\"><input size=\"40\" maxlength=\"400\" class=\"wpcf7-form-control wpcf7-text wpcf7-validates-as-required\" aria-required=\"true\" aria-invalid=\"false\" placeholder=\"po\u0161tanski broj\" value=\"\" type=\"text\" name=\"postcode\" \/><\/span>\n\t\t\t<\/p>\n\t\t<\/div>\n\t\t<div class=\"form-control\">\n\t\t\t<p><span class=\"wpcf7-form-control-wrap\" data-name=\"land\"><input size=\"40\" maxlength=\"400\" class=\"wpcf7-form-control wpcf7-text wpcf7-validates-as-required\" aria-required=\"true\" aria-invalid=\"false\" placeholder=\"dr\u017eava\" value=\"\" type=\"text\" name=\"land\" \/><\/span>\n\t\t\t<\/p>\n\t\t<\/div>\n\t<\/div>\n\t<div class=\"form-control-wrapper\">\n\t\t<div class=\"form-control\">\n\t\t\t<p><span class=\"wpcf7-form-control-wrap\" data-name=\"bericht\"><textarea cols=\"40\" rows=\"10\" maxlength=\"2000\" class=\"wpcf7-form-control wpcf7-textarea wpcf7-validates-as-required\" aria-required=\"true\" aria-invalid=\"false\" placeholder=\"poruka\" name=\"bericht\"><\/textarea><\/span>\n\t\t\t<\/p>\n\t\t<\/div>\n\t\t<div class=\"form-control\">\n\t\t\t<div class=\"select-wrapper\">\n\t\t\t\t<p class=\"select-label font-montserat-light font-18 gray-color\">Ja sam\n\t\t\t\t<\/p>\n\t\t\t\t<p><span class=\"wpcf7-form-control-wrap\" data-name=\"interested-in\"><span class=\"wpcf7-form-control wpcf7-checkbox wpcf7-validates-as-required\"><span class=\"wpcf7-list-item first\"><label><input type=\"checkbox\" name=\"interested-in[]\" value=\"Ugostiteljstvo\" \/><span class=\"wpcf7-list-item-label\">Ugostiteljstvo<\/span><\/label><\/span><span class=\"wpcf7-list-item\"><label><input type=\"checkbox\" name=\"interested-in[]\" value=\"Maloprodaja\" \/><span class=\"wpcf7-list-item-label\">Maloprodaja<\/span><\/label><\/span><span class=\"wpcf7-list-item\"><label><input type=\"checkbox\" name=\"interested-in[]\" value=\"Veleprodaja\/distribucija\" \/><span class=\"wpcf7-list-item-label\">Veleprodaja\/distribucija<\/span><\/label><\/span><span class=\"wpcf7-list-item\"><label><input type=\"checkbox\" name=\"interested-in[]\" value=\"Pekare\/pekarnice\" \/><span class=\"wpcf7-list-item-label\">Pekare\/pekarnice<\/span><\/label><\/span><span class=\"wpcf7-list-item last\"><label><input type=\"checkbox\" name=\"interested-in[]\" value=\"Ostalo\" \/><span class=\"wpcf7-list-item-label\">Ostalo<\/span><\/label><\/span><\/span><\/span>\n\t\t\t\t<\/p>\n\t\t\t<\/div>\n\t\t<\/div>\n\t<\/div>\n\t<div class=\"form-control-wrapper\">\n\t\t<div class=\"form-control flex-start\">\n\t\t\t<p><span class=\"wpcf7-form-control-wrap\" data-name=\"gdpr\"><span class=\"wpcf7-form-control wpcf7-acceptance\"><span class=\"wpcf7-list-item\"><label><input type=\"checkbox\" name=\"gdpr\" value=\"1\" aria-invalid=\"false\" \/><span class=\"wpcf7-list-item-label\">Uskla\u0111enost s GDPR-om<\/span><\/label><\/span><\/span><\/span>\n\t\t\t<\/p>\n\t\t<\/div>\n\t<\/div>\n<\/div>\n<div class=\"contact-form-submit\">\n\t<p><input class=\"wpcf7-form-control wpcf7-submit has-spinner\" id=\"submit-btn\" type=\"submit\" value=\"Po\u0161alji\" \/>\n\t<\/p>\n<\/div><div class=\"wpcf7-response-output\" aria-hidden=\"true\"><\/div>\n<\/form>\n<\/div>\n\n<h3><\/h3>\n<h2>Sredi\u0161nji ured<\/h2>\n<p><strong>Gourmand Pastries S.A. <\/strong><\/p>\n<p>Dr\u00e8ve Gustave Fache 6 \u2022 7700 Mouscron \u2022 Belgija<\/p>\n<p>BTW\/PDV: BE 0425 877 807<\/p>\n<p>T +32 (0)56 85 90 90 \u2022 F +32 (0)56 85 90 76<\/p>\n<p><a href=\"mailto:info@gourmandpastries.com\">info@gourmandpastries.com<\/a> \u2022 <a href=\"http:\/\/www.gourmandpastries.com\">www.gourmandpastries.com<\/a><\/p>\n<h3><\/h3>\n<p>&nbsp;<\/p>\n<h2>Prodajni ured u SAD-u<\/h2>\n<p><strong>Gourmand Pastries Raleigh<\/strong><\/p>\n<p>7231 ACC Boulevard \u2022 Suite 107 \u2022 Raleigh NC 27617<\/p>\n<p>&nbsp;<\/p>\n<p><strong>Gourmand Pastries New-York<\/strong><\/p>\n<p>530 &#8211; 7th Avenue \u2022 Suite 902 \u2022 New York, New York 10018<\/p>\n<p>T +1 (984) 219 2800 \u2022 <a href=\"mailto:orders.us@gourmandpastries.com\">orders.us@gourmandpastries.com<\/a><\/p>\n<h3><\/h3>\n<p>&nbsp;<\/p>\n<h2>Prodajni ured u Italiji<\/h2>\n<p><strong>Gourmand Pastries Italia srl<\/strong><\/p>\n<p>Viale Abruzzi 94, 20131 Milano<\/p>\n<p>&nbsp;<\/p>\n<p><iframe loading=\"lazy\" style=\"border: 0;\" src=\"https:\/\/www.google.com\/maps\/embed?pb=!1m18!1m12!1m3!1d2524.769554970332!2d3.2506025768428928!3d50.74276286627333!2m3!1f0!2f0!3f0!3m2!1i1024!2i768!4f13.1!3m3!1m2!1s0x47c325b479227a8f%3A0x5314c8b1438644!2sGourmand%20Pastries!5e0!3m2!1snl!2sbe!4v1718109877653!5m2!1snl!2sbe\" width=\"600\" height=\"450\" allowfullscreen=\"allowfullscreen\" data-mce-fragment=\"1\"><\/iframe><\/p>\n","protected":false},"excerpt":{"rendered":"<p>Imate pitanje, savjet ili prijedlog? Popunite obrazac za kontakt i uskoro \u0107emo vam se obratiti. &nbsp; Sredi\u0161nji ured Gourmand Pastries S.A. Dr\u00e8ve Gustave Fache 6 \u2022 7700 Mouscron \u2022 Belgija BTW\/PDV: BE 0425 877 807 T +32 (0)56 85 90 90 \u2022 F +32 (0)56 85 90 76 info@gourmandpastries.com \u2022 www.gourmandpastries.com &nbsp; Prodajni ured u [&hellip;]<\/p>\n","protected":false},"author":11,"featured_media":0,"parent":0,"menu_order":0,"comment_status":"closed","ping_status":"closed","template":"","meta":{"_acf_changed":false,"footnotes":""},"class_list":["post-14021","page","type-page","status-publish","hentry"],"acf":[],"yoast_head":"<!-- This site is optimized with the Yoast SEO plugin v27.3 - https:\/\/yoast.com\/product\/yoast-seo-wordpress\/ -->\n<title>Kontakt - Gourmand Pastries<\/title>\n<meta name=\"description\" content=\"Imate pitanje, savjet ili prijedlog? Popunite obrazac za kontakt i uskoro \u0107emo vam se obratiti. &nbsp; Sredi\u0161nji ured Gourmand Pastries S.A. Dr\u00e8ve Gustave\" \/>\n<meta name=\"robots\" content=\"index, follow, max-snippet:-1, max-image-preview:large, max-video-preview:-1\" \/>\n<link rel=\"canonical\" href=\"https:\/\/gourmandpastries.com\/hr\/kontakt\/\" \/>\n<meta property=\"og:locale\" content=\"hr_HR\" \/>\n<meta property=\"og:type\" content=\"article\" \/>\n<meta property=\"og:title\" content=\"Kontakt - Gourmand Pastries\" \/>\n<meta property=\"og:description\" content=\"Imate pitanje, savjet ili prijedlog? Popunite obrazac za kontakt i uskoro \u0107emo vam se obratiti. &nbsp; Sredi\u0161nji ured Gourmand Pastries S.A. Dr\u00e8ve Gustave\" \/>\n<meta property=\"og:url\" content=\"https:\/\/gourmandpastries.com\/hr\/kontakt\/\" \/>\n<meta property=\"og:site_name\" content=\"Gourmand Pastries\" \/>\n<meta property=\"article:publisher\" content=\"https:\/\/www.facebook.com\/people\/Gourmand-Pastries\/100068122835291\/\" \/>\n<meta property=\"article:modified_time\" content=\"2026-02-02T14:31:42+00:00\" \/>\n<meta name=\"twitter:card\" content=\"summary_large_image\" \/>\n<meta name=\"twitter:label1\" content=\"Procijenjeno vrijeme \u010ditanja\" \/>\n\t<meta name=\"twitter:data1\" content=\"1 minuta\" \/>\n<script type=\"application\/ld+json\" class=\"yoast-schema-graph\">{\"@context\":\"https:\\\/\\\/schema.org\",\"@graph\":[{\"@type\":\"WebPage\",\"@id\":\"https:\\\/\\\/gourmandpastries.com\\\/hr\\\/kontakt\\\/\",\"url\":\"https:\\\/\\\/gourmandpastries.com\\\/hr\\\/kontakt\\\/\",\"name\":\"Kontakt - Gourmand Pastries\",\"isPartOf\":{\"@id\":\"https:\\\/\\\/gourmandpastries.com\\\/hr\\\/#website\"},\"datePublished\":\"2024-05-05T17:03:24+00:00\",\"dateModified\":\"2026-02-02T14:31:42+00:00\",\"description\":\"Imate pitanje, savjet ili prijedlog? Popunite obrazac za kontakt i uskoro \u0107emo vam se obratiti. &nbsp; Sredi\u0161nji ured Gourmand Pastries S.A. Dr\u00e8ve Gustave\",\"breadcrumb\":{\"@id\":\"https:\\\/\\\/gourmandpastries.com\\\/hr\\\/kontakt\\\/#breadcrumb\"},\"inLanguage\":\"hr\",\"potentialAction\":[{\"@type\":\"ReadAction\",\"target\":[\"https:\\\/\\\/gourmandpastries.com\\\/hr\\\/kontakt\\\/\"]}]},{\"@type\":\"BreadcrumbList\",\"@id\":\"https:\\\/\\\/gourmandpastries.com\\\/hr\\\/kontakt\\\/#breadcrumb\",\"itemListElement\":[{\"@type\":\"ListItem\",\"position\":1,\"name\":\"Home\",\"item\":\"https:\\\/\\\/gourmandpastries.com\\\/hr\\\/\"},{\"@type\":\"ListItem\",\"position\":2,\"name\":\"Kontakt\"}]},{\"@type\":\"WebSite\",\"@id\":\"https:\\\/\\\/gourmandpastries.com\\\/hr\\\/#website\",\"url\":\"https:\\\/\\\/gourmandpastries.com\\\/hr\\\/\",\"name\":\"Gourmand Pastries\",\"description\":\"\",\"publisher\":{\"@id\":\"https:\\\/\\\/gourmandpastries.com\\\/hr\\\/#organization\"},\"potentialAction\":[{\"@type\":\"SearchAction\",\"target\":{\"@type\":\"EntryPoint\",\"urlTemplate\":\"https:\\\/\\\/gourmandpastries.com\\\/hr\\\/?s={search_term_string}\"},\"query-input\":{\"@type\":\"PropertyValueSpecification\",\"valueRequired\":true,\"valueName\":\"search_term_string\"}}],\"inLanguage\":\"hr\"},{\"@type\":\"Organization\",\"@id\":\"https:\\\/\\\/gourmandpastries.com\\\/hr\\\/#organization\",\"name\":\"Gourmand Pastries\",\"url\":\"https:\\\/\\\/gourmandpastries.com\\\/hr\\\/\",\"logo\":{\"@type\":\"ImageObject\",\"inLanguage\":\"hr\",\"@id\":\"https:\\\/\\\/gourmandpastries.com\\\/hr\\\/#\\\/schema\\\/logo\\\/image\\\/\",\"url\":\"https:\\\/\\\/gourmandpastries.com\\\/wp-content\\\/uploads\\\/2024\\\/06\\\/Logo_Gourmand_Pastries-kopie.jpg\",\"contentUrl\":\"https:\\\/\\\/gourmandpastries.com\\\/wp-content\\\/uploads\\\/2024\\\/06\\\/Logo_Gourmand_Pastries-kopie.jpg\",\"width\":591,\"height\":591,\"caption\":\"Gourmand Pastries\"},\"image\":{\"@id\":\"https:\\\/\\\/gourmandpastries.com\\\/hr\\\/#\\\/schema\\\/logo\\\/image\\\/\"},\"sameAs\":[\"https:\\\/\\\/www.facebook.com\\\/people\\\/Gourmand-Pastries\\\/100068122835291\\\/\",\"https:\\\/\\\/www.instagram.com\\\/gourmand__pastries\\\/\",\"https:\\\/\\\/www.linkedin.com\\\/company\\\/gourmandpastries\"]}]}<\/script>\n<!-- \/ Yoast SEO plugin. -->","yoast_head_json":{"title":"Kontakt - Gourmand Pastries","description":"Imate pitanje, savjet ili prijedlog? Popunite obrazac za kontakt i uskoro \u0107emo vam se obratiti. &nbsp; Sredi\u0161nji ured Gourmand Pastries S.A. Dr\u00e8ve Gustave","robots":{"index":"index","follow":"follow","max-snippet":"max-snippet:-1","max-image-preview":"max-image-preview:large","max-video-preview":"max-video-preview:-1"},"canonical":"https:\/\/gourmandpastries.com\/hr\/kontakt\/","og_locale":"hr_HR","og_type":"article","og_title":"Kontakt - Gourmand Pastries","og_description":"Imate pitanje, savjet ili prijedlog? Popunite obrazac za kontakt i uskoro \u0107emo vam se obratiti. &nbsp; Sredi\u0161nji ured Gourmand Pastries S.A. Dr\u00e8ve Gustave","og_url":"https:\/\/gourmandpastries.com\/hr\/kontakt\/","og_site_name":"Gourmand Pastries","article_publisher":"https:\/\/www.facebook.com\/people\/Gourmand-Pastries\/100068122835291\/","article_modified_time":"2026-02-02T14:31:42+00:00","twitter_card":"summary_large_image","twitter_misc":{"Procijenjeno vrijeme \u010ditanja":"1 minuta"},"schema":{"@context":"https:\/\/schema.org","@graph":[{"@type":"WebPage","@id":"https:\/\/gourmandpastries.com\/hr\/kontakt\/","url":"https:\/\/gourmandpastries.com\/hr\/kontakt\/","name":"Kontakt - Gourmand Pastries","isPartOf":{"@id":"https:\/\/gourmandpastries.com\/hr\/#website"},"datePublished":"2024-05-05T17:03:24+00:00","dateModified":"2026-02-02T14:31:42+00:00","description":"Imate pitanje, savjet ili prijedlog? Popunite obrazac za kontakt i uskoro \u0107emo vam se obratiti. &nbsp; Sredi\u0161nji ured Gourmand Pastries S.A. Dr\u00e8ve Gustave","breadcrumb":{"@id":"https:\/\/gourmandpastries.com\/hr\/kontakt\/#breadcrumb"},"inLanguage":"hr","potentialAction":[{"@type":"ReadAction","target":["https:\/\/gourmandpastries.com\/hr\/kontakt\/"]}]},{"@type":"BreadcrumbList","@id":"https:\/\/gourmandpastries.com\/hr\/kontakt\/#breadcrumb","itemListElement":[{"@type":"ListItem","position":1,"name":"Home","item":"https:\/\/gourmandpastries.com\/hr\/"},{"@type":"ListItem","position":2,"name":"Kontakt"}]},{"@type":"WebSite","@id":"https:\/\/gourmandpastries.com\/hr\/#website","url":"https:\/\/gourmandpastries.com\/hr\/","name":"Gourmand Pastries","description":"","publisher":{"@id":"https:\/\/gourmandpastries.com\/hr\/#organization"},"potentialAction":[{"@type":"SearchAction","target":{"@type":"EntryPoint","urlTemplate":"https:\/\/gourmandpastries.com\/hr\/?s={search_term_string}"},"query-input":{"@type":"PropertyValueSpecification","valueRequired":true,"valueName":"search_term_string"}}],"inLanguage":"hr"},{"@type":"Organization","@id":"https:\/\/gourmandpastries.com\/hr\/#organization","name":"Gourmand Pastries","url":"https:\/\/gourmandpastries.com\/hr\/","logo":{"@type":"ImageObject","inLanguage":"hr","@id":"https:\/\/gourmandpastries.com\/hr\/#\/schema\/logo\/image\/","url":"https:\/\/gourmandpastries.com\/wp-content\/uploads\/2024\/06\/Logo_Gourmand_Pastries-kopie.jpg","contentUrl":"https:\/\/gourmandpastries.com\/wp-content\/uploads\/2024\/06\/Logo_Gourmand_Pastries-kopie.jpg","width":591,"height":591,"caption":"Gourmand Pastries"},"image":{"@id":"https:\/\/gourmandpastries.com\/hr\/#\/schema\/logo\/image\/"},"sameAs":["https:\/\/www.facebook.com\/people\/Gourmand-Pastries\/100068122835291\/","https:\/\/www.instagram.com\/gourmand__pastries\/","https:\/\/www.linkedin.com\/company\/gourmandpastries"]}]}},"_links":{"self":[{"href":"https:\/\/gourmandpastries.com\/hr\/wp-json\/wp\/v2\/pages\/14021","targetHints":{"allow":["GET"]}}],"collection":[{"href":"https:\/\/gourmandpastries.com\/hr\/wp-json\/wp\/v2\/pages"}],"about":[{"href":"https:\/\/gourmandpastries.com\/hr\/wp-json\/wp\/v2\/types\/page"}],"author":[{"embeddable":true,"href":"https:\/\/gourmandpastries.com\/hr\/wp-json\/wp\/v2\/users\/11"}],"replies":[{"embeddable":true,"href":"https:\/\/gourmandpastries.com\/hr\/wp-json\/wp\/v2\/comments?post=14021"}],"version-history":[{"count":1,"href":"https:\/\/gourmandpastries.com\/hr\/wp-json\/wp\/v2\/pages\/14021\/revisions"}],"predecessor-version":[{"id":14023,"href":"https:\/\/gourmandpastries.com\/hr\/wp-json\/wp\/v2\/pages\/14021\/revisions\/14023"}],"wp:attachment":[{"href":"https:\/\/gourmandpastries.com\/hr\/wp-json\/wp\/v2\/media?parent=14021"}],"curies":[{"name":"wp","href":"https:\/\/api.w.org\/{rel}","templated":true}]}}