{"id":9586,"date":"2024-05-04T10:43:34","date_gmt":"2024-05-04T10:43:34","guid":{"rendered":"https:\/\/gourmandpastries.com\/voor-wie\/"},"modified":"2024-08-27T09:44:01","modified_gmt":"2024-08-27T09:44:01","slug":"a-qui","status":"publish","type":"page","link":"https:\/\/gourmandpastries.com\/fr\/a-qui\/","title":{"rendered":"Pour qui ?"},"content":{"rendered":"","protected":false},"excerpt":{"rendered":"","protected":false},"author":1,"featured_media":0,"parent":0,"menu_order":0,"comment_status":"closed","ping_status":"closed","template":"","meta":{"_acf_changed":false,"footnotes":""},"class_list":["post-9586","page","type-page","status-publish","hentry"],"acf":[],"yoast_head":"<!-- This site is optimized with the Yoast SEO plugin v27.3 - https:\/\/yoast.com\/product\/yoast-seo-wordpress\/ -->\n<title>Viennoiseries surgel\u00e9es, croissants pour professionnels - Gourmand Pastries<\/title>\n<meta name=\"description\" content=\"Petits pains, croissants et viennoiseries surgel\u00e9s Gourmand Pastries \u00e0 destination des professionnels, notamment dans les secteurs de la restauration, du commerce de d\u00e9tail, de la distribution, du commerce de gros et de la boulangerie.\" \/>\n<meta name=\"robots\" content=\"index, follow, max-snippet:-1, max-image-preview:large, max-video-preview:-1\" \/>\n<link rel=\"canonical\" href=\"https:\/\/gourmandpastries.com\/fr\/a-qui\/\" \/>\n<meta property=\"og:locale\" content=\"fr_FR\" \/>\n<meta property=\"og:type\" content=\"article\" \/>\n<meta property=\"og:title\" content=\"Viennoiseries surgel\u00e9es, croissants pour professionnels - Gourmand Pastries\" \/>\n<meta property=\"og:description\" content=\"Petits pains, croissants et viennoiseries surgel\u00e9s Gourmand Pastries \u00e0 destination des professionnels, notamment dans les secteurs de la restauration, du commerce de d\u00e9tail, de la distribution, du commerce de gros et de la boulangerie.\" \/>\n<meta property=\"og:url\" content=\"https:\/\/gourmandpastries.com\/fr\/a-qui\/\" \/>\n<meta property=\"og:site_name\" content=\"Gourmand Pastries\" \/>\n<meta property=\"article:publisher\" content=\"https:\/\/www.facebook.com\/people\/Gourmand-Pastries\/100068122835291\/\" \/>\n<meta property=\"article:modified_time\" content=\"2024-08-27T09:44:01+00:00\" \/>\n<meta name=\"twitter:card\" content=\"summary_large_image\" \/>\n<script type=\"application\/ld+json\" class=\"yoast-schema-graph\">{\"@context\":\"https:\\\/\\\/schema.org\",\"@graph\":[{\"@type\":\"WebPage\",\"@id\":\"https:\\\/\\\/gourmandpastries.com\\\/fr\\\/a-qui\\\/\",\"url\":\"https:\\\/\\\/gourmandpastries.com\\\/fr\\\/a-qui\\\/\",\"name\":\"Viennoiseries surgel\u00e9es, croissants pour professionnels - Gourmand Pastries\",\"isPartOf\":{\"@id\":\"https:\\\/\\\/gourmandpastries.com\\\/fr\\\/#website\"},\"datePublished\":\"2024-05-04T10:43:34+00:00\",\"dateModified\":\"2024-08-27T09:44:01+00:00\",\"description\":\"Petits pains, croissants et viennoiseries surgel\u00e9s Gourmand Pastries \u00e0 destination des professionnels, notamment dans les secteurs de la restauration, du commerce de d\u00e9tail, de la distribution, du commerce de gros et de la boulangerie.\",\"breadcrumb\":{\"@id\":\"https:\\\/\\\/gourmandpastries.com\\\/fr\\\/a-qui\\\/#breadcrumb\"},\"inLanguage\":\"fr-FR\",\"potentialAction\":[{\"@type\":\"ReadAction\",\"target\":[\"https:\\\/\\\/gourmandpastries.com\\\/fr\\\/a-qui\\\/\"]}]},{\"@type\":\"BreadcrumbList\",\"@id\":\"https:\\\/\\\/gourmandpastries.com\\\/fr\\\/a-qui\\\/#breadcrumb\",\"itemListElement\":[{\"@type\":\"ListItem\",\"position\":1,\"name\":\"Home\",\"item\":\"https:\\\/\\\/gourmandpastries.com\\\/fr\\\/\"},{\"@type\":\"ListItem\",\"position\":2,\"name\":\"Pour qui ?\"}]},{\"@type\":\"WebSite\",\"@id\":\"https:\\\/\\\/gourmandpastries.com\\\/fr\\\/#website\",\"url\":\"https:\\\/\\\/gourmandpastries.com\\\/fr\\\/\",\"name\":\"Gourmand Pastries\",\"description\":\"\",\"publisher\":{\"@id\":\"https:\\\/\\\/gourmandpastries.com\\\/fr\\\/#organization\"},\"potentialAction\":[{\"@type\":\"SearchAction\",\"target\":{\"@type\":\"EntryPoint\",\"urlTemplate\":\"https:\\\/\\\/gourmandpastries.com\\\/fr\\\/?s={search_term_string}\"},\"query-input\":{\"@type\":\"PropertyValueSpecification\",\"valueRequired\":true,\"valueName\":\"search_term_string\"}}],\"inLanguage\":\"fr-FR\"},{\"@type\":\"Organization\",\"@id\":\"https:\\\/\\\/gourmandpastries.com\\\/fr\\\/#organization\",\"name\":\"Gourmand Pastries\",\"url\":\"https:\\\/\\\/gourmandpastries.com\\\/fr\\\/\",\"logo\":{\"@type\":\"ImageObject\",\"inLanguage\":\"fr-FR\",\"@id\":\"https:\\\/\\\/gourmandpastries.com\\\/fr\\\/#\\\/schema\\\/logo\\\/image\\\/\",\"url\":\"https:\\\/\\\/gourmandpastries.com\\\/wp-content\\\/uploads\\\/2024\\\/06\\\/Logo_Gourmand_Pastries-kopie.jpg\",\"contentUrl\":\"https:\\\/\\\/gourmandpastries.com\\\/wp-content\\\/uploads\\\/2024\\\/06\\\/Logo_Gourmand_Pastries-kopie.jpg\",\"width\":591,\"height\":591,\"caption\":\"Gourmand Pastries\"},\"image\":{\"@id\":\"https:\\\/\\\/gourmandpastries.com\\\/fr\\\/#\\\/schema\\\/logo\\\/image\\\/\"},\"sameAs\":[\"https:\\\/\\\/www.facebook.com\\\/people\\\/Gourmand-Pastries\\\/100068122835291\\\/\",\"https:\\\/\\\/www.instagram.com\\\/gourmand__pastries\\\/\",\"https:\\\/\\\/www.linkedin.com\\\/company\\\/gourmandpastries\"]}]}<\/script>\n<!-- \/ Yoast SEO plugin. -->","yoast_head_json":{"title":"Viennoiseries surgel\u00e9es, croissants pour professionnels - Gourmand Pastries","description":"Petits pains, croissants et viennoiseries surgel\u00e9s Gourmand Pastries \u00e0 destination des professionnels, notamment dans les secteurs de la restauration, du commerce de d\u00e9tail, de la distribution, du commerce de gros et de la boulangerie.","robots":{"index":"index","follow":"follow","max-snippet":"max-snippet:-1","max-image-preview":"max-image-preview:large","max-video-preview":"max-video-preview:-1"},"canonical":"https:\/\/gourmandpastries.com\/fr\/a-qui\/","og_locale":"fr_FR","og_type":"article","og_title":"Viennoiseries surgel\u00e9es, croissants pour professionnels - Gourmand Pastries","og_description":"Petits pains, croissants et viennoiseries surgel\u00e9s Gourmand Pastries \u00e0 destination des professionnels, notamment dans les secteurs de la restauration, du commerce de d\u00e9tail, de la distribution, du commerce de gros et de la boulangerie.","og_url":"https:\/\/gourmandpastries.com\/fr\/a-qui\/","og_site_name":"Gourmand Pastries","article_publisher":"https:\/\/www.facebook.com\/people\/Gourmand-Pastries\/100068122835291\/","article_modified_time":"2024-08-27T09:44:01+00:00","twitter_card":"summary_large_image","schema":{"@context":"https:\/\/schema.org","@graph":[{"@type":"WebPage","@id":"https:\/\/gourmandpastries.com\/fr\/a-qui\/","url":"https:\/\/gourmandpastries.com\/fr\/a-qui\/","name":"Viennoiseries surgel\u00e9es, croissants pour professionnels - Gourmand Pastries","isPartOf":{"@id":"https:\/\/gourmandpastries.com\/fr\/#website"},"datePublished":"2024-05-04T10:43:34+00:00","dateModified":"2024-08-27T09:44:01+00:00","description":"Petits pains, croissants et viennoiseries surgel\u00e9s Gourmand Pastries \u00e0 destination des professionnels, notamment dans les secteurs de la restauration, du commerce de d\u00e9tail, de la distribution, du commerce de gros et de la boulangerie.","breadcrumb":{"@id":"https:\/\/gourmandpastries.com\/fr\/a-qui\/#breadcrumb"},"inLanguage":"fr-FR","potentialAction":[{"@type":"ReadAction","target":["https:\/\/gourmandpastries.com\/fr\/a-qui\/"]}]},{"@type":"BreadcrumbList","@id":"https:\/\/gourmandpastries.com\/fr\/a-qui\/#breadcrumb","itemListElement":[{"@type":"ListItem","position":1,"name":"Home","item":"https:\/\/gourmandpastries.com\/fr\/"},{"@type":"ListItem","position":2,"name":"Pour qui ?"}]},{"@type":"WebSite","@id":"https:\/\/gourmandpastries.com\/fr\/#website","url":"https:\/\/gourmandpastries.com\/fr\/","name":"Gourmand Pastries","description":"","publisher":{"@id":"https:\/\/gourmandpastries.com\/fr\/#organization"},"potentialAction":[{"@type":"SearchAction","target":{"@type":"EntryPoint","urlTemplate":"https:\/\/gourmandpastries.com\/fr\/?s={search_term_string}"},"query-input":{"@type":"PropertyValueSpecification","valueRequired":true,"valueName":"search_term_string"}}],"inLanguage":"fr-FR"},{"@type":"Organization","@id":"https:\/\/gourmandpastries.com\/fr\/#organization","name":"Gourmand Pastries","url":"https:\/\/gourmandpastries.com\/fr\/","logo":{"@type":"ImageObject","inLanguage":"fr-FR","@id":"https:\/\/gourmandpastries.com\/fr\/#\/schema\/logo\/image\/","url":"https:\/\/gourmandpastries.com\/wp-content\/uploads\/2024\/06\/Logo_Gourmand_Pastries-kopie.jpg","contentUrl":"https:\/\/gourmandpastries.com\/wp-content\/uploads\/2024\/06\/Logo_Gourmand_Pastries-kopie.jpg","width":591,"height":591,"caption":"Gourmand Pastries"},"image":{"@id":"https:\/\/gourmandpastries.com\/fr\/#\/schema\/logo\/image\/"},"sameAs":["https:\/\/www.facebook.com\/people\/Gourmand-Pastries\/100068122835291\/","https:\/\/www.instagram.com\/gourmand__pastries\/","https:\/\/www.linkedin.com\/company\/gourmandpastries"]}]}},"_links":{"self":[{"href":"https:\/\/gourmandpastries.com\/fr\/wp-json\/wp\/v2\/pages\/9586","targetHints":{"allow":["GET"]}}],"collection":[{"href":"https:\/\/gourmandpastries.com\/fr\/wp-json\/wp\/v2\/pages"}],"about":[{"href":"https:\/\/gourmandpastries.com\/fr\/wp-json\/wp\/v2\/types\/page"}],"author":[{"embeddable":true,"href":"https:\/\/gourmandpastries.com\/fr\/wp-json\/wp\/v2\/users\/1"}],"replies":[{"embeddable":true,"href":"https:\/\/gourmandpastries.com\/fr\/wp-json\/wp\/v2\/comments?post=9586"}],"version-history":[{"count":6,"href":"https:\/\/gourmandpastries.com\/fr\/wp-json\/wp\/v2\/pages\/9586\/revisions"}],"predecessor-version":[{"id":11954,"href":"https:\/\/gourmandpastries.com\/fr\/wp-json\/wp\/v2\/pages\/9586\/revisions\/11954"}],"wp:attachment":[{"href":"https:\/\/gourmandpastries.com\/fr\/wp-json\/wp\/v2\/media?parent=9586"}],"curies":[{"name":"wp","href":"https:\/\/api.w.org\/{rel}","templated":true}]}}