{"id":9560,"date":"2024-05-11T15:30:30","date_gmt":"2024-05-11T15:30:30","guid":{"rendered":"https:\/\/gourmandpastries.com\/filter-products\/"},"modified":"2024-08-27T09:59:30","modified_gmt":"2024-08-27T09:59:30","slug":"filtre-produits","status":"publish","type":"page","link":"https:\/\/gourmandpastries.com\/fr\/filtre-produits\/","title":{"rendered":"Filtre"},"content":{"rendered":"<p>Utilisez les crit\u00e8res pour trouver le produit que vous cherchez.<\/p>\n","protected":false},"excerpt":{"rendered":"<p>Utilisez les crit\u00e8res pour trouver le produit que vous cherchez.<\/p>\n","protected":false},"author":1,"featured_media":0,"parent":0,"menu_order":0,"comment_status":"closed","ping_status":"closed","template":"page-filter.php","meta":{"_acf_changed":false,"footnotes":""},"class_list":["post-9560","page","type-page","status-publish","hentry"],"acf":[],"yoast_head":"<!-- This site is optimized with the Yoast SEO plugin v27.3 - https:\/\/yoast.com\/product\/yoast-seo-wordpress\/ -->\n<title>Viennoiseries surgel\u00e9s pr\u00eats \u00e0 cuire \u00e0 base de p\u00e2te feuillet\u00e9e - Gourmand Pastries<\/title>\n<meta name=\"description\" content=\"Chez Gourmand Pastries, vous \u00eates s\u00fbr de trouver les produits feuillet\u00e9s et viennoiseries industriels pr\u00eats \u00e0 cuire que vous recherchez : croissants, viennoiseries, viennoiseries danoises et en-cas feuillet\u00e9s.\" \/>\n<meta name=\"robots\" content=\"index, follow, max-snippet:-1, max-image-preview:large, max-video-preview:-1\" \/>\n<link rel=\"canonical\" href=\"https:\/\/gourmandpastries.com\/fr\/filtre-produits\/\" \/>\n<meta property=\"og:locale\" content=\"fr_FR\" \/>\n<meta property=\"og:type\" content=\"article\" \/>\n<meta property=\"og:title\" content=\"Viennoiseries surgel\u00e9s pr\u00eats \u00e0 cuire \u00e0 base de p\u00e2te feuillet\u00e9e - Gourmand Pastries\" \/>\n<meta property=\"og:description\" content=\"Chez Gourmand Pastries, vous \u00eates s\u00fbr de trouver les produits feuillet\u00e9s et viennoiseries industriels pr\u00eats \u00e0 cuire que vous recherchez : croissants, viennoiseries, viennoiseries danoises et en-cas feuillet\u00e9s.\" \/>\n<meta property=\"og:url\" content=\"https:\/\/gourmandpastries.com\/fr\/filtre-produits\/\" \/>\n<meta property=\"og:site_name\" content=\"Gourmand Pastries\" \/>\n<meta property=\"article:publisher\" content=\"https:\/\/www.facebook.com\/people\/Gourmand-Pastries\/100068122835291\/\" \/>\n<meta property=\"article:modified_time\" content=\"2024-08-27T09:59:30+00:00\" \/>\n<meta name=\"twitter:card\" content=\"summary_large_image\" \/>\n<meta name=\"twitter:label1\" content=\"Dur\u00e9e de lecture estim\u00e9e\" \/>\n\t<meta name=\"twitter:data1\" content=\"1 minute\" \/>\n<script type=\"application\/ld+json\" class=\"yoast-schema-graph\">{\"@context\":\"https:\\\/\\\/schema.org\",\"@graph\":[{\"@type\":\"WebPage\",\"@id\":\"https:\\\/\\\/gourmandpastries.com\\\/fr\\\/filtre-produits\\\/\",\"url\":\"https:\\\/\\\/gourmandpastries.com\\\/fr\\\/filtre-produits\\\/\",\"name\":\"Viennoiseries surgel\u00e9s pr\u00eats \u00e0 cuire \u00e0 base de p\u00e2te feuillet\u00e9e - Gourmand Pastries\",\"isPartOf\":{\"@id\":\"https:\\\/\\\/gourmandpastries.com\\\/fr\\\/#website\"},\"datePublished\":\"2024-05-11T15:30:30+00:00\",\"dateModified\":\"2024-08-27T09:59:30+00:00\",\"description\":\"Chez Gourmand Pastries, vous \u00eates s\u00fbr de trouver les produits feuillet\u00e9s et viennoiseries industriels pr\u00eats \u00e0 cuire que vous recherchez : croissants, viennoiseries, viennoiseries danoises et en-cas feuillet\u00e9s.\",\"breadcrumb\":{\"@id\":\"https:\\\/\\\/gourmandpastries.com\\\/fr\\\/filtre-produits\\\/#breadcrumb\"},\"inLanguage\":\"fr-FR\",\"potentialAction\":[{\"@type\":\"ReadAction\",\"target\":[\"https:\\\/\\\/gourmandpastries.com\\\/fr\\\/filtre-produits\\\/\"]}]},{\"@type\":\"BreadcrumbList\",\"@id\":\"https:\\\/\\\/gourmandpastries.com\\\/fr\\\/filtre-produits\\\/#breadcrumb\",\"itemListElement\":[{\"@type\":\"ListItem\",\"position\":1,\"name\":\"Home\",\"item\":\"https:\\\/\\\/gourmandpastries.com\\\/fr\\\/\"},{\"@type\":\"ListItem\",\"position\":2,\"name\":\"Filtre\"}]},{\"@type\":\"WebSite\",\"@id\":\"https:\\\/\\\/gourmandpastries.com\\\/fr\\\/#website\",\"url\":\"https:\\\/\\\/gourmandpastries.com\\\/fr\\\/\",\"name\":\"Gourmand Pastries\",\"description\":\"\",\"publisher\":{\"@id\":\"https:\\\/\\\/gourmandpastries.com\\\/fr\\\/#organization\"},\"potentialAction\":[{\"@type\":\"SearchAction\",\"target\":{\"@type\":\"EntryPoint\",\"urlTemplate\":\"https:\\\/\\\/gourmandpastries.com\\\/fr\\\/?s={search_term_string}\"},\"query-input\":{\"@type\":\"PropertyValueSpecification\",\"valueRequired\":true,\"valueName\":\"search_term_string\"}}],\"inLanguage\":\"fr-FR\"},{\"@type\":\"Organization\",\"@id\":\"https:\\\/\\\/gourmandpastries.com\\\/fr\\\/#organization\",\"name\":\"Gourmand Pastries\",\"url\":\"https:\\\/\\\/gourmandpastries.com\\\/fr\\\/\",\"logo\":{\"@type\":\"ImageObject\",\"inLanguage\":\"fr-FR\",\"@id\":\"https:\\\/\\\/gourmandpastries.com\\\/fr\\\/#\\\/schema\\\/logo\\\/image\\\/\",\"url\":\"https:\\\/\\\/gourmandpastries.com\\\/wp-content\\\/uploads\\\/2024\\\/06\\\/Logo_Gourmand_Pastries-kopie.jpg\",\"contentUrl\":\"https:\\\/\\\/gourmandpastries.com\\\/wp-content\\\/uploads\\\/2024\\\/06\\\/Logo_Gourmand_Pastries-kopie.jpg\",\"width\":591,\"height\":591,\"caption\":\"Gourmand Pastries\"},\"image\":{\"@id\":\"https:\\\/\\\/gourmandpastries.com\\\/fr\\\/#\\\/schema\\\/logo\\\/image\\\/\"},\"sameAs\":[\"https:\\\/\\\/www.facebook.com\\\/people\\\/Gourmand-Pastries\\\/100068122835291\\\/\",\"https:\\\/\\\/www.instagram.com\\\/gourmand__pastries\\\/\",\"https:\\\/\\\/www.linkedin.com\\\/company\\\/gourmandpastries\"]}]}<\/script>\n<!-- \/ Yoast SEO plugin. -->","yoast_head_json":{"title":"Viennoiseries surgel\u00e9s pr\u00eats \u00e0 cuire \u00e0 base de p\u00e2te feuillet\u00e9e - Gourmand Pastries","description":"Chez Gourmand Pastries, vous \u00eates s\u00fbr de trouver les produits feuillet\u00e9s et viennoiseries industriels pr\u00eats \u00e0 cuire que vous recherchez : croissants, viennoiseries, viennoiseries danoises et en-cas feuillet\u00e9s.","robots":{"index":"index","follow":"follow","max-snippet":"max-snippet:-1","max-image-preview":"max-image-preview:large","max-video-preview":"max-video-preview:-1"},"canonical":"https:\/\/gourmandpastries.com\/fr\/filtre-produits\/","og_locale":"fr_FR","og_type":"article","og_title":"Viennoiseries surgel\u00e9s pr\u00eats \u00e0 cuire \u00e0 base de p\u00e2te feuillet\u00e9e - Gourmand Pastries","og_description":"Chez Gourmand Pastries, vous \u00eates s\u00fbr de trouver les produits feuillet\u00e9s et viennoiseries industriels pr\u00eats \u00e0 cuire que vous recherchez : croissants, viennoiseries, viennoiseries danoises et en-cas feuillet\u00e9s.","og_url":"https:\/\/gourmandpastries.com\/fr\/filtre-produits\/","og_site_name":"Gourmand Pastries","article_publisher":"https:\/\/www.facebook.com\/people\/Gourmand-Pastries\/100068122835291\/","article_modified_time":"2024-08-27T09:59:30+00:00","twitter_card":"summary_large_image","twitter_misc":{"Dur\u00e9e de lecture estim\u00e9e":"1 minute"},"schema":{"@context":"https:\/\/schema.org","@graph":[{"@type":"WebPage","@id":"https:\/\/gourmandpastries.com\/fr\/filtre-produits\/","url":"https:\/\/gourmandpastries.com\/fr\/filtre-produits\/","name":"Viennoiseries surgel\u00e9s pr\u00eats \u00e0 cuire \u00e0 base de p\u00e2te feuillet\u00e9e - Gourmand Pastries","isPartOf":{"@id":"https:\/\/gourmandpastries.com\/fr\/#website"},"datePublished":"2024-05-11T15:30:30+00:00","dateModified":"2024-08-27T09:59:30+00:00","description":"Chez Gourmand Pastries, vous \u00eates s\u00fbr de trouver les produits feuillet\u00e9s et viennoiseries industriels pr\u00eats \u00e0 cuire que vous recherchez : croissants, viennoiseries, viennoiseries danoises et en-cas feuillet\u00e9s.","breadcrumb":{"@id":"https:\/\/gourmandpastries.com\/fr\/filtre-produits\/#breadcrumb"},"inLanguage":"fr-FR","potentialAction":[{"@type":"ReadAction","target":["https:\/\/gourmandpastries.com\/fr\/filtre-produits\/"]}]},{"@type":"BreadcrumbList","@id":"https:\/\/gourmandpastries.com\/fr\/filtre-produits\/#breadcrumb","itemListElement":[{"@type":"ListItem","position":1,"name":"Home","item":"https:\/\/gourmandpastries.com\/fr\/"},{"@type":"ListItem","position":2,"name":"Filtre"}]},{"@type":"WebSite","@id":"https:\/\/gourmandpastries.com\/fr\/#website","url":"https:\/\/gourmandpastries.com\/fr\/","name":"Gourmand Pastries","description":"","publisher":{"@id":"https:\/\/gourmandpastries.com\/fr\/#organization"},"potentialAction":[{"@type":"SearchAction","target":{"@type":"EntryPoint","urlTemplate":"https:\/\/gourmandpastries.com\/fr\/?s={search_term_string}"},"query-input":{"@type":"PropertyValueSpecification","valueRequired":true,"valueName":"search_term_string"}}],"inLanguage":"fr-FR"},{"@type":"Organization","@id":"https:\/\/gourmandpastries.com\/fr\/#organization","name":"Gourmand Pastries","url":"https:\/\/gourmandpastries.com\/fr\/","logo":{"@type":"ImageObject","inLanguage":"fr-FR","@id":"https:\/\/gourmandpastries.com\/fr\/#\/schema\/logo\/image\/","url":"https:\/\/gourmandpastries.com\/wp-content\/uploads\/2024\/06\/Logo_Gourmand_Pastries-kopie.jpg","contentUrl":"https:\/\/gourmandpastries.com\/wp-content\/uploads\/2024\/06\/Logo_Gourmand_Pastries-kopie.jpg","width":591,"height":591,"caption":"Gourmand Pastries"},"image":{"@id":"https:\/\/gourmandpastries.com\/fr\/#\/schema\/logo\/image\/"},"sameAs":["https:\/\/www.facebook.com\/people\/Gourmand-Pastries\/100068122835291\/","https:\/\/www.instagram.com\/gourmand__pastries\/","https:\/\/www.linkedin.com\/company\/gourmandpastries"]}]}},"_links":{"self":[{"href":"https:\/\/gourmandpastries.com\/fr\/wp-json\/wp\/v2\/pages\/9560","targetHints":{"allow":["GET"]}}],"collection":[{"href":"https:\/\/gourmandpastries.com\/fr\/wp-json\/wp\/v2\/pages"}],"about":[{"href":"https:\/\/gourmandpastries.com\/fr\/wp-json\/wp\/v2\/types\/page"}],"author":[{"embeddable":true,"href":"https:\/\/gourmandpastries.com\/fr\/wp-json\/wp\/v2\/users\/1"}],"replies":[{"embeddable":true,"href":"https:\/\/gourmandpastries.com\/fr\/wp-json\/wp\/v2\/comments?post=9560"}],"version-history":[{"count":1,"href":"https:\/\/gourmandpastries.com\/fr\/wp-json\/wp\/v2\/pages\/9560\/revisions"}],"predecessor-version":[{"id":9561,"href":"https:\/\/gourmandpastries.com\/fr\/wp-json\/wp\/v2\/pages\/9560\/revisions\/9561"}],"wp:attachment":[{"href":"https:\/\/gourmandpastries.com\/fr\/wp-json\/wp\/v2\/media?parent=9560"}],"curies":[{"name":"wp","href":"https:\/\/api.w.org\/{rel}","templated":true}]}}