{"id":10678,"date":"2024-05-19T15:10:40","date_gmt":"2024-05-19T15:10:40","guid":{"rendered":"https:\/\/gourmandpastries.com\/over-ons\/geschiedenis\/"},"modified":"2024-08-27T10:04:25","modified_gmt":"2024-08-27T10:04:25","slug":"qualite","status":"publish","type":"page","link":"https:\/\/gourmandpastries.com\/fr\/a-propos\/qualite\/","title":{"rendered":"Qualit\u00e9"},"content":{"rendered":"<h2>Engagement en faveur de la qualit\u00e9 et du go\u00fbt<\/h2>\n<p>Nous suivons des normes et des proc\u00e9dures de qualit\u00e9 strictes qui sont r\u00e9guli\u00e8rement contr\u00f4l\u00e9es par des parties externes. Nos processus de production sont en outre conformes aux normes BRC, IFS et FDA.<\/p>\n","protected":false},"excerpt":{"rendered":"<p>Engagement en faveur de la qualit\u00e9 et du go\u00fbt Nous suivons des normes et des proc\u00e9dures de qualit\u00e9 strictes qui sont r\u00e9guli\u00e8rement contr\u00f4l\u00e9es par des parties externes. Nos processus de production sont en outre conformes aux normes BRC, IFS et FDA.<\/p>\n","protected":false},"author":2,"featured_media":10149,"parent":10615,"menu_order":0,"comment_status":"closed","ping_status":"closed","template":"","meta":{"_acf_changed":false,"footnotes":""},"class_list":["post-10678","page","type-page","status-publish","has-post-thumbnail","hentry"],"acf":[],"yoast_head":"<!-- This site is optimized with the Yoast SEO plugin v27.3 - https:\/\/yoast.com\/product\/yoast-seo-wordpress\/ -->\n<title>Qualit\u00e9 des viennoiseries pr\u00eates \u00e0 cuire de Gourmand Pastries- Gourmand Pastries<\/title>\n<meta name=\"description\" content=\"D\u00e9couvrez ici tout ce qu\u2019il y a \u00e0 savoir sur l\u2019entreprise Gourmand Pastries, fabricant de viennoiseries, croissants, viennoiseries danoises et feuillet\u00e9s industriels.\" \/>\n<meta name=\"robots\" content=\"index, follow, max-snippet:-1, max-image-preview:large, max-video-preview:-1\" \/>\n<link rel=\"canonical\" href=\"https:\/\/gourmandpastries.com\/fr\/a-propos\/qualite\/\" \/>\n<meta property=\"og:locale\" content=\"fr_FR\" \/>\n<meta property=\"og:type\" content=\"article\" \/>\n<meta property=\"og:title\" content=\"Qualit\u00e9 des viennoiseries pr\u00eates \u00e0 cuire de Gourmand Pastries- Gourmand Pastries\" \/>\n<meta property=\"og:description\" content=\"D\u00e9couvrez ici tout ce qu\u2019il y a \u00e0 savoir sur l\u2019entreprise Gourmand Pastries, fabricant de viennoiseries, croissants, viennoiseries danoises et feuillet\u00e9s industriels.\" \/>\n<meta property=\"og:url\" content=\"https:\/\/gourmandpastries.com\/fr\/a-propos\/qualite\/\" \/>\n<meta property=\"og:site_name\" content=\"Gourmand Pastries\" \/>\n<meta property=\"article:publisher\" content=\"https:\/\/www.facebook.com\/people\/Gourmand-Pastries\/100068122835291\/\" \/>\n<meta property=\"article:modified_time\" content=\"2024-08-27T10:04:25+00:00\" \/>\n<meta property=\"og:image\" content=\"https:\/\/gourmandpastries.com\/wp-content\/uploads\/2024\/06\/88A1603.jpg\" \/>\n\t<meta property=\"og:image:width\" content=\"960\" \/>\n\t<meta property=\"og:image:height\" content=\"606\" \/>\n\t<meta property=\"og:image:type\" content=\"image\/jpeg\" \/>\n<meta name=\"twitter:card\" content=\"summary_large_image\" \/>\n<meta name=\"twitter:label1\" content=\"Dur\u00e9e de lecture estim\u00e9e\" \/>\n\t<meta name=\"twitter:data1\" content=\"1 minute\" \/>\n<script type=\"application\/ld+json\" class=\"yoast-schema-graph\">{\"@context\":\"https:\\\/\\\/schema.org\",\"@graph\":[{\"@type\":\"WebPage\",\"@id\":\"https:\\\/\\\/gourmandpastries.com\\\/fr\\\/a-propos\\\/qualite\\\/\",\"url\":\"https:\\\/\\\/gourmandpastries.com\\\/fr\\\/a-propos\\\/qualite\\\/\",\"name\":\"Qualit\u00e9 des viennoiseries pr\u00eates \u00e0 cuire de Gourmand Pastries- Gourmand Pastries\",\"isPartOf\":{\"@id\":\"https:\\\/\\\/gourmandpastries.com\\\/fr\\\/#website\"},\"primaryImageOfPage\":{\"@id\":\"https:\\\/\\\/gourmandpastries.com\\\/fr\\\/a-propos\\\/qualite\\\/#primaryimage\"},\"image\":{\"@id\":\"https:\\\/\\\/gourmandpastries.com\\\/fr\\\/a-propos\\\/qualite\\\/#primaryimage\"},\"thumbnailUrl\":\"https:\\\/\\\/gourmandpastries.com\\\/wp-content\\\/uploads\\\/2024\\\/06\\\/88A1603.jpg\",\"datePublished\":\"2024-05-19T15:10:40+00:00\",\"dateModified\":\"2024-08-27T10:04:25+00:00\",\"description\":\"D\u00e9couvrez ici tout ce qu\u2019il y a \u00e0 savoir sur l\u2019entreprise Gourmand Pastries, fabricant de viennoiseries, croissants, viennoiseries danoises et feuillet\u00e9s industriels.\",\"breadcrumb\":{\"@id\":\"https:\\\/\\\/gourmandpastries.com\\\/fr\\\/a-propos\\\/qualite\\\/#breadcrumb\"},\"inLanguage\":\"fr-FR\",\"potentialAction\":[{\"@type\":\"ReadAction\",\"target\":[\"https:\\\/\\\/gourmandpastries.com\\\/fr\\\/a-propos\\\/qualite\\\/\"]}]},{\"@type\":\"ImageObject\",\"inLanguage\":\"fr-FR\",\"@id\":\"https:\\\/\\\/gourmandpastries.com\\\/fr\\\/a-propos\\\/qualite\\\/#primaryimage\",\"url\":\"https:\\\/\\\/gourmandpastries.com\\\/wp-content\\\/uploads\\\/2024\\\/06\\\/88A1603.jpg\",\"contentUrl\":\"https:\\\/\\\/gourmandpastries.com\\\/wp-content\\\/uploads\\\/2024\\\/06\\\/88A1603.jpg\",\"width\":960,\"height\":606,\"caption\":\"over Gourmand Pastries bake-off koffiekoeken kwaliteit\"},{\"@type\":\"BreadcrumbList\",\"@id\":\"https:\\\/\\\/gourmandpastries.com\\\/fr\\\/a-propos\\\/qualite\\\/#breadcrumb\",\"itemListElement\":[{\"@type\":\"ListItem\",\"position\":1,\"name\":\"Home\",\"item\":\"https:\\\/\\\/gourmandpastries.com\\\/fr\\\/\"},{\"@type\":\"ListItem\",\"position\":2,\"name\":\"A propos\",\"item\":\"https:\\\/\\\/gourmandpastries.com\\\/fr\\\/a-propos\\\/\"},{\"@type\":\"ListItem\",\"position\":3,\"name\":\"Qualit\u00e9\"}]},{\"@type\":\"WebSite\",\"@id\":\"https:\\\/\\\/gourmandpastries.com\\\/fr\\\/#website\",\"url\":\"https:\\\/\\\/gourmandpastries.com\\\/fr\\\/\",\"name\":\"Gourmand Pastries\",\"description\":\"\",\"publisher\":{\"@id\":\"https:\\\/\\\/gourmandpastries.com\\\/fr\\\/#organization\"},\"potentialAction\":[{\"@type\":\"SearchAction\",\"target\":{\"@type\":\"EntryPoint\",\"urlTemplate\":\"https:\\\/\\\/gourmandpastries.com\\\/fr\\\/?s={search_term_string}\"},\"query-input\":{\"@type\":\"PropertyValueSpecification\",\"valueRequired\":true,\"valueName\":\"search_term_string\"}}],\"inLanguage\":\"fr-FR\"},{\"@type\":\"Organization\",\"@id\":\"https:\\\/\\\/gourmandpastries.com\\\/fr\\\/#organization\",\"name\":\"Gourmand Pastries\",\"url\":\"https:\\\/\\\/gourmandpastries.com\\\/fr\\\/\",\"logo\":{\"@type\":\"ImageObject\",\"inLanguage\":\"fr-FR\",\"@id\":\"https:\\\/\\\/gourmandpastries.com\\\/fr\\\/#\\\/schema\\\/logo\\\/image\\\/\",\"url\":\"https:\\\/\\\/gourmandpastries.com\\\/wp-content\\\/uploads\\\/2024\\\/06\\\/Logo_Gourmand_Pastries-kopie.jpg\",\"contentUrl\":\"https:\\\/\\\/gourmandpastries.com\\\/wp-content\\\/uploads\\\/2024\\\/06\\\/Logo_Gourmand_Pastries-kopie.jpg\",\"width\":591,\"height\":591,\"caption\":\"Gourmand Pastries\"},\"image\":{\"@id\":\"https:\\\/\\\/gourmandpastries.com\\\/fr\\\/#\\\/schema\\\/logo\\\/image\\\/\"},\"sameAs\":[\"https:\\\/\\\/www.facebook.com\\\/people\\\/Gourmand-Pastries\\\/100068122835291\\\/\",\"https:\\\/\\\/www.instagram.com\\\/gourmand__pastries\\\/\",\"https:\\\/\\\/www.linkedin.com\\\/company\\\/gourmandpastries\"]}]}<\/script>\n<!-- \/ Yoast SEO plugin. -->","yoast_head_json":{"title":"Qualit\u00e9 des viennoiseries pr\u00eates \u00e0 cuire de Gourmand Pastries- Gourmand Pastries","description":"D\u00e9couvrez ici tout ce qu\u2019il y a \u00e0 savoir sur l\u2019entreprise Gourmand Pastries, fabricant de viennoiseries, croissants, viennoiseries danoises et feuillet\u00e9s industriels.","robots":{"index":"index","follow":"follow","max-snippet":"max-snippet:-1","max-image-preview":"max-image-preview:large","max-video-preview":"max-video-preview:-1"},"canonical":"https:\/\/gourmandpastries.com\/fr\/a-propos\/qualite\/","og_locale":"fr_FR","og_type":"article","og_title":"Qualit\u00e9 des viennoiseries pr\u00eates \u00e0 cuire de Gourmand Pastries- Gourmand Pastries","og_description":"D\u00e9couvrez ici tout ce qu\u2019il y a \u00e0 savoir sur l\u2019entreprise Gourmand Pastries, fabricant de viennoiseries, croissants, viennoiseries danoises et feuillet\u00e9s industriels.","og_url":"https:\/\/gourmandpastries.com\/fr\/a-propos\/qualite\/","og_site_name":"Gourmand Pastries","article_publisher":"https:\/\/www.facebook.com\/people\/Gourmand-Pastries\/100068122835291\/","article_modified_time":"2024-08-27T10:04:25+00:00","og_image":[{"width":960,"height":606,"url":"https:\/\/gourmandpastries.com\/wp-content\/uploads\/2024\/06\/88A1603.jpg","type":"image\/jpeg"}],"twitter_card":"summary_large_image","twitter_misc":{"Dur\u00e9e de lecture estim\u00e9e":"1 minute"},"schema":{"@context":"https:\/\/schema.org","@graph":[{"@type":"WebPage","@id":"https:\/\/gourmandpastries.com\/fr\/a-propos\/qualite\/","url":"https:\/\/gourmandpastries.com\/fr\/a-propos\/qualite\/","name":"Qualit\u00e9 des viennoiseries pr\u00eates \u00e0 cuire de Gourmand Pastries- Gourmand Pastries","isPartOf":{"@id":"https:\/\/gourmandpastries.com\/fr\/#website"},"primaryImageOfPage":{"@id":"https:\/\/gourmandpastries.com\/fr\/a-propos\/qualite\/#primaryimage"},"image":{"@id":"https:\/\/gourmandpastries.com\/fr\/a-propos\/qualite\/#primaryimage"},"thumbnailUrl":"https:\/\/gourmandpastries.com\/wp-content\/uploads\/2024\/06\/88A1603.jpg","datePublished":"2024-05-19T15:10:40+00:00","dateModified":"2024-08-27T10:04:25+00:00","description":"D\u00e9couvrez ici tout ce qu\u2019il y a \u00e0 savoir sur l\u2019entreprise Gourmand Pastries, fabricant de viennoiseries, croissants, viennoiseries danoises et feuillet\u00e9s industriels.","breadcrumb":{"@id":"https:\/\/gourmandpastries.com\/fr\/a-propos\/qualite\/#breadcrumb"},"inLanguage":"fr-FR","potentialAction":[{"@type":"ReadAction","target":["https:\/\/gourmandpastries.com\/fr\/a-propos\/qualite\/"]}]},{"@type":"ImageObject","inLanguage":"fr-FR","@id":"https:\/\/gourmandpastries.com\/fr\/a-propos\/qualite\/#primaryimage","url":"https:\/\/gourmandpastries.com\/wp-content\/uploads\/2024\/06\/88A1603.jpg","contentUrl":"https:\/\/gourmandpastries.com\/wp-content\/uploads\/2024\/06\/88A1603.jpg","width":960,"height":606,"caption":"over Gourmand Pastries bake-off koffiekoeken kwaliteit"},{"@type":"BreadcrumbList","@id":"https:\/\/gourmandpastries.com\/fr\/a-propos\/qualite\/#breadcrumb","itemListElement":[{"@type":"ListItem","position":1,"name":"Home","item":"https:\/\/gourmandpastries.com\/fr\/"},{"@type":"ListItem","position":2,"name":"A propos","item":"https:\/\/gourmandpastries.com\/fr\/a-propos\/"},{"@type":"ListItem","position":3,"name":"Qualit\u00e9"}]},{"@type":"WebSite","@id":"https:\/\/gourmandpastries.com\/fr\/#website","url":"https:\/\/gourmandpastries.com\/fr\/","name":"Gourmand Pastries","description":"","publisher":{"@id":"https:\/\/gourmandpastries.com\/fr\/#organization"},"potentialAction":[{"@type":"SearchAction","target":{"@type":"EntryPoint","urlTemplate":"https:\/\/gourmandpastries.com\/fr\/?s={search_term_string}"},"query-input":{"@type":"PropertyValueSpecification","valueRequired":true,"valueName":"search_term_string"}}],"inLanguage":"fr-FR"},{"@type":"Organization","@id":"https:\/\/gourmandpastries.com\/fr\/#organization","name":"Gourmand Pastries","url":"https:\/\/gourmandpastries.com\/fr\/","logo":{"@type":"ImageObject","inLanguage":"fr-FR","@id":"https:\/\/gourmandpastries.com\/fr\/#\/schema\/logo\/image\/","url":"https:\/\/gourmandpastries.com\/wp-content\/uploads\/2024\/06\/Logo_Gourmand_Pastries-kopie.jpg","contentUrl":"https:\/\/gourmandpastries.com\/wp-content\/uploads\/2024\/06\/Logo_Gourmand_Pastries-kopie.jpg","width":591,"height":591,"caption":"Gourmand Pastries"},"image":{"@id":"https:\/\/gourmandpastries.com\/fr\/#\/schema\/logo\/image\/"},"sameAs":["https:\/\/www.facebook.com\/people\/Gourmand-Pastries\/100068122835291\/","https:\/\/www.instagram.com\/gourmand__pastries\/","https:\/\/www.linkedin.com\/company\/gourmandpastries"]}]}},"_links":{"self":[{"href":"https:\/\/gourmandpastries.com\/fr\/wp-json\/wp\/v2\/pages\/10678","targetHints":{"allow":["GET"]}}],"collection":[{"href":"https:\/\/gourmandpastries.com\/fr\/wp-json\/wp\/v2\/pages"}],"about":[{"href":"https:\/\/gourmandpastries.com\/fr\/wp-json\/wp\/v2\/types\/page"}],"author":[{"embeddable":true,"href":"https:\/\/gourmandpastries.com\/fr\/wp-json\/wp\/v2\/users\/2"}],"replies":[{"embeddable":true,"href":"https:\/\/gourmandpastries.com\/fr\/wp-json\/wp\/v2\/comments?post=10678"}],"version-history":[{"count":3,"href":"https:\/\/gourmandpastries.com\/fr\/wp-json\/wp\/v2\/pages\/10678\/revisions"}],"predecessor-version":[{"id":11670,"href":"https:\/\/gourmandpastries.com\/fr\/wp-json\/wp\/v2\/pages\/10678\/revisions\/11670"}],"up":[{"embeddable":true,"href":"https:\/\/gourmandpastries.com\/fr\/wp-json\/wp\/v2\/pages\/10615"}],"wp:featuredmedia":[{"embeddable":true,"href":"https:\/\/gourmandpastries.com\/fr\/wp-json\/wp\/v2\/media\/10149"}],"wp:attachment":[{"href":"https:\/\/gourmandpastries.com\/fr\/wp-json\/wp\/v2\/media?parent=10678"}],"curies":[{"name":"wp","href":"https:\/\/api.w.org\/{rel}","templated":true}]}}