{"id":9924,"date":"2024-05-15T08:25:20","date_gmt":"2024-05-15T08:25:20","guid":{"rendered":"https:\/\/gourmandpastries.com\/voor-wie\/distributeur-groothandel\/"},"modified":"2024-08-27T14:40:40","modified_gmt":"2024-08-27T14:40:40","slug":"groshandel-vertrieb","status":"publish","type":"page","link":"https:\/\/gourmandpastries.com\/de\/fur-wen\/groshandel-vertrieb\/","title":{"rendered":"Gro\u00dfhandel und Vertrieb"},"content":{"rendered":"<h1>Tiefk\u00fchlbackwaren f\u00fcr Gro\u00dfhandel und Vertrieb<\/h1>\n","protected":false},"excerpt":{"rendered":"<p>Tiefk\u00fchlbackwaren f\u00fcr Gro\u00dfhandel und Vertrieb<\/p>\n","protected":false},"author":1,"featured_media":0,"parent":9915,"menu_order":0,"comment_status":"closed","ping_status":"closed","template":"","meta":{"_acf_changed":false,"footnotes":""},"class_list":["post-9924","page","type-page","status-publish","hentry"],"acf":[],"yoast_head":"<!-- This site is optimized with the Yoast SEO plugin v27.3 - https:\/\/yoast.com\/product\/yoast-seo-wordpress\/ -->\n<title>Tiefk\u00fchlbackwaren: Gro\u00dfhandel und Vertrieb - Gourmand Pastries<\/title>\n<meta name=\"description\" content=\"Bl\u00e4tterteigbackwaren, Plundergeb\u00e4ck und Croissants zum Aufbacken von Gourmand Pastries, Spezialist f\u00fcr Gro\u00dfhandel und Vertrieb.\" \/>\n<meta name=\"robots\" content=\"index, follow, max-snippet:-1, max-image-preview:large, max-video-preview:-1\" \/>\n<link rel=\"canonical\" href=\"https:\/\/gourmandpastries.com\/de\/fur-wen\/groshandel-vertrieb\/\" \/>\n<meta property=\"og:locale\" content=\"de_DE\" \/>\n<meta property=\"og:type\" content=\"article\" \/>\n<meta property=\"og:title\" content=\"Tiefk\u00fchlbackwaren: Gro\u00dfhandel und Vertrieb - Gourmand Pastries\" \/>\n<meta property=\"og:description\" content=\"Bl\u00e4tterteigbackwaren, Plundergeb\u00e4ck und Croissants zum Aufbacken von Gourmand Pastries, Spezialist f\u00fcr Gro\u00dfhandel und Vertrieb.\" \/>\n<meta property=\"og:url\" content=\"https:\/\/gourmandpastries.com\/de\/fur-wen\/groshandel-vertrieb\/\" \/>\n<meta property=\"og:site_name\" content=\"Gourmand Pastries\" \/>\n<meta property=\"article:publisher\" content=\"https:\/\/www.facebook.com\/people\/Gourmand-Pastries\/100068122835291\/\" \/>\n<meta property=\"article:modified_time\" content=\"2024-08-27T14:40:40+00:00\" \/>\n<meta name=\"twitter:card\" content=\"summary_large_image\" \/>\n<meta name=\"twitter:label1\" content=\"Gesch\u00e4tzte Lesezeit\" \/>\n\t<meta name=\"twitter:data1\" content=\"1\u00a0Minute\" \/>\n<script type=\"application\/ld+json\" class=\"yoast-schema-graph\">{\"@context\":\"https:\\\/\\\/schema.org\",\"@graph\":[{\"@type\":\"WebPage\",\"@id\":\"https:\\\/\\\/gourmandpastries.com\\\/de\\\/fur-wen\\\/groshandel-vertrieb\\\/\",\"url\":\"https:\\\/\\\/gourmandpastries.com\\\/de\\\/fur-wen\\\/groshandel-vertrieb\\\/\",\"name\":\"Tiefk\u00fchlbackwaren: Gro\u00dfhandel und Vertrieb - Gourmand Pastries\",\"isPartOf\":{\"@id\":\"https:\\\/\\\/gourmandpastries.com\\\/de\\\/#website\"},\"datePublished\":\"2024-05-15T08:25:20+00:00\",\"dateModified\":\"2024-08-27T14:40:40+00:00\",\"description\":\"Bl\u00e4tterteigbackwaren, Plundergeb\u00e4ck und Croissants zum Aufbacken von Gourmand Pastries, Spezialist f\u00fcr Gro\u00dfhandel und Vertrieb.\",\"breadcrumb\":{\"@id\":\"https:\\\/\\\/gourmandpastries.com\\\/de\\\/fur-wen\\\/groshandel-vertrieb\\\/#breadcrumb\"},\"inLanguage\":\"de\",\"potentialAction\":[{\"@type\":\"ReadAction\",\"target\":[\"https:\\\/\\\/gourmandpastries.com\\\/de\\\/fur-wen\\\/groshandel-vertrieb\\\/\"]}]},{\"@type\":\"BreadcrumbList\",\"@id\":\"https:\\\/\\\/gourmandpastries.com\\\/de\\\/fur-wen\\\/groshandel-vertrieb\\\/#breadcrumb\",\"itemListElement\":[{\"@type\":\"ListItem\",\"position\":1,\"name\":\"Home\",\"item\":\"https:\\\/\\\/gourmandpastries.com\\\/de\\\/\"},{\"@type\":\"ListItem\",\"position\":2,\"name\":\"F\u00fcr wen?\",\"item\":\"https:\\\/\\\/gourmandpastries.com\\\/de\\\/fur-wen\\\/\"},{\"@type\":\"ListItem\",\"position\":3,\"name\":\"Gro\u00dfhandel und Vertrieb\"}]},{\"@type\":\"WebSite\",\"@id\":\"https:\\\/\\\/gourmandpastries.com\\\/de\\\/#website\",\"url\":\"https:\\\/\\\/gourmandpastries.com\\\/de\\\/\",\"name\":\"Gourmand Pastries\",\"description\":\"\",\"publisher\":{\"@id\":\"https:\\\/\\\/gourmandpastries.com\\\/de\\\/#organization\"},\"potentialAction\":[{\"@type\":\"SearchAction\",\"target\":{\"@type\":\"EntryPoint\",\"urlTemplate\":\"https:\\\/\\\/gourmandpastries.com\\\/de\\\/?s={search_term_string}\"},\"query-input\":{\"@type\":\"PropertyValueSpecification\",\"valueRequired\":true,\"valueName\":\"search_term_string\"}}],\"inLanguage\":\"de\"},{\"@type\":\"Organization\",\"@id\":\"https:\\\/\\\/gourmandpastries.com\\\/de\\\/#organization\",\"name\":\"Gourmand Pastries\",\"url\":\"https:\\\/\\\/gourmandpastries.com\\\/de\\\/\",\"logo\":{\"@type\":\"ImageObject\",\"inLanguage\":\"de\",\"@id\":\"https:\\\/\\\/gourmandpastries.com\\\/de\\\/#\\\/schema\\\/logo\\\/image\\\/\",\"url\":\"https:\\\/\\\/gourmandpastries.com\\\/wp-content\\\/uploads\\\/2024\\\/06\\\/Logo_Gourmand_Pastries-kopie.jpg\",\"contentUrl\":\"https:\\\/\\\/gourmandpastries.com\\\/wp-content\\\/uploads\\\/2024\\\/06\\\/Logo_Gourmand_Pastries-kopie.jpg\",\"width\":591,\"height\":591,\"caption\":\"Gourmand Pastries\"},\"image\":{\"@id\":\"https:\\\/\\\/gourmandpastries.com\\\/de\\\/#\\\/schema\\\/logo\\\/image\\\/\"},\"sameAs\":[\"https:\\\/\\\/www.facebook.com\\\/people\\\/Gourmand-Pastries\\\/100068122835291\\\/\",\"https:\\\/\\\/www.instagram.com\\\/gourmand__pastries\\\/\",\"https:\\\/\\\/www.linkedin.com\\\/company\\\/gourmandpastries\"]}]}<\/script>\n<!-- \/ Yoast SEO plugin. -->","yoast_head_json":{"title":"Tiefk\u00fchlbackwaren: Gro\u00dfhandel und Vertrieb - Gourmand Pastries","description":"Bl\u00e4tterteigbackwaren, Plundergeb\u00e4ck und Croissants zum Aufbacken von Gourmand Pastries, Spezialist f\u00fcr Gro\u00dfhandel und Vertrieb.","robots":{"index":"index","follow":"follow","max-snippet":"max-snippet:-1","max-image-preview":"max-image-preview:large","max-video-preview":"max-video-preview:-1"},"canonical":"https:\/\/gourmandpastries.com\/de\/fur-wen\/groshandel-vertrieb\/","og_locale":"de_DE","og_type":"article","og_title":"Tiefk\u00fchlbackwaren: Gro\u00dfhandel und Vertrieb - Gourmand Pastries","og_description":"Bl\u00e4tterteigbackwaren, Plundergeb\u00e4ck und Croissants zum Aufbacken von Gourmand Pastries, Spezialist f\u00fcr Gro\u00dfhandel und Vertrieb.","og_url":"https:\/\/gourmandpastries.com\/de\/fur-wen\/groshandel-vertrieb\/","og_site_name":"Gourmand Pastries","article_publisher":"https:\/\/www.facebook.com\/people\/Gourmand-Pastries\/100068122835291\/","article_modified_time":"2024-08-27T14:40:40+00:00","twitter_card":"summary_large_image","twitter_misc":{"Gesch\u00e4tzte Lesezeit":"1\u00a0Minute"},"schema":{"@context":"https:\/\/schema.org","@graph":[{"@type":"WebPage","@id":"https:\/\/gourmandpastries.com\/de\/fur-wen\/groshandel-vertrieb\/","url":"https:\/\/gourmandpastries.com\/de\/fur-wen\/groshandel-vertrieb\/","name":"Tiefk\u00fchlbackwaren: Gro\u00dfhandel und Vertrieb - Gourmand Pastries","isPartOf":{"@id":"https:\/\/gourmandpastries.com\/de\/#website"},"datePublished":"2024-05-15T08:25:20+00:00","dateModified":"2024-08-27T14:40:40+00:00","description":"Bl\u00e4tterteigbackwaren, Plundergeb\u00e4ck und Croissants zum Aufbacken von Gourmand Pastries, Spezialist f\u00fcr Gro\u00dfhandel und Vertrieb.","breadcrumb":{"@id":"https:\/\/gourmandpastries.com\/de\/fur-wen\/groshandel-vertrieb\/#breadcrumb"},"inLanguage":"de","potentialAction":[{"@type":"ReadAction","target":["https:\/\/gourmandpastries.com\/de\/fur-wen\/groshandel-vertrieb\/"]}]},{"@type":"BreadcrumbList","@id":"https:\/\/gourmandpastries.com\/de\/fur-wen\/groshandel-vertrieb\/#breadcrumb","itemListElement":[{"@type":"ListItem","position":1,"name":"Home","item":"https:\/\/gourmandpastries.com\/de\/"},{"@type":"ListItem","position":2,"name":"F\u00fcr wen?","item":"https:\/\/gourmandpastries.com\/de\/fur-wen\/"},{"@type":"ListItem","position":3,"name":"Gro\u00dfhandel und Vertrieb"}]},{"@type":"WebSite","@id":"https:\/\/gourmandpastries.com\/de\/#website","url":"https:\/\/gourmandpastries.com\/de\/","name":"Gourmand Pastries","description":"","publisher":{"@id":"https:\/\/gourmandpastries.com\/de\/#organization"},"potentialAction":[{"@type":"SearchAction","target":{"@type":"EntryPoint","urlTemplate":"https:\/\/gourmandpastries.com\/de\/?s={search_term_string}"},"query-input":{"@type":"PropertyValueSpecification","valueRequired":true,"valueName":"search_term_string"}}],"inLanguage":"de"},{"@type":"Organization","@id":"https:\/\/gourmandpastries.com\/de\/#organization","name":"Gourmand Pastries","url":"https:\/\/gourmandpastries.com\/de\/","logo":{"@type":"ImageObject","inLanguage":"de","@id":"https:\/\/gourmandpastries.com\/de\/#\/schema\/logo\/image\/","url":"https:\/\/gourmandpastries.com\/wp-content\/uploads\/2024\/06\/Logo_Gourmand_Pastries-kopie.jpg","contentUrl":"https:\/\/gourmandpastries.com\/wp-content\/uploads\/2024\/06\/Logo_Gourmand_Pastries-kopie.jpg","width":591,"height":591,"caption":"Gourmand Pastries"},"image":{"@id":"https:\/\/gourmandpastries.com\/de\/#\/schema\/logo\/image\/"},"sameAs":["https:\/\/www.facebook.com\/people\/Gourmand-Pastries\/100068122835291\/","https:\/\/www.instagram.com\/gourmand__pastries\/","https:\/\/www.linkedin.com\/company\/gourmandpastries"]}]}},"_links":{"self":[{"href":"https:\/\/gourmandpastries.com\/de\/wp-json\/wp\/v2\/pages\/9924","targetHints":{"allow":["GET"]}}],"collection":[{"href":"https:\/\/gourmandpastries.com\/de\/wp-json\/wp\/v2\/pages"}],"about":[{"href":"https:\/\/gourmandpastries.com\/de\/wp-json\/wp\/v2\/types\/page"}],"author":[{"embeddable":true,"href":"https:\/\/gourmandpastries.com\/de\/wp-json\/wp\/v2\/users\/1"}],"replies":[{"embeddable":true,"href":"https:\/\/gourmandpastries.com\/de\/wp-json\/wp\/v2\/comments?post=9924"}],"version-history":[{"count":3,"href":"https:\/\/gourmandpastries.com\/de\/wp-json\/wp\/v2\/pages\/9924\/revisions"}],"predecessor-version":[{"id":11261,"href":"https:\/\/gourmandpastries.com\/de\/wp-json\/wp\/v2\/pages\/9924\/revisions\/11261"}],"up":[{"embeddable":true,"href":"https:\/\/gourmandpastries.com\/de\/wp-json\/wp\/v2\/pages\/9915"}],"wp:attachment":[{"href":"https:\/\/gourmandpastries.com\/de\/wp-json\/wp\/v2\/media?parent=9924"}],"curies":[{"name":"wp","href":"https:\/\/api.w.org\/{rel}","templated":true}]}}