{"id":9915,"date":"2024-05-04T10:43:34","date_gmt":"2024-05-04T10:43:34","guid":{"rendered":"https:\/\/gourmandpastries.com\/voor-wie\/"},"modified":"2024-08-27T14:32:10","modified_gmt":"2024-08-27T14:32:10","slug":"fur-wen","status":"publish","type":"page","link":"https:\/\/gourmandpastries.com\/de\/fur-wen\/","title":{"rendered":"F\u00fcr wen?"},"content":{"rendered":"","protected":false},"excerpt":{"rendered":"","protected":false},"author":1,"featured_media":0,"parent":0,"menu_order":0,"comment_status":"closed","ping_status":"closed","template":"","meta":{"_acf_changed":false,"footnotes":""},"class_list":["post-9915","page","type-page","status-publish","hentry"],"acf":[],"yoast_head":"<!-- This site is optimized with the Yoast SEO plugin v27.3 - https:\/\/yoast.com\/product\/yoast-seo-wordpress\/ -->\n<title>F\u00fcr wen? Tiefk\u00fchlbackwaren, Croissants f\u00fcr Fachleute - Gourmand Pastries<\/title>\n<meta name=\"description\" content=\"Tiefgefrorene Aufbackbr\u00f6tchen, Croissants, Feingeb\u00e4ck von Gourmand f\u00fcr Gastronomie, Einzelhandel, Vertrieb, Gro\u00dfhandel und B\u00e4cker\/Gro\u00dfb\u00e4ckerei\" \/>\n<meta name=\"robots\" content=\"index, follow, max-snippet:-1, max-image-preview:large, max-video-preview:-1\" \/>\n<link rel=\"canonical\" href=\"https:\/\/gourmandpastries.com\/de\/fur-wen\/\" \/>\n<meta property=\"og:locale\" content=\"de_DE\" \/>\n<meta property=\"og:type\" content=\"article\" \/>\n<meta property=\"og:title\" content=\"F\u00fcr wen? Tiefk\u00fchlbackwaren, Croissants f\u00fcr Fachleute - Gourmand Pastries\" \/>\n<meta property=\"og:description\" content=\"Tiefgefrorene Aufbackbr\u00f6tchen, Croissants, Feingeb\u00e4ck von Gourmand f\u00fcr Gastronomie, Einzelhandel, Vertrieb, Gro\u00dfhandel und B\u00e4cker\/Gro\u00dfb\u00e4ckerei\" \/>\n<meta property=\"og:url\" content=\"https:\/\/gourmandpastries.com\/de\/fur-wen\/\" \/>\n<meta property=\"og:site_name\" content=\"Gourmand Pastries\" \/>\n<meta property=\"article:publisher\" content=\"https:\/\/www.facebook.com\/people\/Gourmand-Pastries\/100068122835291\/\" \/>\n<meta property=\"article:modified_time\" content=\"2024-08-27T14:32:10+00:00\" \/>\n<meta name=\"twitter:card\" content=\"summary_large_image\" \/>\n<script type=\"application\/ld+json\" class=\"yoast-schema-graph\">{\"@context\":\"https:\\\/\\\/schema.org\",\"@graph\":[{\"@type\":\"WebPage\",\"@id\":\"https:\\\/\\\/gourmandpastries.com\\\/de\\\/fur-wen\\\/\",\"url\":\"https:\\\/\\\/gourmandpastries.com\\\/de\\\/fur-wen\\\/\",\"name\":\"F\u00fcr wen? Tiefk\u00fchlbackwaren, Croissants f\u00fcr Fachleute - Gourmand Pastries\",\"isPartOf\":{\"@id\":\"https:\\\/\\\/gourmandpastries.com\\\/de\\\/#website\"},\"datePublished\":\"2024-05-04T10:43:34+00:00\",\"dateModified\":\"2024-08-27T14:32:10+00:00\",\"description\":\"Tiefgefrorene Aufbackbr\u00f6tchen, Croissants, Feingeb\u00e4ck von Gourmand f\u00fcr Gastronomie, Einzelhandel, Vertrieb, Gro\u00dfhandel und B\u00e4cker\\\/Gro\u00dfb\u00e4ckerei\",\"breadcrumb\":{\"@id\":\"https:\\\/\\\/gourmandpastries.com\\\/de\\\/fur-wen\\\/#breadcrumb\"},\"inLanguage\":\"de\",\"potentialAction\":[{\"@type\":\"ReadAction\",\"target\":[\"https:\\\/\\\/gourmandpastries.com\\\/de\\\/fur-wen\\\/\"]}]},{\"@type\":\"BreadcrumbList\",\"@id\":\"https:\\\/\\\/gourmandpastries.com\\\/de\\\/fur-wen\\\/#breadcrumb\",\"itemListElement\":[{\"@type\":\"ListItem\",\"position\":1,\"name\":\"Home\",\"item\":\"https:\\\/\\\/gourmandpastries.com\\\/de\\\/\"},{\"@type\":\"ListItem\",\"position\":2,\"name\":\"F\u00fcr wen?\"}]},{\"@type\":\"WebSite\",\"@id\":\"https:\\\/\\\/gourmandpastries.com\\\/de\\\/#website\",\"url\":\"https:\\\/\\\/gourmandpastries.com\\\/de\\\/\",\"name\":\"Gourmand Pastries\",\"description\":\"\",\"publisher\":{\"@id\":\"https:\\\/\\\/gourmandpastries.com\\\/de\\\/#organization\"},\"potentialAction\":[{\"@type\":\"SearchAction\",\"target\":{\"@type\":\"EntryPoint\",\"urlTemplate\":\"https:\\\/\\\/gourmandpastries.com\\\/de\\\/?s={search_term_string}\"},\"query-input\":{\"@type\":\"PropertyValueSpecification\",\"valueRequired\":true,\"valueName\":\"search_term_string\"}}],\"inLanguage\":\"de\"},{\"@type\":\"Organization\",\"@id\":\"https:\\\/\\\/gourmandpastries.com\\\/de\\\/#organization\",\"name\":\"Gourmand Pastries\",\"url\":\"https:\\\/\\\/gourmandpastries.com\\\/de\\\/\",\"logo\":{\"@type\":\"ImageObject\",\"inLanguage\":\"de\",\"@id\":\"https:\\\/\\\/gourmandpastries.com\\\/de\\\/#\\\/schema\\\/logo\\\/image\\\/\",\"url\":\"https:\\\/\\\/gourmandpastries.com\\\/wp-content\\\/uploads\\\/2024\\\/06\\\/Logo_Gourmand_Pastries-kopie.jpg\",\"contentUrl\":\"https:\\\/\\\/gourmandpastries.com\\\/wp-content\\\/uploads\\\/2024\\\/06\\\/Logo_Gourmand_Pastries-kopie.jpg\",\"width\":591,\"height\":591,\"caption\":\"Gourmand Pastries\"},\"image\":{\"@id\":\"https:\\\/\\\/gourmandpastries.com\\\/de\\\/#\\\/schema\\\/logo\\\/image\\\/\"},\"sameAs\":[\"https:\\\/\\\/www.facebook.com\\\/people\\\/Gourmand-Pastries\\\/100068122835291\\\/\",\"https:\\\/\\\/www.instagram.com\\\/gourmand__pastries\\\/\",\"https:\\\/\\\/www.linkedin.com\\\/company\\\/gourmandpastries\"]}]}<\/script>\n<!-- \/ Yoast SEO plugin. -->","yoast_head_json":{"title":"F\u00fcr wen? Tiefk\u00fchlbackwaren, Croissants f\u00fcr Fachleute - Gourmand Pastries","description":"Tiefgefrorene Aufbackbr\u00f6tchen, Croissants, Feingeb\u00e4ck von Gourmand f\u00fcr Gastronomie, Einzelhandel, Vertrieb, Gro\u00dfhandel und B\u00e4cker\/Gro\u00dfb\u00e4ckerei","robots":{"index":"index","follow":"follow","max-snippet":"max-snippet:-1","max-image-preview":"max-image-preview:large","max-video-preview":"max-video-preview:-1"},"canonical":"https:\/\/gourmandpastries.com\/de\/fur-wen\/","og_locale":"de_DE","og_type":"article","og_title":"F\u00fcr wen? Tiefk\u00fchlbackwaren, Croissants f\u00fcr Fachleute - Gourmand Pastries","og_description":"Tiefgefrorene Aufbackbr\u00f6tchen, Croissants, Feingeb\u00e4ck von Gourmand f\u00fcr Gastronomie, Einzelhandel, Vertrieb, Gro\u00dfhandel und B\u00e4cker\/Gro\u00dfb\u00e4ckerei","og_url":"https:\/\/gourmandpastries.com\/de\/fur-wen\/","og_site_name":"Gourmand Pastries","article_publisher":"https:\/\/www.facebook.com\/people\/Gourmand-Pastries\/100068122835291\/","article_modified_time":"2024-08-27T14:32:10+00:00","twitter_card":"summary_large_image","schema":{"@context":"https:\/\/schema.org","@graph":[{"@type":"WebPage","@id":"https:\/\/gourmandpastries.com\/de\/fur-wen\/","url":"https:\/\/gourmandpastries.com\/de\/fur-wen\/","name":"F\u00fcr wen? Tiefk\u00fchlbackwaren, Croissants f\u00fcr Fachleute - Gourmand Pastries","isPartOf":{"@id":"https:\/\/gourmandpastries.com\/de\/#website"},"datePublished":"2024-05-04T10:43:34+00:00","dateModified":"2024-08-27T14:32:10+00:00","description":"Tiefgefrorene Aufbackbr\u00f6tchen, Croissants, Feingeb\u00e4ck von Gourmand f\u00fcr Gastronomie, Einzelhandel, Vertrieb, Gro\u00dfhandel und B\u00e4cker\/Gro\u00dfb\u00e4ckerei","breadcrumb":{"@id":"https:\/\/gourmandpastries.com\/de\/fur-wen\/#breadcrumb"},"inLanguage":"de","potentialAction":[{"@type":"ReadAction","target":["https:\/\/gourmandpastries.com\/de\/fur-wen\/"]}]},{"@type":"BreadcrumbList","@id":"https:\/\/gourmandpastries.com\/de\/fur-wen\/#breadcrumb","itemListElement":[{"@type":"ListItem","position":1,"name":"Home","item":"https:\/\/gourmandpastries.com\/de\/"},{"@type":"ListItem","position":2,"name":"F\u00fcr wen?"}]},{"@type":"WebSite","@id":"https:\/\/gourmandpastries.com\/de\/#website","url":"https:\/\/gourmandpastries.com\/de\/","name":"Gourmand Pastries","description":"","publisher":{"@id":"https:\/\/gourmandpastries.com\/de\/#organization"},"potentialAction":[{"@type":"SearchAction","target":{"@type":"EntryPoint","urlTemplate":"https:\/\/gourmandpastries.com\/de\/?s={search_term_string}"},"query-input":{"@type":"PropertyValueSpecification","valueRequired":true,"valueName":"search_term_string"}}],"inLanguage":"de"},{"@type":"Organization","@id":"https:\/\/gourmandpastries.com\/de\/#organization","name":"Gourmand Pastries","url":"https:\/\/gourmandpastries.com\/de\/","logo":{"@type":"ImageObject","inLanguage":"de","@id":"https:\/\/gourmandpastries.com\/de\/#\/schema\/logo\/image\/","url":"https:\/\/gourmandpastries.com\/wp-content\/uploads\/2024\/06\/Logo_Gourmand_Pastries-kopie.jpg","contentUrl":"https:\/\/gourmandpastries.com\/wp-content\/uploads\/2024\/06\/Logo_Gourmand_Pastries-kopie.jpg","width":591,"height":591,"caption":"Gourmand Pastries"},"image":{"@id":"https:\/\/gourmandpastries.com\/de\/#\/schema\/logo\/image\/"},"sameAs":["https:\/\/www.facebook.com\/people\/Gourmand-Pastries\/100068122835291\/","https:\/\/www.instagram.com\/gourmand__pastries\/","https:\/\/www.linkedin.com\/company\/gourmandpastries"]}]}},"_links":{"self":[{"href":"https:\/\/gourmandpastries.com\/de\/wp-json\/wp\/v2\/pages\/9915","targetHints":{"allow":["GET"]}}],"collection":[{"href":"https:\/\/gourmandpastries.com\/de\/wp-json\/wp\/v2\/pages"}],"about":[{"href":"https:\/\/gourmandpastries.com\/de\/wp-json\/wp\/v2\/types\/page"}],"author":[{"embeddable":true,"href":"https:\/\/gourmandpastries.com\/de\/wp-json\/wp\/v2\/users\/1"}],"replies":[{"embeddable":true,"href":"https:\/\/gourmandpastries.com\/de\/wp-json\/wp\/v2\/comments?post=9915"}],"version-history":[{"count":4,"href":"https:\/\/gourmandpastries.com\/de\/wp-json\/wp\/v2\/pages\/9915\/revisions"}],"predecessor-version":[{"id":12075,"href":"https:\/\/gourmandpastries.com\/de\/wp-json\/wp\/v2\/pages\/9915\/revisions\/12075"}],"wp:attachment":[{"href":"https:\/\/gourmandpastries.com\/de\/wp-json\/wp\/v2\/media?parent=9915"}],"curies":[{"name":"wp","href":"https:\/\/api.w.org\/{rel}","templated":true}]}}