{"id":9896,"date":"2024-05-19T15:09:41","date_gmt":"2024-05-19T15:09:41","guid":{"rendered":"https:\/\/gourmandpastries.com\/duurzaamheid\/"},"modified":"2024-12-19T12:44:22","modified_gmt":"2024-12-19T12:44:22","slug":"nachhaltigkeit","status":"publish","type":"page","link":"https:\/\/gourmandpastries.com\/de\/uber-uns\/nachhaltigkeit\/","title":{"rendered":"Nachhaltigkeit"},"content":{"rendered":"<h1>Nachhaltigkeitsverpflichtung<\/h1>\n<h3>Initiativen zur Verbesserung unserer \u00d6kobilanz.<\/h3>\n<p><a href=\"https:\/\/gourmandpastries.com\/de\/uber-uns\/\">Gourmand Pastries<\/a> ist der festen \u00dcberzeugung, dass heute Ma\u00dfnahmen ergriffen werden m\u00fcssen, um unseren Erfolg in der Zukunft zu sichern. Deshalb arbeiten wir gemeinsam mit Kunden, Zulieferern und Dritten daran, die Nachhaltigkeit entlang der gesamten Wertsch\u00f6pfungskette zu verbessern.<\/p>\n<p>Um dieser Verpflichtung nachzukommen, konzentrieren wir uns auf drei Hauptpfeiler:<\/p>\n<ul>\n<li><a href=\"#Abfall\">Abfall<\/a><\/li>\n<li><a href=\"#Energie\">Energie<\/a><\/li>\n<li><a href=\"#Einkauf\">Einkauf<\/a><\/li>\n<li><a href=\"#Menschen\">Menschen<\/a><\/li>\n<\/ul>\n","protected":false},"excerpt":{"rendered":"<p>Nachhaltigkeitsverpflichtung Initiativen zur Verbesserung unserer \u00d6kobilanz. Gourmand Pastries ist der festen \u00dcberzeugung, dass heute Ma\u00dfnahmen ergriffen werden m\u00fcssen, um unseren Erfolg in der Zukunft zu sichern. Deshalb arbeiten wir gemeinsam mit Kunden, Zulieferern und Dritten daran, die Nachhaltigkeit entlang der gesamten Wertsch\u00f6pfungskette zu verbessern. Um dieser Verpflichtung nachzukommen, konzentrieren wir uns auf drei Hauptpfeiler: Abfall [&hellip;]<\/p>\n","protected":false},"author":2,"featured_media":11160,"parent":10629,"menu_order":0,"comment_status":"closed","ping_status":"closed","template":"","meta":{"_acf_changed":false,"footnotes":""},"class_list":["post-9896","page","type-page","status-publish","has-post-thumbnail","hentry"],"acf":[],"yoast_head":"<!-- This site is optimized with the Yoast SEO plugin v27.3 - https:\/\/yoast.com\/product\/yoast-seo-wordpress\/ -->\n<title>Nachhaltigkeit - Alles \u00fcber Gourmand Pastries Tiefk\u00fchlbackwaren - Gourmand Pastries<\/title>\n<meta name=\"description\" content=\"Lesen Sie alles \u00fcber Gourmand Pastries, Hersteller von industriellen Bl\u00e4tterteigprodukten (Backwaren, Feingeb\u00e4ck, Croissants, Plundergeb\u00e4ck).\" \/>\n<meta name=\"robots\" content=\"index, follow, max-snippet:-1, max-image-preview:large, max-video-preview:-1\" \/>\n<link rel=\"canonical\" href=\"https:\/\/gourmandpastries.com\/de\/uber-uns\/nachhaltigkeit\/\" \/>\n<meta property=\"og:locale\" content=\"de_DE\" \/>\n<meta property=\"og:type\" content=\"article\" \/>\n<meta property=\"og:title\" content=\"Nachhaltigkeit - Alles \u00fcber Gourmand Pastries Tiefk\u00fchlbackwaren - Gourmand Pastries\" \/>\n<meta property=\"og:description\" content=\"Lesen Sie alles \u00fcber Gourmand Pastries, Hersteller von industriellen Bl\u00e4tterteigprodukten (Backwaren, Feingeb\u00e4ck, Croissants, Plundergeb\u00e4ck).\" \/>\n<meta property=\"og:url\" content=\"https:\/\/gourmandpastries.com\/de\/uber-uns\/nachhaltigkeit\/\" \/>\n<meta property=\"og:site_name\" content=\"Gourmand Pastries\" \/>\n<meta property=\"article:publisher\" content=\"https:\/\/www.facebook.com\/people\/Gourmand-Pastries\/100068122835291\/\" \/>\n<meta property=\"article:modified_time\" content=\"2024-12-19T12:44:22+00:00\" \/>\n<meta property=\"og:image\" content=\"https:\/\/gourmandpastries.com\/wp-content\/uploads\/2024\/05\/Gourmand_duurzaamheid.jpg\" \/>\n\t<meta property=\"og:image:width\" content=\"960\" \/>\n\t<meta property=\"og:image:height\" content=\"606\" \/>\n\t<meta property=\"og:image:type\" content=\"image\/jpeg\" \/>\n<meta name=\"twitter:card\" content=\"summary_large_image\" \/>\n<meta name=\"twitter:label1\" content=\"Gesch\u00e4tzte Lesezeit\" \/>\n\t<meta name=\"twitter:data1\" content=\"1\u00a0Minute\" \/>\n<script type=\"application\/ld+json\" class=\"yoast-schema-graph\">{\"@context\":\"https:\\\/\\\/schema.org\",\"@graph\":[{\"@type\":\"WebPage\",\"@id\":\"https:\\\/\\\/gourmandpastries.com\\\/de\\\/uber-uns\\\/nachhaltigkeit\\\/\",\"url\":\"https:\\\/\\\/gourmandpastries.com\\\/de\\\/uber-uns\\\/nachhaltigkeit\\\/\",\"name\":\"Nachhaltigkeit - Alles \u00fcber Gourmand Pastries Tiefk\u00fchlbackwaren - Gourmand Pastries\",\"isPartOf\":{\"@id\":\"https:\\\/\\\/gourmandpastries.com\\\/de\\\/#website\"},\"primaryImageOfPage\":{\"@id\":\"https:\\\/\\\/gourmandpastries.com\\\/de\\\/uber-uns\\\/nachhaltigkeit\\\/#primaryimage\"},\"image\":{\"@id\":\"https:\\\/\\\/gourmandpastries.com\\\/de\\\/uber-uns\\\/nachhaltigkeit\\\/#primaryimage\"},\"thumbnailUrl\":\"https:\\\/\\\/gourmandpastries.com\\\/wp-content\\\/uploads\\\/2024\\\/05\\\/Gourmand_duurzaamheid.jpg\",\"datePublished\":\"2024-05-19T15:09:41+00:00\",\"dateModified\":\"2024-12-19T12:44:22+00:00\",\"description\":\"Lesen Sie alles \u00fcber Gourmand Pastries, Hersteller von industriellen Bl\u00e4tterteigprodukten (Backwaren, Feingeb\u00e4ck, Croissants, Plundergeb\u00e4ck).\",\"breadcrumb\":{\"@id\":\"https:\\\/\\\/gourmandpastries.com\\\/de\\\/uber-uns\\\/nachhaltigkeit\\\/#breadcrumb\"},\"inLanguage\":\"de\",\"potentialAction\":[{\"@type\":\"ReadAction\",\"target\":[\"https:\\\/\\\/gourmandpastries.com\\\/de\\\/uber-uns\\\/nachhaltigkeit\\\/\"]}]},{\"@type\":\"ImageObject\",\"inLanguage\":\"de\",\"@id\":\"https:\\\/\\\/gourmandpastries.com\\\/de\\\/uber-uns\\\/nachhaltigkeit\\\/#primaryimage\",\"url\":\"https:\\\/\\\/gourmandpastries.com\\\/wp-content\\\/uploads\\\/2024\\\/05\\\/Gourmand_duurzaamheid.jpg\",\"contentUrl\":\"https:\\\/\\\/gourmandpastries.com\\\/wp-content\\\/uploads\\\/2024\\\/05\\\/Gourmand_duurzaamheid.jpg\",\"width\":960,\"height\":606,\"caption\":\"over Gourmand Pastries bake-off koffiekoeken duurzaamheid\"},{\"@type\":\"BreadcrumbList\",\"@id\":\"https:\\\/\\\/gourmandpastries.com\\\/de\\\/uber-uns\\\/nachhaltigkeit\\\/#breadcrumb\",\"itemListElement\":[{\"@type\":\"ListItem\",\"position\":1,\"name\":\"Home\",\"item\":\"https:\\\/\\\/gourmandpastries.com\\\/de\\\/\"},{\"@type\":\"ListItem\",\"position\":2,\"name\":\"\u00dcber uns\",\"item\":\"https:\\\/\\\/gourmandpastries.com\\\/de\\\/uber-uns\\\/\"},{\"@type\":\"ListItem\",\"position\":3,\"name\":\"Nachhaltigkeit\"}]},{\"@type\":\"WebSite\",\"@id\":\"https:\\\/\\\/gourmandpastries.com\\\/de\\\/#website\",\"url\":\"https:\\\/\\\/gourmandpastries.com\\\/de\\\/\",\"name\":\"Gourmand Pastries\",\"description\":\"\",\"publisher\":{\"@id\":\"https:\\\/\\\/gourmandpastries.com\\\/de\\\/#organization\"},\"potentialAction\":[{\"@type\":\"SearchAction\",\"target\":{\"@type\":\"EntryPoint\",\"urlTemplate\":\"https:\\\/\\\/gourmandpastries.com\\\/de\\\/?s={search_term_string}\"},\"query-input\":{\"@type\":\"PropertyValueSpecification\",\"valueRequired\":true,\"valueName\":\"search_term_string\"}}],\"inLanguage\":\"de\"},{\"@type\":\"Organization\",\"@id\":\"https:\\\/\\\/gourmandpastries.com\\\/de\\\/#organization\",\"name\":\"Gourmand Pastries\",\"url\":\"https:\\\/\\\/gourmandpastries.com\\\/de\\\/\",\"logo\":{\"@type\":\"ImageObject\",\"inLanguage\":\"de\",\"@id\":\"https:\\\/\\\/gourmandpastries.com\\\/de\\\/#\\\/schema\\\/logo\\\/image\\\/\",\"url\":\"https:\\\/\\\/gourmandpastries.com\\\/wp-content\\\/uploads\\\/2024\\\/06\\\/Logo_Gourmand_Pastries-kopie.jpg\",\"contentUrl\":\"https:\\\/\\\/gourmandpastries.com\\\/wp-content\\\/uploads\\\/2024\\\/06\\\/Logo_Gourmand_Pastries-kopie.jpg\",\"width\":591,\"height\":591,\"caption\":\"Gourmand Pastries\"},\"image\":{\"@id\":\"https:\\\/\\\/gourmandpastries.com\\\/de\\\/#\\\/schema\\\/logo\\\/image\\\/\"},\"sameAs\":[\"https:\\\/\\\/www.facebook.com\\\/people\\\/Gourmand-Pastries\\\/100068122835291\\\/\",\"https:\\\/\\\/www.instagram.com\\\/gourmand__pastries\\\/\",\"https:\\\/\\\/www.linkedin.com\\\/company\\\/gourmandpastries\"]}]}<\/script>\n<!-- \/ Yoast SEO plugin. -->","yoast_head_json":{"title":"Nachhaltigkeit - Alles \u00fcber Gourmand Pastries Tiefk\u00fchlbackwaren - Gourmand Pastries","description":"Lesen Sie alles \u00fcber Gourmand Pastries, Hersteller von industriellen Bl\u00e4tterteigprodukten (Backwaren, Feingeb\u00e4ck, Croissants, Plundergeb\u00e4ck).","robots":{"index":"index","follow":"follow","max-snippet":"max-snippet:-1","max-image-preview":"max-image-preview:large","max-video-preview":"max-video-preview:-1"},"canonical":"https:\/\/gourmandpastries.com\/de\/uber-uns\/nachhaltigkeit\/","og_locale":"de_DE","og_type":"article","og_title":"Nachhaltigkeit - Alles \u00fcber Gourmand Pastries Tiefk\u00fchlbackwaren - Gourmand Pastries","og_description":"Lesen Sie alles \u00fcber Gourmand Pastries, Hersteller von industriellen Bl\u00e4tterteigprodukten (Backwaren, Feingeb\u00e4ck, Croissants, Plundergeb\u00e4ck).","og_url":"https:\/\/gourmandpastries.com\/de\/uber-uns\/nachhaltigkeit\/","og_site_name":"Gourmand Pastries","article_publisher":"https:\/\/www.facebook.com\/people\/Gourmand-Pastries\/100068122835291\/","article_modified_time":"2024-12-19T12:44:22+00:00","og_image":[{"width":960,"height":606,"url":"https:\/\/gourmandpastries.com\/wp-content\/uploads\/2024\/05\/Gourmand_duurzaamheid.jpg","type":"image\/jpeg"}],"twitter_card":"summary_large_image","twitter_misc":{"Gesch\u00e4tzte Lesezeit":"1\u00a0Minute"},"schema":{"@context":"https:\/\/schema.org","@graph":[{"@type":"WebPage","@id":"https:\/\/gourmandpastries.com\/de\/uber-uns\/nachhaltigkeit\/","url":"https:\/\/gourmandpastries.com\/de\/uber-uns\/nachhaltigkeit\/","name":"Nachhaltigkeit - Alles \u00fcber Gourmand Pastries Tiefk\u00fchlbackwaren - Gourmand Pastries","isPartOf":{"@id":"https:\/\/gourmandpastries.com\/de\/#website"},"primaryImageOfPage":{"@id":"https:\/\/gourmandpastries.com\/de\/uber-uns\/nachhaltigkeit\/#primaryimage"},"image":{"@id":"https:\/\/gourmandpastries.com\/de\/uber-uns\/nachhaltigkeit\/#primaryimage"},"thumbnailUrl":"https:\/\/gourmandpastries.com\/wp-content\/uploads\/2024\/05\/Gourmand_duurzaamheid.jpg","datePublished":"2024-05-19T15:09:41+00:00","dateModified":"2024-12-19T12:44:22+00:00","description":"Lesen Sie alles \u00fcber Gourmand Pastries, Hersteller von industriellen Bl\u00e4tterteigprodukten (Backwaren, Feingeb\u00e4ck, Croissants, Plundergeb\u00e4ck).","breadcrumb":{"@id":"https:\/\/gourmandpastries.com\/de\/uber-uns\/nachhaltigkeit\/#breadcrumb"},"inLanguage":"de","potentialAction":[{"@type":"ReadAction","target":["https:\/\/gourmandpastries.com\/de\/uber-uns\/nachhaltigkeit\/"]}]},{"@type":"ImageObject","inLanguage":"de","@id":"https:\/\/gourmandpastries.com\/de\/uber-uns\/nachhaltigkeit\/#primaryimage","url":"https:\/\/gourmandpastries.com\/wp-content\/uploads\/2024\/05\/Gourmand_duurzaamheid.jpg","contentUrl":"https:\/\/gourmandpastries.com\/wp-content\/uploads\/2024\/05\/Gourmand_duurzaamheid.jpg","width":960,"height":606,"caption":"over Gourmand Pastries bake-off koffiekoeken duurzaamheid"},{"@type":"BreadcrumbList","@id":"https:\/\/gourmandpastries.com\/de\/uber-uns\/nachhaltigkeit\/#breadcrumb","itemListElement":[{"@type":"ListItem","position":1,"name":"Home","item":"https:\/\/gourmandpastries.com\/de\/"},{"@type":"ListItem","position":2,"name":"\u00dcber uns","item":"https:\/\/gourmandpastries.com\/de\/uber-uns\/"},{"@type":"ListItem","position":3,"name":"Nachhaltigkeit"}]},{"@type":"WebSite","@id":"https:\/\/gourmandpastries.com\/de\/#website","url":"https:\/\/gourmandpastries.com\/de\/","name":"Gourmand Pastries","description":"","publisher":{"@id":"https:\/\/gourmandpastries.com\/de\/#organization"},"potentialAction":[{"@type":"SearchAction","target":{"@type":"EntryPoint","urlTemplate":"https:\/\/gourmandpastries.com\/de\/?s={search_term_string}"},"query-input":{"@type":"PropertyValueSpecification","valueRequired":true,"valueName":"search_term_string"}}],"inLanguage":"de"},{"@type":"Organization","@id":"https:\/\/gourmandpastries.com\/de\/#organization","name":"Gourmand Pastries","url":"https:\/\/gourmandpastries.com\/de\/","logo":{"@type":"ImageObject","inLanguage":"de","@id":"https:\/\/gourmandpastries.com\/de\/#\/schema\/logo\/image\/","url":"https:\/\/gourmandpastries.com\/wp-content\/uploads\/2024\/06\/Logo_Gourmand_Pastries-kopie.jpg","contentUrl":"https:\/\/gourmandpastries.com\/wp-content\/uploads\/2024\/06\/Logo_Gourmand_Pastries-kopie.jpg","width":591,"height":591,"caption":"Gourmand Pastries"},"image":{"@id":"https:\/\/gourmandpastries.com\/de\/#\/schema\/logo\/image\/"},"sameAs":["https:\/\/www.facebook.com\/people\/Gourmand-Pastries\/100068122835291\/","https:\/\/www.instagram.com\/gourmand__pastries\/","https:\/\/www.linkedin.com\/company\/gourmandpastries"]}]}},"_links":{"self":[{"href":"https:\/\/gourmandpastries.com\/de\/wp-json\/wp\/v2\/pages\/9896","targetHints":{"allow":["GET"]}}],"collection":[{"href":"https:\/\/gourmandpastries.com\/de\/wp-json\/wp\/v2\/pages"}],"about":[{"href":"https:\/\/gourmandpastries.com\/de\/wp-json\/wp\/v2\/types\/page"}],"author":[{"embeddable":true,"href":"https:\/\/gourmandpastries.com\/de\/wp-json\/wp\/v2\/users\/2"}],"replies":[{"embeddable":true,"href":"https:\/\/gourmandpastries.com\/de\/wp-json\/wp\/v2\/comments?post=9896"}],"version-history":[{"count":12,"href":"https:\/\/gourmandpastries.com\/de\/wp-json\/wp\/v2\/pages\/9896\/revisions"}],"predecessor-version":[{"id":12389,"href":"https:\/\/gourmandpastries.com\/de\/wp-json\/wp\/v2\/pages\/9896\/revisions\/12389"}],"up":[{"embeddable":true,"href":"https:\/\/gourmandpastries.com\/de\/wp-json\/wp\/v2\/pages\/10629"}],"wp:featuredmedia":[{"embeddable":true,"href":"https:\/\/gourmandpastries.com\/de\/wp-json\/wp\/v2\/media\/11160"}],"wp:attachment":[{"href":"https:\/\/gourmandpastries.com\/de\/wp-json\/wp\/v2\/media?parent=9896"}],"curies":[{"name":"wp","href":"https:\/\/api.w.org\/{rel}","templated":true}]}}