{"id":9636,"date":"2024-05-05T17:03:24","date_gmt":"2024-05-05T17:03:24","guid":{"rendered":"https:\/\/gourmandpastries.com\/contact\/"},"modified":"2025-04-01T14:44:03","modified_gmt":"2025-04-01T14:44:03","slug":"contact","status":"publish","type":"page","link":"https:\/\/gourmandpastries.com\/de\/kontakt\/","title":{"rendered":"Kontaktieren Sie uns"},"content":{"rendered":"<p>Sie haben eine Frage, einen Tipp oder eine Anregung? F\u00fcllen Sie bitte dieses Kontaktformular aus und wir setzen uns baldm\u00f6glichst mit Ihnen in Verbindung.<\/p>\n<p>&nbsp;<\/p>\n\n<div class=\"wpcf7 no-js\" id=\"wpcf7-f9170-o1\" lang=\"de-DE\" dir=\"ltr\" data-wpcf7-id=\"9170\">\n<div class=\"screen-reader-response\"><p role=\"status\" aria-live=\"polite\" aria-atomic=\"true\"><\/p> <ul><\/ul><\/div>\n<form action=\"\/de\/wp-json\/wp\/v2\/pages\/9636#wpcf7-f9170-o1\" method=\"post\" class=\"wpcf7-form init\" aria-label=\"Kontaktformular\" novalidate=\"novalidate\" data-status=\"init\">\n<fieldset class=\"hidden-fields-container\"><input type=\"hidden\" name=\"_wpcf7\" value=\"9170\" \/><input type=\"hidden\" name=\"_wpcf7_version\" value=\"6.1.5\" \/><input type=\"hidden\" name=\"_wpcf7_locale\" value=\"de_DE\" \/><input type=\"hidden\" name=\"_wpcf7_unit_tag\" value=\"wpcf7-f9170-o1\" \/><input type=\"hidden\" name=\"_wpcf7_container_post\" value=\"0\" \/><input type=\"hidden\" name=\"_wpcf7_posted_data_hash\" value=\"\" \/><input type=\"hidden\" name=\"_wpcf7_recaptcha_response\" value=\"\" \/>\n<\/fieldset>\n<div class=\"contact-form-wrapper\">\n\t<div class=\"form-control-wrapper\">\n\t\t<div class=\"form-control\">\n\t\t\t<p><span class=\"wpcf7-form-control-wrap\" data-name=\"naam\"><input size=\"40\" maxlength=\"400\" class=\"wpcf7-form-control wpcf7-text wpcf7-validates-as-required\" aria-required=\"true\" aria-invalid=\"false\" placeholder=\"Name\" value=\"\" type=\"text\" name=\"naam\" \/><\/span>\n\t\t\t<\/p>\n\t\t<\/div>\n\t\t<div class=\"form-control\">\n\t\t\t<p><span class=\"wpcf7-form-control-wrap\" data-name=\"voornaam\"><input size=\"40\" maxlength=\"400\" class=\"wpcf7-form-control wpcf7-text wpcf7-validates-as-required\" aria-required=\"true\" aria-invalid=\"false\" placeholder=\"Vorname\" value=\"\" type=\"text\" name=\"voornaam\" \/><\/span>\n\t\t\t<\/p>\n\t\t<\/div>\n\t<\/div>\n\t<div class=\"form-control-wrapper\">\n\t\t<div class=\"form-control\">\n\t\t\t<p><span class=\"wpcf7-form-control-wrap\" data-name=\"email-address\"><input size=\"40\" maxlength=\"400\" class=\"wpcf7-form-control wpcf7-email wpcf7-validates-as-required wpcf7-text wpcf7-validates-as-email\" aria-required=\"true\" aria-invalid=\"false\" placeholder=\"E-Mail Adresse\" value=\"\" type=\"email\" name=\"email-address\" \/><\/span>\n\t\t\t<\/p>\n\t\t<\/div>\n\t\t<div class=\"form-control\">\n\t\t\t<p><span class=\"wpcf7-form-control-wrap\" data-name=\"bedrijf\"><input size=\"40\" maxlength=\"400\" class=\"wpcf7-form-control wpcf7-text wpcf7-validates-as-required\" aria-required=\"true\" aria-invalid=\"false\" placeholder=\"Unternehmen\" value=\"\" type=\"text\" name=\"bedrijf\" \/><\/span>\n\t\t\t<\/p>\n\t\t<\/div>\n\t<\/div>\n\t<div class=\"form-control-wrapper\">\n\t\t<div class=\"form-control\">\n\t\t\t<p><span class=\"wpcf7-form-control-wrap\" data-name=\"postcode\"><input size=\"40\" maxlength=\"400\" class=\"wpcf7-form-control wpcf7-text wpcf7-validates-as-required\" aria-required=\"true\" aria-invalid=\"false\" placeholder=\"Postleitzahl\" value=\"\" type=\"text\" name=\"postcode\" \/><\/span>\n\t\t\t<\/p>\n\t\t<\/div>\n\t\t<div class=\"form-control\">\n\t\t\t<p><span class=\"wpcf7-form-control-wrap\" data-name=\"land\"><input size=\"40\" maxlength=\"400\" class=\"wpcf7-form-control wpcf7-text wpcf7-validates-as-required\" aria-required=\"true\" aria-invalid=\"false\" placeholder=\"Land\" value=\"\" type=\"text\" name=\"land\" \/><\/span>\n\t\t\t<\/p>\n\t\t<\/div>\n\t<\/div>\n\t<div class=\"form-control-wrapper\">\n\t\t<div class=\"form-control\">\n\t\t\t<p><span class=\"wpcf7-form-control-wrap\" data-name=\"bericht\"><textarea cols=\"40\" rows=\"10\" maxlength=\"2000\" class=\"wpcf7-form-control wpcf7-textarea wpcf7-validates-as-required\" aria-required=\"true\" aria-invalid=\"false\" placeholder=\"Nachricht\" name=\"bericht\"><\/textarea><\/span>\n\t\t\t<\/p>\n\t\t<\/div>\n\t\t<div class=\"form-control\">\n\t\t\t<div class=\"select-wrapper\">\n\t\t\t\t<p class=\"select-label font-montserat-light font-18 gray-color\">Ich bin ein\n\t\t\t\t<\/p>\n\t\t\t\t<p><span class=\"wpcf7-form-control-wrap\" data-name=\"interested-in\"><span class=\"wpcf7-form-control wpcf7-checkbox wpcf7-validates-as-required\"><span class=\"wpcf7-list-item first\"><label><input type=\"checkbox\" name=\"interested-in[]\" value=\"Food Service\" \/><span class=\"wpcf7-list-item-label\">Food Service<\/span><\/label><\/span><span class=\"wpcf7-list-item\"><label><input type=\"checkbox\" name=\"interested-in[]\" value=\"Einzelhandel\" \/><span class=\"wpcf7-list-item-label\">Einzelhandel<\/span><\/label><\/span><span class=\"wpcf7-list-item\"><label><input type=\"checkbox\" name=\"interested-in[]\" value=\"Grosshandel und Vertrieb\" \/><span class=\"wpcf7-list-item-label\">Grosshandel und Vertrieb<\/span><\/label><\/span><span class=\"wpcf7-list-item\"><label><input type=\"checkbox\" name=\"interested-in[]\" value=\"Grossb\u00e4ckereien\" \/><span class=\"wpcf7-list-item-label\">Grossb\u00e4ckereien<\/span><\/label><\/span><span class=\"wpcf7-list-item last\"><label><input type=\"checkbox\" name=\"interested-in[]\" value=\"Andere\" \/><span class=\"wpcf7-list-item-label\">Andere<\/span><\/label><\/span><\/span><\/span>\n\t\t\t\t<\/p>\n\t\t\t<\/div>\n\t\t<\/div>\n\t<\/div>\n\t<div class=\"form-control-wrapper\">\n\t\t<div class=\"form-control flex-start\">\n\t\t\t<p><span class=\"wpcf7-form-control-wrap\" data-name=\"gdpr\"><span class=\"wpcf7-form-control wpcf7-acceptance\"><span class=\"wpcf7-list-item\"><label><input type=\"checkbox\" name=\"gdpr\" value=\"1\" aria-invalid=\"false\" \/><span class=\"wpcf7-list-item-label\">Einverst\u00e4ndnis mit GDPR<\/span><\/label><\/span><\/span><\/span>\n\t\t\t<\/p>\n\t\t<\/div>\n\t<\/div>\n<\/div>\n<div class=\"contact-form-submit\">\n\t<p><input class=\"wpcf7-form-control wpcf7-submit has-spinner\" id=\"submit-btn\" type=\"submit\" value=\"Senden\" \/>\n\t<\/p>\n<\/div><div class=\"wpcf7-response-output\" aria-hidden=\"true\"><\/div>\n<\/form>\n<\/div>\n\n<p>&nbsp;<\/p>\n<h2>Firmensitz<\/h2>\n<p><strong>Gourmand Pastries S.A. <\/strong><\/p>\n<p>Dr\u00e8ve Gustave Fache 6 \u2022 7700 Mouscron \u2022 Belgium<\/p>\n<p>BTW\/VAT: BE 0425 877 807<\/p>\n<p>T +32 (0)56 85 90 90 \u2022 F +32 (0)56 85 90 76<\/p>\n<p><a href=\"mailto:info@gourmandpastries.com\">info@gourmandpastries.com<\/a> \u2022 <a href=\"http:\/\/www.gourmandpastries.com\">www.gourmandpastries.com<\/a><\/p>\n<h3><\/h3>\n<p>&nbsp;<\/p>\n<h2>Verkaufsb\u00fcro USA<\/h2>\n<p><strong>Gourmand Pastries Raleigh<\/strong><\/p>\n<p>7231 ACC Boulevard \u2022 Suite 107 \u2022 Raleigh NC 27617<\/p>\n<p>&nbsp;<\/p>\n<p><strong>Gourmand Pastries New-York<\/strong><\/p>\n<p>530 &#8211; 7th Avenue \u2022 Suite 902 \u2022 New York, New York 10018<\/p>\n<p>T +1 (984) 219 2800 \u2022 <a href=\"mailto:orders.us@gourmandpastries.com\">orders.us@gourmandpastries.com<\/a><\/p>\n<h3><\/h3>\n<p>&nbsp;<\/p>\n<h2>Verkaufsb\u00fcro Italien<\/h2>\n<p><strong>Gourmand Pastries Italia srl<\/strong><\/p>\n<p>Viale Abruzzi 94, 20131 Milano<\/p>\n<p>&nbsp;<\/p>\n<p><iframe loading=\"lazy\" style=\"border: 0;\" src=\"https:\/\/www.google.com\/maps\/embed?pb=!1m18!1m12!1m3!1d2524.769554970332!2d3.2506025768428928!3d50.74276286627333!2m3!1f0!2f0!3f0!3m2!1i1024!2i768!4f13.1!3m3!1m2!1s0x47c325b479227a8f%3A0x5314c8b1438644!2sGourmand%20Pastries!5e0!3m2!1snl!2sbe!4v1718109877653!5m2!1snl!2sbe\" width=\"600\" height=\"450\" allowfullscreen=\"allowfullscreen\" data-mce-fragment=\"1\"><\/iframe><\/p>\n<p>&nbsp;<\/p>\n","protected":false},"excerpt":{"rendered":"<p>Sie haben eine Frage, einen Tipp oder eine Anregung? F\u00fcllen Sie bitte dieses Kontaktformular aus und wir setzen uns baldm\u00f6glichst mit Ihnen in Verbindung. &nbsp; &nbsp; Firmensitz Gourmand Pastries S.A. Dr\u00e8ve Gustave Fache 6 \u2022 7700 Mouscron \u2022 Belgium BTW\/VAT: BE 0425 877 807 T +32 (0)56 85 90 90 \u2022 F +32 (0)56 85 [&hellip;]<\/p>\n","protected":false},"author":1,"featured_media":0,"parent":0,"menu_order":0,"comment_status":"closed","ping_status":"closed","template":"","meta":{"_acf_changed":false,"footnotes":""},"class_list":["post-9636","page","type-page","status-publish","hentry"],"acf":[],"yoast_head":"<!-- This site is optimized with the Yoast SEO plugin v27.3 - https:\/\/yoast.com\/product\/yoast-seo-wordpress\/ -->\n<title>Kontaktieren Sie uns - Gourmand Pastries<\/title>\n<meta name=\"description\" content=\"Sie haben eine Frage, einen Tipp oder eine Anregung? F\u00fcllen Sie bitte dieses Kontaktformular aus und wir setzen uns baldm\u00f6glichst mit Ihnen in\" \/>\n<meta name=\"robots\" content=\"index, follow, max-snippet:-1, max-image-preview:large, max-video-preview:-1\" \/>\n<link rel=\"canonical\" href=\"https:\/\/gourmandpastries.com\/de\/kontakt\/\" \/>\n<meta property=\"og:locale\" content=\"de_DE\" \/>\n<meta property=\"og:type\" content=\"article\" \/>\n<meta property=\"og:title\" content=\"Kontaktieren Sie uns - Gourmand Pastries\" \/>\n<meta property=\"og:description\" content=\"Sie haben eine Frage, einen Tipp oder eine Anregung? F\u00fcllen Sie bitte dieses Kontaktformular aus und wir setzen uns baldm\u00f6glichst mit Ihnen in\" \/>\n<meta property=\"og:url\" content=\"https:\/\/gourmandpastries.com\/de\/kontakt\/\" \/>\n<meta property=\"og:site_name\" content=\"Gourmand Pastries\" \/>\n<meta property=\"article:publisher\" content=\"https:\/\/www.facebook.com\/people\/Gourmand-Pastries\/100068122835291\/\" \/>\n<meta property=\"article:modified_time\" content=\"2025-04-01T14:44:03+00:00\" \/>\n<meta name=\"twitter:card\" content=\"summary_large_image\" \/>\n<meta name=\"twitter:label1\" content=\"Gesch\u00e4tzte Lesezeit\" \/>\n\t<meta name=\"twitter:data1\" content=\"1\u00a0Minute\" \/>\n<script type=\"application\/ld+json\" class=\"yoast-schema-graph\">{\"@context\":\"https:\\\/\\\/schema.org\",\"@graph\":[{\"@type\":\"WebPage\",\"@id\":\"https:\\\/\\\/gourmandpastries.com\\\/de\\\/kontakt\\\/\",\"url\":\"https:\\\/\\\/gourmandpastries.com\\\/de\\\/kontakt\\\/\",\"name\":\"Kontaktieren Sie uns - Gourmand Pastries\",\"isPartOf\":{\"@id\":\"https:\\\/\\\/gourmandpastries.com\\\/de\\\/#website\"},\"datePublished\":\"2024-05-05T17:03:24+00:00\",\"dateModified\":\"2025-04-01T14:44:03+00:00\",\"description\":\"Sie haben eine Frage, einen Tipp oder eine Anregung? F\u00fcllen Sie bitte dieses Kontaktformular aus und wir setzen uns baldm\u00f6glichst mit Ihnen in\",\"breadcrumb\":{\"@id\":\"https:\\\/\\\/gourmandpastries.com\\\/de\\\/kontakt\\\/#breadcrumb\"},\"inLanguage\":\"de\",\"potentialAction\":[{\"@type\":\"ReadAction\",\"target\":[\"https:\\\/\\\/gourmandpastries.com\\\/de\\\/kontakt\\\/\"]}]},{\"@type\":\"BreadcrumbList\",\"@id\":\"https:\\\/\\\/gourmandpastries.com\\\/de\\\/kontakt\\\/#breadcrumb\",\"itemListElement\":[{\"@type\":\"ListItem\",\"position\":1,\"name\":\"Home\",\"item\":\"https:\\\/\\\/gourmandpastries.com\\\/de\\\/\"},{\"@type\":\"ListItem\",\"position\":2,\"name\":\"Kontaktieren Sie uns\"}]},{\"@type\":\"WebSite\",\"@id\":\"https:\\\/\\\/gourmandpastries.com\\\/de\\\/#website\",\"url\":\"https:\\\/\\\/gourmandpastries.com\\\/de\\\/\",\"name\":\"Gourmand Pastries\",\"description\":\"\",\"publisher\":{\"@id\":\"https:\\\/\\\/gourmandpastries.com\\\/de\\\/#organization\"},\"potentialAction\":[{\"@type\":\"SearchAction\",\"target\":{\"@type\":\"EntryPoint\",\"urlTemplate\":\"https:\\\/\\\/gourmandpastries.com\\\/de\\\/?s={search_term_string}\"},\"query-input\":{\"@type\":\"PropertyValueSpecification\",\"valueRequired\":true,\"valueName\":\"search_term_string\"}}],\"inLanguage\":\"de\"},{\"@type\":\"Organization\",\"@id\":\"https:\\\/\\\/gourmandpastries.com\\\/de\\\/#organization\",\"name\":\"Gourmand Pastries\",\"url\":\"https:\\\/\\\/gourmandpastries.com\\\/de\\\/\",\"logo\":{\"@type\":\"ImageObject\",\"inLanguage\":\"de\",\"@id\":\"https:\\\/\\\/gourmandpastries.com\\\/de\\\/#\\\/schema\\\/logo\\\/image\\\/\",\"url\":\"https:\\\/\\\/gourmandpastries.com\\\/wp-content\\\/uploads\\\/2024\\\/06\\\/Logo_Gourmand_Pastries-kopie.jpg\",\"contentUrl\":\"https:\\\/\\\/gourmandpastries.com\\\/wp-content\\\/uploads\\\/2024\\\/06\\\/Logo_Gourmand_Pastries-kopie.jpg\",\"width\":591,\"height\":591,\"caption\":\"Gourmand Pastries\"},\"image\":{\"@id\":\"https:\\\/\\\/gourmandpastries.com\\\/de\\\/#\\\/schema\\\/logo\\\/image\\\/\"},\"sameAs\":[\"https:\\\/\\\/www.facebook.com\\\/people\\\/Gourmand-Pastries\\\/100068122835291\\\/\",\"https:\\\/\\\/www.instagram.com\\\/gourmand__pastries\\\/\",\"https:\\\/\\\/www.linkedin.com\\\/company\\\/gourmandpastries\"]}]}<\/script>\n<!-- \/ Yoast SEO plugin. -->","yoast_head_json":{"title":"Kontaktieren Sie uns - Gourmand Pastries","description":"Sie haben eine Frage, einen Tipp oder eine Anregung? F\u00fcllen Sie bitte dieses Kontaktformular aus und wir setzen uns baldm\u00f6glichst mit Ihnen in","robots":{"index":"index","follow":"follow","max-snippet":"max-snippet:-1","max-image-preview":"max-image-preview:large","max-video-preview":"max-video-preview:-1"},"canonical":"https:\/\/gourmandpastries.com\/de\/kontakt\/","og_locale":"de_DE","og_type":"article","og_title":"Kontaktieren Sie uns - Gourmand Pastries","og_description":"Sie haben eine Frage, einen Tipp oder eine Anregung? F\u00fcllen Sie bitte dieses Kontaktformular aus und wir setzen uns baldm\u00f6glichst mit Ihnen in","og_url":"https:\/\/gourmandpastries.com\/de\/kontakt\/","og_site_name":"Gourmand Pastries","article_publisher":"https:\/\/www.facebook.com\/people\/Gourmand-Pastries\/100068122835291\/","article_modified_time":"2025-04-01T14:44:03+00:00","twitter_card":"summary_large_image","twitter_misc":{"Gesch\u00e4tzte Lesezeit":"1\u00a0Minute"},"schema":{"@context":"https:\/\/schema.org","@graph":[{"@type":"WebPage","@id":"https:\/\/gourmandpastries.com\/de\/kontakt\/","url":"https:\/\/gourmandpastries.com\/de\/kontakt\/","name":"Kontaktieren Sie uns - Gourmand Pastries","isPartOf":{"@id":"https:\/\/gourmandpastries.com\/de\/#website"},"datePublished":"2024-05-05T17:03:24+00:00","dateModified":"2025-04-01T14:44:03+00:00","description":"Sie haben eine Frage, einen Tipp oder eine Anregung? F\u00fcllen Sie bitte dieses Kontaktformular aus und wir setzen uns baldm\u00f6glichst mit Ihnen in","breadcrumb":{"@id":"https:\/\/gourmandpastries.com\/de\/kontakt\/#breadcrumb"},"inLanguage":"de","potentialAction":[{"@type":"ReadAction","target":["https:\/\/gourmandpastries.com\/de\/kontakt\/"]}]},{"@type":"BreadcrumbList","@id":"https:\/\/gourmandpastries.com\/de\/kontakt\/#breadcrumb","itemListElement":[{"@type":"ListItem","position":1,"name":"Home","item":"https:\/\/gourmandpastries.com\/de\/"},{"@type":"ListItem","position":2,"name":"Kontaktieren Sie uns"}]},{"@type":"WebSite","@id":"https:\/\/gourmandpastries.com\/de\/#website","url":"https:\/\/gourmandpastries.com\/de\/","name":"Gourmand Pastries","description":"","publisher":{"@id":"https:\/\/gourmandpastries.com\/de\/#organization"},"potentialAction":[{"@type":"SearchAction","target":{"@type":"EntryPoint","urlTemplate":"https:\/\/gourmandpastries.com\/de\/?s={search_term_string}"},"query-input":{"@type":"PropertyValueSpecification","valueRequired":true,"valueName":"search_term_string"}}],"inLanguage":"de"},{"@type":"Organization","@id":"https:\/\/gourmandpastries.com\/de\/#organization","name":"Gourmand Pastries","url":"https:\/\/gourmandpastries.com\/de\/","logo":{"@type":"ImageObject","inLanguage":"de","@id":"https:\/\/gourmandpastries.com\/de\/#\/schema\/logo\/image\/","url":"https:\/\/gourmandpastries.com\/wp-content\/uploads\/2024\/06\/Logo_Gourmand_Pastries-kopie.jpg","contentUrl":"https:\/\/gourmandpastries.com\/wp-content\/uploads\/2024\/06\/Logo_Gourmand_Pastries-kopie.jpg","width":591,"height":591,"caption":"Gourmand Pastries"},"image":{"@id":"https:\/\/gourmandpastries.com\/de\/#\/schema\/logo\/image\/"},"sameAs":["https:\/\/www.facebook.com\/people\/Gourmand-Pastries\/100068122835291\/","https:\/\/www.instagram.com\/gourmand__pastries\/","https:\/\/www.linkedin.com\/company\/gourmandpastries"]}]}},"_links":{"self":[{"href":"https:\/\/gourmandpastries.com\/de\/wp-json\/wp\/v2\/pages\/9636","targetHints":{"allow":["GET"]}}],"collection":[{"href":"https:\/\/gourmandpastries.com\/de\/wp-json\/wp\/v2\/pages"}],"about":[{"href":"https:\/\/gourmandpastries.com\/de\/wp-json\/wp\/v2\/types\/page"}],"author":[{"embeddable":true,"href":"https:\/\/gourmandpastries.com\/de\/wp-json\/wp\/v2\/users\/1"}],"replies":[{"embeddable":true,"href":"https:\/\/gourmandpastries.com\/de\/wp-json\/wp\/v2\/comments?post=9636"}],"version-history":[{"count":13,"href":"https:\/\/gourmandpastries.com\/de\/wp-json\/wp\/v2\/pages\/9636\/revisions"}],"predecessor-version":[{"id":12631,"href":"https:\/\/gourmandpastries.com\/de\/wp-json\/wp\/v2\/pages\/9636\/revisions\/12631"}],"wp:attachment":[{"href":"https:\/\/gourmandpastries.com\/de\/wp-json\/wp\/v2\/media?parent=9636"}],"curies":[{"name":"wp","href":"https:\/\/api.w.org\/{rel}","templated":true}]}}