{"id":10629,"date":"2024-05-04T14:56:45","date_gmt":"2024-05-04T14:56:45","guid":{"rendered":"https:\/\/gourmandpastries.com\/over-ons\/"},"modified":"2026-01-05T14:38:25","modified_gmt":"2026-01-05T14:38:25","slug":"uber-uns","status":"publish","type":"page","link":"https:\/\/gourmandpastries.com\/de\/uber-uns\/","title":{"rendered":"\u00dcber uns"},"content":{"rendered":"<h2>Industrieller Hersteller von TK Backwaren, Feingeb\u00e4ck, Croissants und Plundergeb\u00e4ck aus Bl\u00e4tterteig<\/h2>\n<h3>Wer ist Gourmand Pastries?<\/h3>\n<p>Gourmand Pastries ist ein f\u00fchrender industrieller Hersteller von Backwaren, Feingeb\u00e4ck, Croissants und Plundergeb\u00e4ck aus Bl\u00e4tterteig zum Aufbacken f\u00fcr den professionellen Einsatz im Gastronomie- und Lebensmittelsektor. Gourmand Pastries wird f\u00fcr seine Qualit\u00e4t, sein fachkundiges Know-how und seinen Innovationsgeist gesch\u00e4tzt und gilt als zuverl\u00e4ssiger Partner f\u00fcr den professionellen <a href=\"https:\/\/gourmandpastries.com\/de\/fur-wen\/foodservice\/\">Foodservice<\/a>, <a href=\"https:\/\/gourmandpastries.com\/de\/fur-wen\/einzelhandel\/\">Einzelhandel<\/a>, <a href=\"https:\/\/gourmandpastries.com\/de\/fur-wen\/groshandel-vertrieb\/\">Vertrieb und Gro\u00dfhandel<\/a> sowie f\u00fcr <a href=\"https:\/\/gourmandpastries.com\/de\/fur-wen\/industriebacker-grosbackereien\/\">(industrielle) B\u00e4cker und Gro\u00dfb\u00e4ckereien<\/a>, die hochwertige Tiefk\u00fchlprodukte suchen, die den h\u00f6chsten Standards entsprechen.<\/p>\n","protected":false},"excerpt":{"rendered":"<p>Industrieller Hersteller von TK Backwaren, Feingeb\u00e4ck, Croissants und Plundergeb\u00e4ck aus Bl\u00e4tterteig Wer ist Gourmand Pastries? Gourmand Pastries ist ein f\u00fchrender industrieller Hersteller von Backwaren, Feingeb\u00e4ck, Croissants und Plundergeb\u00e4ck aus Bl\u00e4tterteig zum Aufbacken f\u00fcr den professionellen Einsatz im Gastronomie- und Lebensmittelsektor. Gourmand Pastries wird f\u00fcr seine Qualit\u00e4t, sein fachkundiges Know-how und seinen Innovationsgeist gesch\u00e4tzt und gilt [&hellip;]<\/p>\n","protected":false},"author":1,"featured_media":9288,"parent":0,"menu_order":0,"comment_status":"closed","ping_status":"closed","template":"page-aboutus.php","meta":{"_acf_changed":false,"footnotes":""},"class_list":["post-10629","page","type-page","status-publish","has-post-thumbnail","hentry"],"acf":[],"yoast_head":"<!-- This site is optimized with the Yoast SEO plugin v27.3 - https:\/\/yoast.com\/product\/yoast-seo-wordpress\/ -->\n<title>Alles \u00fcber Gourmand Pastries Tiefk\u00fchlbackwaren - Gourmand Pastries<\/title>\n<meta name=\"description\" content=\"Lesen Sie alles \u00fcber Gourmand Pastries, Hersteller von industriellen Bl\u00e4tterteigprodukten (Backwaren, Feingeb\u00e4ck, Croissants, Plundergeb\u00e4ck).\" \/>\n<meta name=\"robots\" content=\"index, follow, max-snippet:-1, max-image-preview:large, max-video-preview:-1\" \/>\n<link rel=\"canonical\" href=\"https:\/\/gourmandpastries.com\/de\/uber-uns\/\" \/>\n<meta property=\"og:locale\" content=\"de_DE\" \/>\n<meta property=\"og:type\" content=\"article\" \/>\n<meta property=\"og:title\" content=\"Alles \u00fcber Gourmand Pastries Tiefk\u00fchlbackwaren - Gourmand Pastries\" \/>\n<meta property=\"og:description\" content=\"Lesen Sie alles \u00fcber Gourmand Pastries, Hersteller von industriellen Bl\u00e4tterteigprodukten (Backwaren, Feingeb\u00e4ck, Croissants, Plundergeb\u00e4ck).\" \/>\n<meta property=\"og:url\" content=\"https:\/\/gourmandpastries.com\/de\/uber-uns\/\" \/>\n<meta property=\"og:site_name\" content=\"Gourmand Pastries\" \/>\n<meta property=\"article:publisher\" content=\"https:\/\/www.facebook.com\/people\/Gourmand-Pastries\/100068122835291\/\" \/>\n<meta property=\"article:modified_time\" content=\"2026-01-05T14:38:25+00:00\" \/>\n<meta property=\"og:image\" content=\"https:\/\/gourmandpastries.com\/wp-content\/uploads\/2024\/Atmosphere\/naamloos-147.jpg\" \/>\n\t<meta property=\"og:image:width\" content=\"960\" \/>\n\t<meta property=\"og:image:height\" content=\"606\" \/>\n\t<meta property=\"og:image:type\" content=\"image\/jpeg\" \/>\n<meta name=\"twitter:card\" content=\"summary_large_image\" \/>\n<meta name=\"twitter:label1\" content=\"Gesch\u00e4tzte Lesezeit\" \/>\n\t<meta name=\"twitter:data1\" content=\"1\u00a0Minute\" \/>\n<script type=\"application\/ld+json\" class=\"yoast-schema-graph\">{\"@context\":\"https:\\\/\\\/schema.org\",\"@graph\":[{\"@type\":\"WebPage\",\"@id\":\"https:\\\/\\\/gourmandpastries.com\\\/de\\\/uber-uns\\\/\",\"url\":\"https:\\\/\\\/gourmandpastries.com\\\/de\\\/uber-uns\\\/\",\"name\":\"Alles \u00fcber Gourmand Pastries Tiefk\u00fchlbackwaren - Gourmand Pastries\",\"isPartOf\":{\"@id\":\"https:\\\/\\\/gourmandpastries.com\\\/de\\\/#website\"},\"primaryImageOfPage\":{\"@id\":\"https:\\\/\\\/gourmandpastries.com\\\/de\\\/uber-uns\\\/#primaryimage\"},\"image\":{\"@id\":\"https:\\\/\\\/gourmandpastries.com\\\/de\\\/uber-uns\\\/#primaryimage\"},\"thumbnailUrl\":\"https:\\\/\\\/gourmandpastries.com\\\/wp-content\\\/uploads\\\/2024\\\/Atmosphere\\\/naamloos-147.jpg\",\"datePublished\":\"2024-05-04T14:56:45+00:00\",\"dateModified\":\"2026-01-05T14:38:25+00:00\",\"description\":\"Lesen Sie alles \u00fcber Gourmand Pastries, Hersteller von industriellen Bl\u00e4tterteigprodukten (Backwaren, Feingeb\u00e4ck, Croissants, Plundergeb\u00e4ck).\",\"breadcrumb\":{\"@id\":\"https:\\\/\\\/gourmandpastries.com\\\/de\\\/uber-uns\\\/#breadcrumb\"},\"inLanguage\":\"de\",\"potentialAction\":[{\"@type\":\"ReadAction\",\"target\":[\"https:\\\/\\\/gourmandpastries.com\\\/de\\\/uber-uns\\\/\"]}]},{\"@type\":\"ImageObject\",\"inLanguage\":\"de\",\"@id\":\"https:\\\/\\\/gourmandpastries.com\\\/de\\\/uber-uns\\\/#primaryimage\",\"url\":\"https:\\\/\\\/gourmandpastries.com\\\/wp-content\\\/uploads\\\/2024\\\/Atmosphere\\\/naamloos-147.jpg\",\"contentUrl\":\"https:\\\/\\\/gourmandpastries.com\\\/wp-content\\\/uploads\\\/2024\\\/Atmosphere\\\/naamloos-147.jpg\",\"width\":960,\"height\":606,\"caption\":\"over Gourmand Pastries bake-off koffiekoeken\"},{\"@type\":\"BreadcrumbList\",\"@id\":\"https:\\\/\\\/gourmandpastries.com\\\/de\\\/uber-uns\\\/#breadcrumb\",\"itemListElement\":[{\"@type\":\"ListItem\",\"position\":1,\"name\":\"Home\",\"item\":\"https:\\\/\\\/gourmandpastries.com\\\/de\\\/\"},{\"@type\":\"ListItem\",\"position\":2,\"name\":\"\u00dcber uns\"}]},{\"@type\":\"WebSite\",\"@id\":\"https:\\\/\\\/gourmandpastries.com\\\/de\\\/#website\",\"url\":\"https:\\\/\\\/gourmandpastries.com\\\/de\\\/\",\"name\":\"Gourmand Pastries\",\"description\":\"\",\"publisher\":{\"@id\":\"https:\\\/\\\/gourmandpastries.com\\\/de\\\/#organization\"},\"potentialAction\":[{\"@type\":\"SearchAction\",\"target\":{\"@type\":\"EntryPoint\",\"urlTemplate\":\"https:\\\/\\\/gourmandpastries.com\\\/de\\\/?s={search_term_string}\"},\"query-input\":{\"@type\":\"PropertyValueSpecification\",\"valueRequired\":true,\"valueName\":\"search_term_string\"}}],\"inLanguage\":\"de\"},{\"@type\":\"Organization\",\"@id\":\"https:\\\/\\\/gourmandpastries.com\\\/de\\\/#organization\",\"name\":\"Gourmand Pastries\",\"url\":\"https:\\\/\\\/gourmandpastries.com\\\/de\\\/\",\"logo\":{\"@type\":\"ImageObject\",\"inLanguage\":\"de\",\"@id\":\"https:\\\/\\\/gourmandpastries.com\\\/de\\\/#\\\/schema\\\/logo\\\/image\\\/\",\"url\":\"https:\\\/\\\/gourmandpastries.com\\\/wp-content\\\/uploads\\\/2024\\\/06\\\/Logo_Gourmand_Pastries-kopie.jpg\",\"contentUrl\":\"https:\\\/\\\/gourmandpastries.com\\\/wp-content\\\/uploads\\\/2024\\\/06\\\/Logo_Gourmand_Pastries-kopie.jpg\",\"width\":591,\"height\":591,\"caption\":\"Gourmand Pastries\"},\"image\":{\"@id\":\"https:\\\/\\\/gourmandpastries.com\\\/de\\\/#\\\/schema\\\/logo\\\/image\\\/\"},\"sameAs\":[\"https:\\\/\\\/www.facebook.com\\\/people\\\/Gourmand-Pastries\\\/100068122835291\\\/\",\"https:\\\/\\\/www.instagram.com\\\/gourmand__pastries\\\/\",\"https:\\\/\\\/www.linkedin.com\\\/company\\\/gourmandpastries\"]}]}<\/script>\n<!-- \/ Yoast SEO plugin. -->","yoast_head_json":{"title":"Alles \u00fcber Gourmand Pastries Tiefk\u00fchlbackwaren - Gourmand Pastries","description":"Lesen Sie alles \u00fcber Gourmand Pastries, Hersteller von industriellen Bl\u00e4tterteigprodukten (Backwaren, Feingeb\u00e4ck, Croissants, Plundergeb\u00e4ck).","robots":{"index":"index","follow":"follow","max-snippet":"max-snippet:-1","max-image-preview":"max-image-preview:large","max-video-preview":"max-video-preview:-1"},"canonical":"https:\/\/gourmandpastries.com\/de\/uber-uns\/","og_locale":"de_DE","og_type":"article","og_title":"Alles \u00fcber Gourmand Pastries Tiefk\u00fchlbackwaren - Gourmand Pastries","og_description":"Lesen Sie alles \u00fcber Gourmand Pastries, Hersteller von industriellen Bl\u00e4tterteigprodukten (Backwaren, Feingeb\u00e4ck, Croissants, Plundergeb\u00e4ck).","og_url":"https:\/\/gourmandpastries.com\/de\/uber-uns\/","og_site_name":"Gourmand Pastries","article_publisher":"https:\/\/www.facebook.com\/people\/Gourmand-Pastries\/100068122835291\/","article_modified_time":"2026-01-05T14:38:25+00:00","og_image":[{"width":960,"height":606,"url":"https:\/\/gourmandpastries.com\/wp-content\/uploads\/2024\/Atmosphere\/naamloos-147.jpg","type":"image\/jpeg"}],"twitter_card":"summary_large_image","twitter_misc":{"Gesch\u00e4tzte Lesezeit":"1\u00a0Minute"},"schema":{"@context":"https:\/\/schema.org","@graph":[{"@type":"WebPage","@id":"https:\/\/gourmandpastries.com\/de\/uber-uns\/","url":"https:\/\/gourmandpastries.com\/de\/uber-uns\/","name":"Alles \u00fcber Gourmand Pastries Tiefk\u00fchlbackwaren - Gourmand Pastries","isPartOf":{"@id":"https:\/\/gourmandpastries.com\/de\/#website"},"primaryImageOfPage":{"@id":"https:\/\/gourmandpastries.com\/de\/uber-uns\/#primaryimage"},"image":{"@id":"https:\/\/gourmandpastries.com\/de\/uber-uns\/#primaryimage"},"thumbnailUrl":"https:\/\/gourmandpastries.com\/wp-content\/uploads\/2024\/Atmosphere\/naamloos-147.jpg","datePublished":"2024-05-04T14:56:45+00:00","dateModified":"2026-01-05T14:38:25+00:00","description":"Lesen Sie alles \u00fcber Gourmand Pastries, Hersteller von industriellen Bl\u00e4tterteigprodukten (Backwaren, Feingeb\u00e4ck, Croissants, Plundergeb\u00e4ck).","breadcrumb":{"@id":"https:\/\/gourmandpastries.com\/de\/uber-uns\/#breadcrumb"},"inLanguage":"de","potentialAction":[{"@type":"ReadAction","target":["https:\/\/gourmandpastries.com\/de\/uber-uns\/"]}]},{"@type":"ImageObject","inLanguage":"de","@id":"https:\/\/gourmandpastries.com\/de\/uber-uns\/#primaryimage","url":"https:\/\/gourmandpastries.com\/wp-content\/uploads\/2024\/Atmosphere\/naamloos-147.jpg","contentUrl":"https:\/\/gourmandpastries.com\/wp-content\/uploads\/2024\/Atmosphere\/naamloos-147.jpg","width":960,"height":606,"caption":"over Gourmand Pastries bake-off koffiekoeken"},{"@type":"BreadcrumbList","@id":"https:\/\/gourmandpastries.com\/de\/uber-uns\/#breadcrumb","itemListElement":[{"@type":"ListItem","position":1,"name":"Home","item":"https:\/\/gourmandpastries.com\/de\/"},{"@type":"ListItem","position":2,"name":"\u00dcber uns"}]},{"@type":"WebSite","@id":"https:\/\/gourmandpastries.com\/de\/#website","url":"https:\/\/gourmandpastries.com\/de\/","name":"Gourmand Pastries","description":"","publisher":{"@id":"https:\/\/gourmandpastries.com\/de\/#organization"},"potentialAction":[{"@type":"SearchAction","target":{"@type":"EntryPoint","urlTemplate":"https:\/\/gourmandpastries.com\/de\/?s={search_term_string}"},"query-input":{"@type":"PropertyValueSpecification","valueRequired":true,"valueName":"search_term_string"}}],"inLanguage":"de"},{"@type":"Organization","@id":"https:\/\/gourmandpastries.com\/de\/#organization","name":"Gourmand Pastries","url":"https:\/\/gourmandpastries.com\/de\/","logo":{"@type":"ImageObject","inLanguage":"de","@id":"https:\/\/gourmandpastries.com\/de\/#\/schema\/logo\/image\/","url":"https:\/\/gourmandpastries.com\/wp-content\/uploads\/2024\/06\/Logo_Gourmand_Pastries-kopie.jpg","contentUrl":"https:\/\/gourmandpastries.com\/wp-content\/uploads\/2024\/06\/Logo_Gourmand_Pastries-kopie.jpg","width":591,"height":591,"caption":"Gourmand Pastries"},"image":{"@id":"https:\/\/gourmandpastries.com\/de\/#\/schema\/logo\/image\/"},"sameAs":["https:\/\/www.facebook.com\/people\/Gourmand-Pastries\/100068122835291\/","https:\/\/www.instagram.com\/gourmand__pastries\/","https:\/\/www.linkedin.com\/company\/gourmandpastries"]}]}},"_links":{"self":[{"href":"https:\/\/gourmandpastries.com\/de\/wp-json\/wp\/v2\/pages\/10629","targetHints":{"allow":["GET"]}}],"collection":[{"href":"https:\/\/gourmandpastries.com\/de\/wp-json\/wp\/v2\/pages"}],"about":[{"href":"https:\/\/gourmandpastries.com\/de\/wp-json\/wp\/v2\/types\/page"}],"author":[{"embeddable":true,"href":"https:\/\/gourmandpastries.com\/de\/wp-json\/wp\/v2\/users\/1"}],"replies":[{"embeddable":true,"href":"https:\/\/gourmandpastries.com\/de\/wp-json\/wp\/v2\/comments?post=10629"}],"version-history":[{"count":7,"href":"https:\/\/gourmandpastries.com\/de\/wp-json\/wp\/v2\/pages\/10629\/revisions"}],"predecessor-version":[{"id":14355,"href":"https:\/\/gourmandpastries.com\/de\/wp-json\/wp\/v2\/pages\/10629\/revisions\/14355"}],"wp:featuredmedia":[{"embeddable":true,"href":"https:\/\/gourmandpastries.com\/de\/wp-json\/wp\/v2\/media\/9288"}],"wp:attachment":[{"href":"https:\/\/gourmandpastries.com\/de\/wp-json\/wp\/v2\/media?parent=10629"}],"curies":[{"name":"wp","href":"https:\/\/api.w.org\/{rel}","templated":true}]}}